{"id":3806,"date":"2019-03-14T13:03:27","date_gmt":"2019-03-14T11:03:27","guid":{"rendered":"https:\/\/vaasanluonnonravinto.fi\/?post_type=product&#038;p=3806"},"modified":"2024-07-29T10:32:05","modified_gmt":"2024-07-29T07:32:05","slug":"bodyflex-collagen","status":"publish","type":"product","link":"https:\/\/vaasanluonnonravinto.fi\/sv\/tuote\/bodyflex-collagen\/","title":{"rendered":"Bodyflex\u00ae Collagen"},"content":{"rendered":"<h4 class=\"meta-title\">Ainesosat<\/h4>\n<p>Hydrolysoitu Peptan<sup>\u00ae <\/sup>nautakollageeni, Paakkuuntumisenestoaine E 468, Natriumaskorbaatti, Pintak\u00e4sittelyaine E 470b<\/p>\n<p>&nbsp;<\/p>\n<h4 class=\"meta-title\">Vuorokausiannos<\/h4>\n<p>Vuorokausiannos\u00a04 tabl. sis\u00e4lt\u00e4\u00e4:<br \/>\nKollageenia 4 000\u00a0mg<br \/>\nC-vitamiinia\u00a040 mg*<br \/>\n*50 % vuorokautisen saannin vertailuarvosta<\/p>\n<p>&nbsp;<\/p>\n<h4 class=\"meta-title\">Annostus<\/h4>\n<p>4 tablettia p\u00e4iv\u00e4ss\u00e4. Tabletit voi niell\u00e4 kokonaisena nesteen kera tai tarvittaessa puolittaa, pureskella pienemm\u00e4ksi tai jauhaa ja sekoittaa ruokaan. Tuote sopii jatkuvaan k\u00e4ytt\u00f6\u00f6n.<\/p>\n<p>Valmistettu Suomessa<\/p>\n<p>&nbsp;<\/p>\n<h4 class=\"meta-title\">Pakkauskoko<\/h4>\n<p>180 tabl.\/191 g<\/p>\n<p>&nbsp;<\/p>\n<h4 class=\"meta-title\">Fysiologiset vaikutukset<\/h4>\n<ul>\n<li>Bodyflex<sup>\u00ae<\/sup>\u00a0Collagen sis\u00e4lt\u00e4\u00e4 1000 mg\/tabletti hyvin imeytyv\u00e4\u00e4 1. tyypin hydrolysoitua Peptan<sup>\u00ae<\/sup> nautakollageenia, joka edist\u00e4\u00e4 nivelten, luuston ja lihaksiston hyvinvointia, sek\u00e4 C-vitamiinia, joka edist\u00e4\u00e4 normaalia kollageenin tuotantoa muun muassa rustojen normaalia toimintaa varten.<\/li>\n<li>Kollageeni\u00a0on luonnollinen ainesosa, sidekudoksen ja luuston p\u00e4\u00e4proteiini, jonka avulla elimist\u00f6 varmistaa nivelten ja luuston uudismuodostusta. Rustot ja j\u00e4nteet koostuvat p\u00e4\u00e4osin kollageenista. Elimist\u00f6 valmistaa kollageenia itse, mutta ik\u00e4\u00e4ntyess\u00e4mme kollageenin tuotanto laskee voimakkaasti, mik\u00e4 saattaa aiheuttaa ruston ohenemista. P\u00e4ivitt\u00e4inen kollageenilis\u00e4 edist\u00e4\u00e4 nivelten joustavuutta ja niiden hyvinvointia.<\/li>\n<li>Peptan<sup>\u00ae<\/sup>\u00a0on 1. tyypin kollageenia, jota on elimist\u00f6ss\u00e4 erityisesti ihossa, niveliss\u00e4 ja luustossa. Peptan<sup>\u00ae<\/sup>\u00a0on 97-prosenttisesti proteiinia muodossa, joka imeytyy elimist\u00f6\u00f6n tehokkaasti ja on elimist\u00f6n hyv\u00e4ksik\u00e4ytett\u00e4viss\u00e4.<\/li>\n<\/ul>\n","protected":false},"excerpt":{"rendered":"<h4>Kollageeni-C-vitamiinitabletit<\/h4>\n<ul>\n<li>Ravintolis\u00e4<\/li>\n<li>Nivelten hyvinvointiin<\/li>\n<li>Kollageenia 1000 mg\/tabletti<\/li>\n<li>C-vitamiini edist\u00e4\u00e4 normaalia kollageenin tuotantoa<\/li>\n<li>Laktoositon, hiivaton, makeuttamaton ja gluteeniton<\/li>\n<\/ul>\n","protected":false},"featured_media":1310,"template":"","meta":{"_acf_changed":false},"product_brand":[],"product_cat":[78,176],"product_tag":[],"class_list":{"0":"post-3806","1":"product","2":"type-product","3":"status-publish","4":"has-post-thumbnail","6":"product_cat-muut-ravintolisat-sv","7":"product_cat-hankintatukku-sv","9":"first","10":"instock","11":"taxable","12":"shipping-taxable","13":"purchasable","14":"product-type-simple"},"acf":[],"_links":{"self":[{"href":"https:\/\/vaasanluonnonravinto.fi\/sv\/wp-json\/wp\/v2\/product\/3806","targetHints":{"allow":["GET"]}}],"collection":[{"href":"https:\/\/vaasanluonnonravinto.fi\/sv\/wp-json\/wp\/v2\/product"}],"about":[{"href":"https:\/\/vaasanluonnonravinto.fi\/sv\/wp-json\/wp\/v2\/types\/product"}],"wp:featuredmedia":[{"embeddable":true,"href":"https:\/\/vaasanluonnonravinto.fi\/sv\/wp-json\/wp\/v2\/media\/1310"}],"wp:attachment":[{"href":"https:\/\/vaasanluonnonravinto.fi\/sv\/wp-json\/wp\/v2\/media?parent=3806"}],"wp:term":[{"taxonomy":"product_brand","embeddable":true,"href":"https:\/\/vaasanluonnonravinto.fi\/sv\/wp-json\/wp\/v2\/product_brand?post=3806"},{"taxonomy":"product_cat","embeddable":true,"href":"https:\/\/vaasanluonnonravinto.fi\/sv\/wp-json\/wp\/v2\/product_cat?post=3806"},{"taxonomy":"product_tag","embeddable":true,"href":"https:\/\/vaasanluonnonravinto.fi\/sv\/wp-json\/wp\/v2\/product_tag?post=3806"}],"curies":[{"name":"wp","href":"https:\/\/api.w.org\/{rel}","templated":true}]}}