{"id":3803,"date":"2019-03-14T13:19:58","date_gmt":"2019-03-14T11:19:58","guid":{"rendered":"https:\/\/vaasanluonnonravinto.fi\/?post_type=product&#038;p=3803"},"modified":"2026-04-09T12:51:12","modified_gmt":"2026-04-09T09:51:12","slug":"bodyflex-glucosamin-750","status":"publish","type":"product","link":"https:\/\/vaasanluonnonravinto.fi\/sv\/tuote\/bodyflex-glucosamin-750\/","title":{"rendered":"Bodyflex\u00ae Glucosamin 1000 100tabl"},"content":{"rendered":"<h4 class=\"meta-title\">Ainesosat<\/h4>\n<p>Glukosamiinihydrokloridi*, Paakkuuntumisenestoaineet\u00a0E 460 ja\u00a0E 463, Pintak\u00e4sittelyaine E 470b\u00a0 *kasviper\u00e4inen (maissi)<\/p>\n<p>&nbsp;<\/p>\n<h4 class=\"meta-title\">Vuorokausiannos<\/h4>\n<p>Vuorokausiannos 1 tabl. sis\u00e4lt\u00e4\u00e4:<br \/>\nGlukosamiinihydrokloridia 10000 mg, josta<br \/>\nglukosamiinia 830 mg<\/p>\n<p>&nbsp;<\/p>\n<h4 class=\"meta-title\">Annostus<\/h4>\n<p>1 tabletti p\u00e4iv\u00e4ss\u00e4. Ei suositella kasvuik\u00e4isille, raskauden tai imetyksen aikana eik\u00e4 k\u00e4ytett\u00e4v\u00e4ksi verenohennusl\u00e4\u00e4kkeiden kanssa.<\/p>\n<p>Valmistettu Suomessa<\/p>\n<p>&nbsp;<\/p>\n<h4 class=\"meta-title\">Pakkauskoko<\/h4>\n<p>100 tabl.\/113 g<\/p>\n<p>&nbsp;<\/p>\n<h4 class=\"meta-title\">Fysiologiset vaikutukset<\/h4>\n<ul>\n<li>Glukosamiini on rustokudoksen rakennusaine, joka on t\u00e4rke\u00e4 rustojen joustavuudelle ja kest\u00e4vyydelle.<\/li>\n<li>Rusto muodostuu glukosaminoglukaaneista ja proteoglukaaneista.Mik\u00e4li n\u00e4iden tuotanto heikkenee, nivelruston rakentuminen k\u00e4rsii. Glukosamiinin saaminen ravintolis\u00e4n\u00e4 voi lis\u00e4t\u00e4 kehon omaa glukaanituotantoa.<\/li>\n<li>Kasviper\u00e4inen glukosamiinihydrokloridi valmistetaan maissipohjaisesta glukoosista fermentaation avulla, ilman orgaanisia liuottimia. Maissi puhdistetaan huolellisesti tuotteesta, mutta tuotetta ei silti suositella maissiallergikoille.<\/li>\n<li>Verrattuna glukosamiinisulfaattiin, joka on stabiloinnin vuoksi sidottu natrium- tai kaliumsuolaan, hydrokloridi (HCI) -muoto sis\u00e4lt\u00e4\u00e4 enemm\u00e4n puhtaaksi laskettua glukosamiinia (noin 60\/80 %). Useimmat kliiniset kokeet on tehty sulfaattimuodolla, koska aiemmin ei HCI-muotoa ollut saatavilla. My\u00f6hemm\u00e4t vertailevat kokeet ovat osoittaneet, ett\u00e4 muotojen teho on samanlainen.<\/li>\n<li>Bodyflex<sup>\u00ae<\/sup> Clucosamin 1000 -ravintolis\u00e4 tukee aktiivista el\u00e4m\u00e4ntapaa ja sopii erityisesti ik\u00e4\u00e4ntyville ja henkil\u00f6ille, joiden nivelet altistuvat rasitukselle.<\/li>\n<\/ul>\n","protected":false},"excerpt":{"rendered":"<h4>Glukosamiinitabletit<\/h4>\n<ul>\n<li>Ravintolis\u00e4 nivelten hyvinvoinnille<\/li>\n<li>Sis\u00e4lt\u00e4\u00e4 glukosamiinihydrokloridia 1000 mg\/tabletti<\/li>\n<li>Laktoositon, hiivaton, makeuttamaton, gluteeniton ja vegaaninen<\/li>\n<\/ul>\n","protected":false},"featured_media":22449,"template":"","meta":{"_acf_changed":false,"rs_blank_template":"","rs_page_bg_color":"","slide_template_v7":""},"product_brand":[],"product_cat":[78,176],"product_tag":[],"class_list":{"0":"post-3803","1":"product","2":"type-product","3":"status-publish","4":"has-post-thumbnail","6":"product_cat-muut-ravintolisat-sv","7":"product_cat-hankintatukku-sv","9":"first","10":"instock","11":"taxable","12":"shipping-taxable","13":"purchasable","14":"product-type-simple"},"acf":[],"_links":{"self":[{"href":"https:\/\/vaasanluonnonravinto.fi\/sv\/wp-json\/wp\/v2\/product\/3803","targetHints":{"allow":["GET"]}}],"collection":[{"href":"https:\/\/vaasanluonnonravinto.fi\/sv\/wp-json\/wp\/v2\/product"}],"about":[{"href":"https:\/\/vaasanluonnonravinto.fi\/sv\/wp-json\/wp\/v2\/types\/product"}],"wp:featuredmedia":[{"embeddable":true,"href":"https:\/\/vaasanluonnonravinto.fi\/sv\/wp-json\/wp\/v2\/media\/22449"}],"wp:attachment":[{"href":"https:\/\/vaasanluonnonravinto.fi\/sv\/wp-json\/wp\/v2\/media?parent=3803"}],"wp:term":[{"taxonomy":"product_brand","embeddable":true,"href":"https:\/\/vaasanluonnonravinto.fi\/sv\/wp-json\/wp\/v2\/product_brand?post=3803"},{"taxonomy":"product_cat","embeddable":true,"href":"https:\/\/vaasanluonnonravinto.fi\/sv\/wp-json\/wp\/v2\/product_cat?post=3803"},{"taxonomy":"product_tag","embeddable":true,"href":"https:\/\/vaasanluonnonravinto.fi\/sv\/wp-json\/wp\/v2\/product_tag?post=3803"}],"curies":[{"name":"wp","href":"https:\/\/api.w.org\/{rel}","templated":true}]}}