{"id":3802,"date":"2019-03-14T13:39:55","date_gmt":"2019-03-14T11:39:55","guid":{"rendered":"https:\/\/vaasanluonnonravinto.fi\/?post_type=product&#038;p=3802"},"modified":"2020-09-14T16:33:10","modified_gmt":"2020-09-14T13:33:10","slug":"bodyflex-glucosamin-plus","status":"publish","type":"product","link":"https:\/\/vaasanluonnonravinto.fi\/sv\/tuote\/bodyflex-glucosamin-plus\/","title":{"rendered":"Bodyflex\u00ae Glucosamin Plus"},"content":{"rendered":"<h4 class=\"meta-title\">Ainesosat<\/h4>\n<p>Glukosamiinihydrokloridi*,\u00a0Kondroitiinisulfaatti kalasta,\u00a0OptiMSM<sup>\u00ae<\/sup>\u00a0metyylisulfonyylimetaani, Pintak\u00e4sittelyaine E 470b *kasviper\u00e4inen (maissi)<\/p>\n<p>&nbsp;<\/p>\n<h4 class=\"meta-title\">Vuorokausiannos<\/h4>\n<p>Vuorokausiannos 1 tabl. sis\u00e4lt\u00e4\u00e4:<br \/>\nGlukosamiinihydrokloridia 500 mg, jossa<br \/>\nglukosamiinia\u00a0415 mg<br \/>\nKondroitiinia\u00a0400 mg<br \/>\nOptiMSM<sup>\u00ae<\/sup>\u00a0metyylisulfonyylimetaania\u00a0300 mg<\/p>\n<p>&nbsp;<\/p>\n<h4 class=\"meta-title\">Annostus<\/h4>\n<p>1 tabletti p\u00e4iv\u00e4ss\u00e4. Ei suositella kasvuik\u00e4isille, raskauden tai imetyksen aikana eik\u00e4 k\u00e4ytett\u00e4v\u00e4ksi verenohennusl\u00e4\u00e4kkeiden kanssa.<\/p>\n<p>Valmistettu Suomessa<\/p>\n<p>&nbsp;<\/p>\n<h4 class=\"meta-title\">Pakkauskoko<\/h4>\n<p>120 tabl.\/150 g<\/p>\n<p>&nbsp;<\/p>\n<h4 class=\"meta-title\">Fysiologiset vaikutukset<\/h4>\n<ul>\n<li>Nivelruston terveys on keskeinen edellytys nivelen hyvinvoinnille. Nivelrusto toimii niveless\u00e4 liukupintana ja iskunvaimentimena kahden luun v\u00e4liss\u00e4 suojaten nivelt\u00e4 rajoittavien luiden p\u00e4it\u00e4. Nivelrustossa ei ole verisuonia eik\u00e4 hermoja.<\/li>\n<li>Terveell\u00e4 ihmisell\u00e4 normaali nivelrusto uusiutuu jatkuvasti. Kohtuullinen liikunta on t\u00e4rke\u00e4\u00e4 nivelille, sill\u00e4 se auttaa s\u00e4ilytt\u00e4m\u00e4\u00e4n ja jopa lis\u00e4\u00e4m\u00e4\u00e4n nivelruston rakenteellisia ja mekaanisia ominaisuuksia.<\/li>\n<li>Glukosamiini ja kondroitiinisulfaatti\u00a0ovat rustokudoksen rakennusaineita, jotka ovat t\u00e4rkeit\u00e4 rustojen joustavuudelle ja kest\u00e4vyydelle.<\/li>\n<li>Rusto muodostuu glukosaminoglukaaneista ja proteoglukaaneista. Mik\u00e4li n\u00e4iden tuotanto heikkenee, nivelruston rakentuminen k\u00e4rsii. Glukosamiinin saaminen ravintolis\u00e4n\u00e4 voi lis\u00e4t\u00e4 kehon omaa glukaanituotantoa. Kondroitiinisulfaatilla\u00a0on suotuisa vaikutus rustoon, se\u00a0mm. edist\u00e4\u00e4 rustosolujen\u00a0aineenvaihduntaa.<\/li>\n<li>Kasviper\u00e4inen glukosamiinihydrokloridi valmistetaan maissipohjaisesta glukoosista fermentaation\u00a0avulla, ilman orgaanisia liuottimia. Maissi puhdistetaan huolellisesti tuotteesta, mutta tuotetta ei\u00a0silti suositella maissiallergikoille.<\/li>\n<li>MSM (metyylisulfonyylimetaani)\u00a0on orgaaninen, vesiliukoinen rikkiyhdiste, jota on luontaisesti ihmiskehossa. Sen pitoisuudet ovat korkeimmillaan erityisesti niveliss\u00e4, lihaksissa, ihossa, kynsiss\u00e4 ja hiuksissa. Rikki\u00e4 saadaan muun muassa\u00a0metioniini- ja kysteiini-aminohapoista. MSM on helposti imeytyv\u00e4\u00e4, kun taas rikki muissa muodoissaan on vaikeasti hyv\u00e4ksik\u00e4ytett\u00e4viss\u00e4.<\/li>\n<li>Bodyflex<sup>\u00ae<\/sup>\u00a0Glucosamin Plus -ravintolis\u00e4 tukee aktiivista el\u00e4m\u00e4ntapaa ja sopii erityisesti ik\u00e4\u00e4ntyville ja henkil\u00f6ille, joiden nivelet altistuvat rasitukselle.<\/li>\n<\/ul>\n","protected":false},"excerpt":{"rendered":"<h4>Glukosamiini-kondroitiinisulfaatti-MSM-tabletit<\/h4>\n<ul>\n<li>Ravintolis\u00e4<\/li>\n<li>Sis\u00e4lt\u00e4\u00e4 kolme tehoainetta nivelten hyvinvoinnille:<br \/>\nGlukosamiini,\u00a0kondroitiinisulfaatti ja metyylisulfonyylimetaani (MSM)<\/li>\n<li>Laktoositon, hiivaton, makeuttamaton ja gluteeniton<\/li>\n<\/ul>\n","protected":false},"featured_media":1318,"template":"","meta":{"_acf_changed":false},"product_brand":[],"product_cat":[78,176],"product_tag":[],"class_list":{"0":"post-3802","1":"product","2":"type-product","3":"status-publish","4":"has-post-thumbnail","6":"product_cat-muut-ravintolisat-sv","7":"product_cat-hankintatukku-sv","9":"first","10":"instock","11":"taxable","12":"shipping-taxable","13":"purchasable","14":"product-type-simple"},"acf":[],"_links":{"self":[{"href":"https:\/\/vaasanluonnonravinto.fi\/sv\/wp-json\/wp\/v2\/product\/3802","targetHints":{"allow":["GET"]}}],"collection":[{"href":"https:\/\/vaasanluonnonravinto.fi\/sv\/wp-json\/wp\/v2\/product"}],"about":[{"href":"https:\/\/vaasanluonnonravinto.fi\/sv\/wp-json\/wp\/v2\/types\/product"}],"wp:featuredmedia":[{"embeddable":true,"href":"https:\/\/vaasanluonnonravinto.fi\/sv\/wp-json\/wp\/v2\/media\/1318"}],"wp:attachment":[{"href":"https:\/\/vaasanluonnonravinto.fi\/sv\/wp-json\/wp\/v2\/media?parent=3802"}],"wp:term":[{"taxonomy":"product_brand","embeddable":true,"href":"https:\/\/vaasanluonnonravinto.fi\/sv\/wp-json\/wp\/v2\/product_brand?post=3802"},{"taxonomy":"product_cat","embeddable":true,"href":"https:\/\/vaasanluonnonravinto.fi\/sv\/wp-json\/wp\/v2\/product_cat?post=3802"},{"taxonomy":"product_tag","embeddable":true,"href":"https:\/\/vaasanluonnonravinto.fi\/sv\/wp-json\/wp\/v2\/product_tag?post=3802"}],"curies":[{"name":"wp","href":"https:\/\/api.w.org\/{rel}","templated":true}]}}