{"id":3801,"date":"2019-03-14T13:53:58","date_gmt":"2019-03-14T11:53:58","guid":{"rendered":"https:\/\/vaasanluonnonravinto.fi\/?post_type=product&#038;p=3801"},"modified":"2020-09-22T14:22:49","modified_gmt":"2020-09-22T11:22:49","slug":"candimin","status":"publish","type":"product","link":"https:\/\/vaasanluonnonravinto.fi\/sv\/tuote\/candimin\/","title":{"rendered":"Candimin"},"content":{"rendered":"<h4 class=\"meta-title\">Ainesosat<\/h4>\n<p>Eteerinen oregano\u00f6ljy 30 %<br \/>\nkylm\u00e4puristettu oliivi\u00f6ljy\u00a070 %<\/p>\n<p>&nbsp;<\/p>\n<h4 class=\"meta-title\">Vuorokausiannos<\/h4>\n<p><strong>Sis\u00e4isesti<\/strong>\u00a0ruoansulatus- ja hengityselimist\u00f6n hyvinvointiin 2 tippaa 2 kertaa p\u00e4iv\u00e4ss\u00e4 sekoitettuna pieneen m\u00e4\u00e4r\u00e4\u00e4n vett\u00e4.\u00a0<strong>Ulkoisesti<\/strong>\u00a0p\u00e4\u00e4nahkaan ja sieni\u00e4 ym. pieneli\u00f6it\u00e4 vastaan: sekoita shampooseen tai nestesaippuaan; paikallisk\u00e4sittelyss\u00e4 (esim. kynnet): hiero 1 tippa k\u00e4sitelt\u00e4v\u00e4\u00e4n kohtaan 2 \u2013 3 kertaa p\u00e4iv\u00e4ss\u00e4.<\/p>\n<p>Varo, ettei eteerist\u00e4 \u00f6ljy\u00e4 joudu silmiin. Ei lasten ulottuville.<\/p>\n<p>&nbsp;<\/p>\n<p><strong>K\u00c4YTT\u00d6ALUE<\/strong><\/p>\n<ul>\n<li>Hengitysteille<\/li>\n<li>Antioksidantti eli est\u00e4\u00e4 solujen hapettumista<\/li>\n<li>Ulkoisesti: sieni-infektioihin, esim. kynsisieni, psoriasikseen, akneen<\/li>\n<li>Auringonpolttamalle iholle<\/li>\n<li>Syyliin<\/li>\n<\/ul>\n<p>&nbsp;<\/p>\n<h4>Pakkauskoko<\/h4>\n<p>10 ml<\/p>\n<p>&nbsp;<\/p>\n<h4 class=\"meta-title\">Fysiologiset vaikutukset<\/h4>\n<p>Mihin kaikkeen oregano\u00f6ljy\u00e4 voi k\u00e4ytt\u00e4\u00e4 ja miten oregano\u00f6ljy\u00e4 k\u00e4ytet\u00e4\u00e4n?<br \/>\nUlkoisesti k\u00e4ytettyn\u00e4 oregano\u00f6ljy tehoaa niin p\u00e4\u00e4nahan ongelmiin, auringon polttamaan ihoon kuin\u00a0 kynsisienenkin k\u00e4sittelyyn.<br \/>\nSis\u00e4isesti oregano\u00f6ljy\u00e4 suositellaan erityisesti ruoansulatus- ja hengityselinten hyvinvointiin.<\/p>\n<p>&nbsp;<\/p>\n<p><strong>ULKOINEN K\u00c4YTT\u00d6<\/strong><\/p>\n<p>Sekoita shampooseen tai nestesaippuaan, paikallisk\u00e4sittelyss\u00e4 tiputa 1 tippa oregano\u00f6ljy\u00e4 k\u00e4sitelt\u00e4v\u00e4\u00e4n kohtaan.<br \/>\nP\u00e4\u00e4n alue: P\u00e4\u00e4nahan ongelmiin, kuten hilseen torjuntaan ja psoriasikseen k\u00e4ytett\u00e4ess\u00e4 sekoita pari tippaa shampooseen ja anna vaikuttaa muutama minuutti ennen kuin huuhtelet. Hampaille ja ikenille: tippa hammasharjaan hammastahnan asemesta.<br \/>\nSuun desinfiointi: tippa hammasharjaan hammastahnan asemesta. Kun nielet sen harjaamisen j\u00e4lkeen, rauhoittuu suolistosi.<\/p>\n<p>Muut kehon alueet:<\/p>\n<p>Koko kehon pesuun: sekoita pari tippaa nestesaippuaan.<br \/>\nHaavojen desinfiointi: tiputa 1 tippa\u00a0 haavakohtaan ja peit\u00e4 siteell\u00e4.<br \/>\nSyyl\u00e4t: 1 tippa 2-3 kertaa p\u00e4iv\u00e4ss\u00e4.<br \/>\nKynsisieni: 1 tippa 2-3 kertaa p\u00e4iv\u00e4ss\u00e4\u00a0 muutaman p\u00e4iv\u00e4n ajan.<br \/>\nAuringonpolttama iho: 1 tippa 2-3 kertaa p\u00e4iv\u00e4ss\u00e4.<\/p>\n<p>&nbsp;<\/p>\n<p><strong>SIS\u00c4INEN K\u00c4YTT\u00d6<\/strong><\/p>\n<p>Suolistomikrobit: Oregano\u00f6ljy suojaa ruoansulatuskanavan infektioilta esim. matkustettaessa, sill\u00e4 se torjuu ruoansulatuselimist\u00f6n haitallisia mikrobeja. K\u00e4ytet\u00e4\u00e4n 1-2 tippaa sekoitettuna pieneen m\u00e4\u00e4r\u00e4\u00e4n vett\u00e4 2 kertaa p\u00e4iv\u00e4ss\u00e4.<br \/>\nRuoansulatus: Oregano\u00f6ljyll\u00e4 on my\u00f6s ruoansulatusta edist\u00e4v\u00e4 vaikutus, etenkin sappinesteen eritykseen.<\/p>\n","protected":false},"excerpt":{"rendered":"<h4>Eteerinen oregano\u00f6ljyvalmiste<\/h4>\n<ul>\n<li>Ravintolis\u00e4<\/li>\n<li>Vatsan, suoliston ja hengitysteiden hyvinvointiin.<\/li>\n<li>Candimin-oregano\u00f6ljyvalmisteen korkealaatuinen eteerinen oregano\u00f6ljy on per\u00e4isin V\u00e4limeren alueella kasvavasta Origanum vulgare \u2013lajista, jonka<\/li>\n<li>karvakrolipitoisuus on mahdollisimman suuri, 75 \u2013 85 %. Karvakroli toimii antiseptisena aineena. Eteerinen oregano\u00f6ljy onkin tehokkaimpia ja monipuolisimpia<\/li>\n<li>luonnon aineita bakteereita, viruksia, sieni\u00e4 ja muita pieneli\u00f6it\u00e4 vastaan.<\/li>\n<\/ul>\n","protected":false},"featured_media":1336,"template":"","meta":{"_acf_changed":false,"rs_blank_template":"","rs_page_bg_color":"","slide_template_v7":""},"product_brand":[],"product_cat":[78,176],"product_tag":[],"class_list":{"0":"post-3801","1":"product","2":"type-product","3":"status-publish","4":"has-post-thumbnail","6":"product_cat-muut-ravintolisat-sv","7":"product_cat-hankintatukku-sv","9":"first","10":"instock","11":"taxable","12":"shipping-taxable","13":"purchasable","14":"product-type-simple"},"acf":[],"_links":{"self":[{"href":"https:\/\/vaasanluonnonravinto.fi\/sv\/wp-json\/wp\/v2\/product\/3801","targetHints":{"allow":["GET"]}}],"collection":[{"href":"https:\/\/vaasanluonnonravinto.fi\/sv\/wp-json\/wp\/v2\/product"}],"about":[{"href":"https:\/\/vaasanluonnonravinto.fi\/sv\/wp-json\/wp\/v2\/types\/product"}],"wp:featuredmedia":[{"embeddable":true,"href":"https:\/\/vaasanluonnonravinto.fi\/sv\/wp-json\/wp\/v2\/media\/1336"}],"wp:attachment":[{"href":"https:\/\/vaasanluonnonravinto.fi\/sv\/wp-json\/wp\/v2\/media?parent=3801"}],"wp:term":[{"taxonomy":"product_brand","embeddable":true,"href":"https:\/\/vaasanluonnonravinto.fi\/sv\/wp-json\/wp\/v2\/product_brand?post=3801"},{"taxonomy":"product_cat","embeddable":true,"href":"https:\/\/vaasanluonnonravinto.fi\/sv\/wp-json\/wp\/v2\/product_cat?post=3801"},{"taxonomy":"product_tag","embeddable":true,"href":"https:\/\/vaasanluonnonravinto.fi\/sv\/wp-json\/wp\/v2\/product_tag?post=3801"}],"curies":[{"name":"wp","href":"https:\/\/api.w.org\/{rel}","templated":true}]}}