{"id":3795,"date":"2019-03-14T14:03:34","date_gmt":"2019-03-14T12:03:34","guid":{"rendered":"https:\/\/vaasanluonnonravinto.fi\/?post_type=product&#038;p=3795"},"modified":"2024-10-01T00:37:14","modified_gmt":"2024-09-30T21:37:14","slug":"depremin","status":"publish","type":"product","link":"https:\/\/vaasanluonnonravinto.fi\/sv\/tuote\/depremin\/","title":{"rendered":"Depremin\u00ae"},"content":{"rendered":"<h4 class=\"meta-title\">Ainesosat<\/h4>\n<p>Maissit\u00e4rkkelys, Paakkuuntumisenestoaine mikrokiteinen selluloosa, Sahramiuute (Saffr\u2019 Activ<sup>\u00ae<\/sup>), V\u00e4riaine riboflaviini, Pintak\u00e4sittelyaine magnesiumstearaatti<\/p>\n<p>&nbsp;<\/p>\n<h4 class=\"meta-title\">Vuorokausiannos<\/h4>\n<p>Vuorokausiannos 2 tabl. sis\u00e4lt\u00e4\u00e4:<br \/>\nSahramiuutetta (Saffr\u00b4Activ<sup>\u00ae<\/sup>) 30 mg, josta<br \/>\nsafranaalia 600 \u00b5g<\/p>\n<p>&nbsp;<\/p>\n<h4 class=\"meta-title\">Annostus<\/h4>\n<p>1 tabletti 2 kertaa p\u00e4iv\u00e4ss\u00e4.\u00a0Ei suositella raskaana oleville, imett\u00e4ville eik\u00e4 yhdess\u00e4 mielialal\u00e4\u00e4kkeiden kanssa, ellei l\u00e4\u00e4k\u00e4ri sit\u00e4 suosittele.<\/p>\n<p>Valmistettu Suomessa<\/p>\n<p>&nbsp;<\/p>\n<h4 class=\"meta-title\">Pakkauskoko<\/h4>\n<p>60 tabl.\/18 g<\/p>\n<p>&nbsp;<\/p>\n<h4 class=\"meta-title\">Fysiologiset vaikutukset<\/h4>\n<ul>\n<li>Depremin<sup>\u00ae<\/sup>-tableteissa k\u00e4ytetyn korkealaatuisen Saffr\u00b4Activ<sup>\u00ae<\/sup>\u00a0-sahramiuutteen sis\u00e4lt\u00e4m\u00e4t aktiiviaineet, erityisesti safranaali, ovat tiivistetyss\u00e4 muodossa ja auttavat jaksamaan arjessa ja tukevat hyv\u00e4\u00e4 mielialaa.<\/li>\n<li>Depremin<sup>\u00ae<\/sup>-tabletit sis\u00e4lt\u00e4v\u00e4t standardoitua sahramiuutetta. Sahramia saadaan k\u00e4sin poimituista ja puhdistetuista maustesahramin\u00a0(<em>Crocus sativus<\/em>)\u00a0emeist\u00e4 ja yhteen kiloon kuivattua sahramia tarvitaan v\u00e4hint\u00e4\u00e4n 100 000 kpl maustesahramejaa.<\/li>\n<li>Suositellaan v\u00e4hint\u00e4\u00e4n 4-6 viikon yht\u00e4jaksoista k\u00e4ytt\u00f6\u00e4.<\/li>\n<\/ul>\n","protected":false},"excerpt":{"rendered":"<h4>Sahramiuutetabletit<\/h4>\n<ul>\n<li>Ravintolis\u00e4<\/li>\n<li>Hyv\u00e4n mielialan tueksi, jaksamista arkeen<\/li>\n<li>Sahramiuute on standardoitu safranaalien suhteen<\/li>\n<li>Laktoositon, hiivaton, makeuttamaton, gluteeniton ja vegaaninen<\/li>\n<\/ul>\n","protected":false},"featured_media":1358,"template":"","meta":{"_acf_changed":false,"rs_blank_template":"","rs_page_bg_color":"","slide_template_v7":""},"product_brand":[],"product_cat":[78,176],"product_tag":[],"class_list":{"0":"post-3795","1":"product","2":"type-product","3":"status-publish","4":"has-post-thumbnail","6":"product_cat-muut-ravintolisat-sv","7":"product_cat-hankintatukku-sv","9":"first","10":"instock","11":"taxable","12":"shipping-taxable","13":"purchasable","14":"product-type-simple"},"acf":[],"_links":{"self":[{"href":"https:\/\/vaasanluonnonravinto.fi\/sv\/wp-json\/wp\/v2\/product\/3795","targetHints":{"allow":["GET"]}}],"collection":[{"href":"https:\/\/vaasanluonnonravinto.fi\/sv\/wp-json\/wp\/v2\/product"}],"about":[{"href":"https:\/\/vaasanluonnonravinto.fi\/sv\/wp-json\/wp\/v2\/types\/product"}],"wp:featuredmedia":[{"embeddable":true,"href":"https:\/\/vaasanluonnonravinto.fi\/sv\/wp-json\/wp\/v2\/media\/1358"}],"wp:attachment":[{"href":"https:\/\/vaasanluonnonravinto.fi\/sv\/wp-json\/wp\/v2\/media?parent=3795"}],"wp:term":[{"taxonomy":"product_brand","embeddable":true,"href":"https:\/\/vaasanluonnonravinto.fi\/sv\/wp-json\/wp\/v2\/product_brand?post=3795"},{"taxonomy":"product_cat","embeddable":true,"href":"https:\/\/vaasanluonnonravinto.fi\/sv\/wp-json\/wp\/v2\/product_cat?post=3795"},{"taxonomy":"product_tag","embeddable":true,"href":"https:\/\/vaasanluonnonravinto.fi\/sv\/wp-json\/wp\/v2\/product_tag?post=3795"}],"curies":[{"name":"wp","href":"https:\/\/api.w.org\/{rel}","templated":true}]}}