{"id":3794,"date":"2019-03-14T14:06:11","date_gmt":"2019-03-14T12:06:11","guid":{"rendered":"https:\/\/vaasanluonnonravinto.fi\/?post_type=product&#038;p=3794"},"modified":"2020-09-14T16:33:53","modified_gmt":"2020-09-14T13:33:53","slug":"dynaforce-100-ml","status":"publish","type":"product","link":"https:\/\/vaasanluonnonravinto.fi\/sv\/tuote\/dynaforce-100-ml\/","title":{"rendered":"Dynaforce\u00ae 100 ml"},"content":{"rendered":"<h4 class=\"meta-title\">Ainesosat<\/h4>\n<p>Ainesosat vuorokausiannoksessa:<br \/>\nRuusujuuren juuren etanoliuutetta 100%<br \/>\n25-75 tippaa (1-3 ml) Dynaforcea vastaa 115-345 mg<br \/>\nkuivattua ruusujuurta, jossa<br \/>\nrosavineja\u00a04,5-13,5 mg<br \/>\nsalidrosideja 1,6-\u00a0 4,8 mg<\/p>\n<p>Uutteen etanolipitoisuus n. 60 til-%<\/p>\n<p>&nbsp;<\/p>\n<h4 class=\"meta-title\">Annostus<\/h4>\n<p>25 tippaa (1 ml) 1 \u2013 3 kertaa p\u00e4iv\u00e4ss\u00e4 veden kera.<\/p>\n<p>Suojattava auringonvalolta, ravistettava<\/p>\n<p>Valmistettu Suomessa<\/p>\n<p>&nbsp;<\/p>\n<h4 class=\"meta-title\">Pakkauskoko<\/h4>\n<p>100 ml<\/p>\n<p>&nbsp;<\/p>\n<h4 class=\"meta-title\">Fysiologiset vaikutukset<\/h4>\n<ul>\n<li>Ruusujuuri (<em>Rhodiola rosea<\/em>)\u00a0 lis\u00e4\u00e4 kehon kyky\u00e4 sopeutua ulkoisiin rasitustekij\u00f6ihin hyvin\u00a0monipuolisesti. Se lukeutuukin yhdess\u00e4 ginsengin ja schisandran kanssa adaptogeeneihin, joiden\u00a0vaikutukset on tunnustettu maailmanlaajuisesti. Ruusujuurta ei suotta kutsuta my\u00f6s Pohjolan\u00a0Ginsengiksi. Se menestyy arktisilla vy\u00f6hykkeill\u00e4, mik\u00e4 on tuonut yrtille nimityksen \u201dArctic root\u201d.<\/li>\n<li>Dynafoce<sup>\u00ae<\/sup>\u00a0ruusujuuriuute on valmistettu ruusujuuren juuresta. Vasta\u00a0viidenten\u00e4 kasvuvuotena ruusujuuri on korjuukelpoinen. Unkarilainen yrttiasiantuntija Bertalan\u00a0Galambosi on valvonut tuotteeseen k\u00e4ytetyn suomalaisen ruusujuuren viljely\u00e4.<\/li>\n<li>Ruusujuuren vaikutuksia on alettu tutkia 1930-luvulla. Ruusujuuri vaikuttaa elimist\u00f6\u00f6n eritt\u00e4in\u00a0monipuolisesti: Se est\u00e4\u00e4 tunneper\u00e4ist\u00e4 stressi\u00e4, lis\u00e4\u00e4 kest\u00e4vyytt\u00e4 ja nopeuttaa palautumista\u00a0 fyysisess\u00e4 ponnistuksessa, edist\u00e4\u00e4 tarkkaavaisuutta, kohottaa mielialaa, lis\u00e4\u00e4 potenssia \u2013 ruusujuuri on siis varsin vaikuttava adaptogeeninen yrtti.<\/li>\n<li>Ruusujuuri soveltuu erityisesti niille, joilla on taipumusta melankoliaan. Tutkimukset osoittavat,\u00a0ett\u00e4 ruusujuuri lis\u00e4\u00e4 aivojen serotoniini- ja dopamiinipitoisuutta. Mielialan lasku on yhteydess\u00e4 n\u00e4iden v\u00e4litt\u00e4j\u00e4aineiden pitoisuuden laskuun.<\/li>\n<li>Ne, joilla on taipumus reagoida ymp\u00e4rist\u00f6n rasittavuuteen, saavat kest\u00e4vyytt\u00e4 ruusujuuresta.<\/li>\n<li>Urheilusuorituksessa ruusujuuri nopeuttaa kehon palautumista ja lis\u00e4\u00e4 kest\u00e4vyytt\u00e4.<\/li>\n<\/ul>\n","protected":false},"excerpt":{"rendered":"<h4>Ruusujuuriuute<\/h4>\n<ul>\n<li>Ravintolis\u00e4<\/li>\n<li>\u201dPohjolan Ginseng\u201d<\/li>\n<\/ul>\n","protected":false},"featured_media":1360,"template":"","meta":{"_acf_changed":false,"rs_blank_template":"","rs_page_bg_color":"","slide_template_v7":""},"product_brand":[],"product_cat":[78,176],"product_tag":[],"class_list":{"0":"post-3794","1":"product","2":"type-product","3":"status-publish","4":"has-post-thumbnail","6":"product_cat-muut-ravintolisat-sv","7":"product_cat-hankintatukku-sv","9":"first","10":"instock","11":"taxable","12":"shipping-taxable","13":"purchasable","14":"product-type-simple"},"acf":[],"_links":{"self":[{"href":"https:\/\/vaasanluonnonravinto.fi\/sv\/wp-json\/wp\/v2\/product\/3794","targetHints":{"allow":["GET"]}}],"collection":[{"href":"https:\/\/vaasanluonnonravinto.fi\/sv\/wp-json\/wp\/v2\/product"}],"about":[{"href":"https:\/\/vaasanluonnonravinto.fi\/sv\/wp-json\/wp\/v2\/types\/product"}],"wp:featuredmedia":[{"embeddable":true,"href":"https:\/\/vaasanluonnonravinto.fi\/sv\/wp-json\/wp\/v2\/media\/1360"}],"wp:attachment":[{"href":"https:\/\/vaasanluonnonravinto.fi\/sv\/wp-json\/wp\/v2\/media?parent=3794"}],"wp:term":[{"taxonomy":"product_brand","embeddable":true,"href":"https:\/\/vaasanluonnonravinto.fi\/sv\/wp-json\/wp\/v2\/product_brand?post=3794"},{"taxonomy":"product_cat","embeddable":true,"href":"https:\/\/vaasanluonnonravinto.fi\/sv\/wp-json\/wp\/v2\/product_cat?post=3794"},{"taxonomy":"product_tag","embeddable":true,"href":"https:\/\/vaasanluonnonravinto.fi\/sv\/wp-json\/wp\/v2\/product_tag?post=3794"}],"curies":[{"name":"wp","href":"https:\/\/api.w.org\/{rel}","templated":true}]}}