{"id":3793,"date":"2019-03-14T14:10:05","date_gmt":"2019-03-14T12:10:05","guid":{"rendered":"https:\/\/vaasanluonnonravinto.fi\/?post_type=product&#038;p=3793"},"modified":"2025-12-01T00:37:05","modified_gmt":"2025-11-30T22:37:05","slug":"dynaforce-extra-strong","status":"publish","type":"product","link":"https:\/\/vaasanluonnonravinto.fi\/sv\/tuote\/dynaforce-extra-strong\/","title":{"rendered":"Dynaforce\u00ae Extra Strong"},"content":{"rendered":"<h4 class=\"meta-title\">Ainesosat<\/h4>\n<p>Paakkuuntumisenestoaine E 460, Standardoitu ruusujuuren juuriuute, Maissit\u00e4rkkelys, Pintak\u00e4sittelyaine E 470b<\/p>\n<p>&nbsp;<\/p>\n<h4 class=\"meta-title\">Vuorokausiannos<\/h4>\n<p>Vuorokausiannos 1 tabl. sis\u00e4lt\u00e4\u00e4:<br \/>\nStandardoitua ruusujuuren juuriuutetta 400 mg, josta<br \/>\nrosavineja\u00a012 mg<br \/>\nsalidrosideja 4 mg<\/p>\n<p>&nbsp;<\/p>\n<h4 class=\"meta-title\">Annostus<\/h4>\n<p>1 tabletti p\u00e4iv\u00e4ss\u00e4.<\/p>\n<p>Valmistettu Suomessa<\/p>\n<p>&nbsp;<\/p>\n<h4 class=\"meta-title\">Pakkauskoko<\/h4>\n<p>60 tabl.\/60 g<\/p>\n<p>&nbsp;<\/p>\n<h4 class=\"meta-title\">Fysiologiset vaikutukset<\/h4>\n<ul>\n<li>Ruusujuuri (<em>Rhodiola rosea<\/em>) lis\u00e4\u00e4 kehon kyky\u00e4 sopeutua ulkoisiin rasitustekij\u00f6ihin monipuolisesti. Se lukeutuukin yhdess\u00e4 ginsengin ja schisandran kanssa adaptogeeneihin, joiden vaikutukset on tunnustettu maailmanlaajuisesti. Kasvi tunnetaan my\u00f6s nimell\u00e4 Pohjolan Ginseng.<\/li>\n<li>Ruusujuuri edist\u00e4\u00e4 keskittymiskyky\u00e4 ja tarkkaavaisuutta sek\u00e4 pit\u00e4\u00e4 yll\u00e4 hyv\u00e4\u00e4 mielialaa.<\/li>\n<li>Ruusujuuren on todettu lis\u00e4\u00e4v\u00e4n aivojen serotoniini- ja dopamiinipitoisuutta. Mielialan lasku on yhteydess\u00e4 n\u00e4iden v\u00e4litt\u00e4j\u00e4aineiden pitoisuuden laskuun.<\/li>\n<li>Urheilusuorituksiin ruusujuuri antaa voimaa, kuntoa ja kest\u00e4vyytt\u00e4. Se nopeuttaa palautumista fyysisest\u00e4 ponnistuksesta.<\/li>\n<li>Ruusujuuri my\u00f6s virkist\u00e4\u00e4.<\/li>\n<li>Eritt\u00e4in vahvat Dynaforce<sup>\u00ae<\/sup>\u00a0Extra Strong -tabletit sis\u00e4lt\u00e4v\u00e4t standardoitua ruusujuuren juuriuutetta (<em>Rhodiola rosea<\/em>), jonka t\u00e4rkein\u00e4 vaikuttavina ainesosina ovat rosavinit ja salidrosidit.<\/li>\n<li>Vuorokausiannoksessa (1 tabletti) on 400 mg ruusujuuriuutetta, jossa 12 mg rosavineja ja 4 mg salidrosideja.<\/li>\n<\/ul>\n","protected":false},"excerpt":{"rendered":"<h4>Ruusujuuriuutetabletit<\/h4>\n<ul>\n<li>Ravintolis\u00e4<\/li>\n<li>Ruusujuuri (Rhodiola rosea) on \u201dPohjolan Ginseng\u201d<\/li>\n<li>Keskittymist\u00e4 ja tarkkaavaisuutta<\/li>\n<li>Vireytt\u00e4, voimaa ja kuntoa<\/li>\n<li>Kest\u00e4vyytt\u00e4 urheilusuorituksiin<\/li>\n<li>Vahva, vakioitu koostumus: 12 mg rosavineja ja 4 mg salidrosideja\/tabl. (=vrk-annos)<\/li>\n<li>Laktoositon, hiivaton, makeuttamaton, gluteeniton ja vegaaninen<\/li>\n<\/ul>\n","protected":false},"featured_media":1362,"template":"","meta":{"_acf_changed":false,"rs_blank_template":"","rs_page_bg_color":"","slide_template_v7":""},"product_brand":[],"product_cat":[78,176],"product_tag":[],"class_list":{"0":"post-3793","1":"product","2":"type-product","3":"status-publish","4":"has-post-thumbnail","6":"product_cat-muut-ravintolisat-sv","7":"product_cat-hankintatukku-sv","9":"first","10":"instock","11":"taxable","12":"shipping-taxable","13":"purchasable","14":"product-type-simple"},"acf":[],"_links":{"self":[{"href":"https:\/\/vaasanluonnonravinto.fi\/sv\/wp-json\/wp\/v2\/product\/3793","targetHints":{"allow":["GET"]}}],"collection":[{"href":"https:\/\/vaasanluonnonravinto.fi\/sv\/wp-json\/wp\/v2\/product"}],"about":[{"href":"https:\/\/vaasanluonnonravinto.fi\/sv\/wp-json\/wp\/v2\/types\/product"}],"wp:featuredmedia":[{"embeddable":true,"href":"https:\/\/vaasanluonnonravinto.fi\/sv\/wp-json\/wp\/v2\/media\/1362"}],"wp:attachment":[{"href":"https:\/\/vaasanluonnonravinto.fi\/sv\/wp-json\/wp\/v2\/media?parent=3793"}],"wp:term":[{"taxonomy":"product_brand","embeddable":true,"href":"https:\/\/vaasanluonnonravinto.fi\/sv\/wp-json\/wp\/v2\/product_brand?post=3793"},{"taxonomy":"product_cat","embeddable":true,"href":"https:\/\/vaasanluonnonravinto.fi\/sv\/wp-json\/wp\/v2\/product_cat?post=3793"},{"taxonomy":"product_tag","embeddable":true,"href":"https:\/\/vaasanluonnonravinto.fi\/sv\/wp-json\/wp\/v2\/product_tag?post=3793"}],"curies":[{"name":"wp","href":"https:\/\/api.w.org\/{rel}","templated":true}]}}