{"id":3791,"date":"2019-03-14T14:29:19","date_gmt":"2019-03-14T12:29:19","guid":{"rendered":"https:\/\/vaasanluonnonravinto.fi\/?post_type=product&#038;p=3791"},"modified":"2026-02-09T15:33:01","modified_gmt":"2026-02-09T13:33:01","slug":"evonia-biotin-plus","status":"publish","type":"product","link":"https:\/\/vaasanluonnonravinto.fi\/sv\/tuote\/evonia-biotin-plus\/","title":{"rendered":"Evonia\u00ae Biotin Plus"},"content":{"rendered":"<h4 class=\"meta-title\">Ainesosat<\/h4>\n<p>OptiMSM<sup>\u00ae<\/sup>\u00a0metyylisulfonyylimetaani, Liivate (kapselin kuori, naudasta), L-kysteiini, Askorbiinihappo, Natriummolybdaattivalmiste, D-biotiini, Paakkuuntumisenestoaine E 551, Pintak\u00e4sittelyaine E 470b, Sinkkisitraatti, Pyridoksiinihydrokloridi, Riboflaviini, V\u00e4ri E 171 (kapselin kuori)<\/p>\n<p>&nbsp;<\/p>\n<h4 class=\"meta-title\">Vuorokausiannos<\/h4>\n<p>Vuorokausiannos\u00a01 kaps. sis\u00e4lt\u00e4\u00e4:<br \/>\nB<sub>2<\/sub>-vitamiinia 1,4 mg (100 %)*<br \/>\nB<sub>6<\/sub>-vitamiinia 1,4 mg (100 %)*<br \/>\nBiotiinia 5000 \u00b5g (10 000 %)*<br \/>\nC-vitamiinia 40 mg (50 %)*<br \/>\nKysteiini\u00e4 50 mg<br \/>\nMSM 350 mg<br \/>\nMolybdeenia 50\u00a0\u00b5g\u00a0(100 %)*<br \/>\nSinkki\u00e4 1,5 mg (15 %)*<br \/>\n*vuorokautisen saannin vertailuarvosta<\/p>\n<p>&nbsp;<\/p>\n<h4 class=\"meta-title\">Annostus<\/h4>\n<p>1 kapseli p\u00e4iv\u00e4ss\u00e4. Ei suositella raskaana oleville eik\u00e4 imett\u00e4ville.<\/p>\n<p>Valmistettu Suomessa<\/p>\n<p>&nbsp;<\/p>\n<h4 class=\"meta-title\">Pakkauskoko<\/h4>\n<p>60 kaps.\/35 g<\/p>\n<p>&nbsp;<\/p>\n<h4 class=\"meta-title\">Fysiologiset vaikutukset<\/h4>\n<ul>\n<li>Evonia<sup>\u00ae<\/sup>\u00a0Biotin Plus 5 mg on vahva ja monipuolinen biotiinivalmiste, jonka sis\u00e4lt\u00e4m\u00e4t ravintoaineet tukevat\u00a0hiusten, kynsien ja ihon rakennetta.<\/li>\n<li>Yhdess\u00e4 kapselissa on biotiinia 5000 \u00b5g eli 5 mg. Sis\u00e4lt\u00e4\u00e4 biotiinin lis\u00e4ksi monipuolisesti useita muita ravintoaineita, jotka vaikuttavat hiusten, kynsien ja ihon elinvoimaisuuteen: Metyylisulfonyylimetaania (OptiMSM<sup>\u00ae<\/sup>), kysteiini\u00e4, molybdeenia, sinkki\u00e4 sek\u00e4 B<sub>2<\/sub>-, B<sub>6<\/sub>\u2013 ja C-vitamiinia.<\/li>\n<li>Biotiini\u00a0edist\u00e4\u00e4 hiusten ja ihon pysymist\u00e4 normaaleina. Biotiini edist\u00e4\u00e4 my\u00f6s ihon ja limakalvojen pysymist\u00e4 normaaleina sek\u00e4 osallistuu proteiinien, hiilihydraattien ja rasvojen aineenvaihduntaan.<\/li>\n<li>Sinkki\u00a0edist\u00e4\u00e4 hiusten ja kynsien pysymist\u00e4 normaaleina. Sinkki edist\u00e4\u00e4 my\u00f6s proteiinisynteesi\u00e4 sek\u00e4 s\u00e4\u00e4telee A-vitamiinin ja makroravintoaineiden aineenvaihduntaa.<\/li>\n<li>MSM ja kysteiini\u00a0sis\u00e4lt\u00e4v\u00e4t rikki\u00e4. MSM eli metyylisulfonyylimetaani on vesiliukoinen, rikkipitoinen yhdiste. Kysteiini on rikkipitoinen aminohappo.<\/li>\n<li>Molybdeeni\u00a0tehostaa rikkipitoisten aminohappojen, muun muassa kysteiinin aineenvaihduntaa.<\/li>\n<li>B<sub>6<\/sub>-vitamiini\u00a0edist\u00e4\u00e4 normaalia kysteiinin synteesi\u00e4, proteiini- ja energia-aineenvaihduntaa sek\u00e4 hormonitoiminnan s\u00e4\u00e4tely\u00e4.<\/li>\n<li>B<sub>2<\/sub>-vitamiini\u00a0edist\u00e4\u00e4 normaalia energia-aineenvaihduntaa, raudan normaalia aineenvaihduntaa ja ihon pysymist\u00e4 normaalina sek\u00e4 solujen suojaamista hapettumisstressilt\u00e4.<\/li>\n<li>C-vitamiini\u00a0muun muassa lis\u00e4\u00e4 raudan imeytymist\u00e4 ja edist\u00e4\u00e4 normaalia kollageenin\u00a0muodostumista ihon normaalia toimintaa varten sek\u00e4 edist\u00e4\u00e4 normaalia energia-aineenvaihduntaa\u00a0ja solujen suojaamista hapettumisstressilt\u00e4.<\/li>\n<\/ul>\n","protected":false},"excerpt":{"rendered":"<h4>Biotiini-sinkki-MSM-kysteiini-molybdeeni-vitamiinikapselit<\/h4>\n<ul>\n<li>Ravintolis\u00e4<\/li>\n<li>Hiusten, kynsien ja ihon rakennetta tukemaan<\/li>\n<li>Vahva ja monipuolinen<\/li>\n<li>Biotiinia 5000\u00a0\u00b5g\/tabletti<\/li>\n<li>Sis\u00e4lt\u00e4\u00e4 lis\u00e4ksi sinkki\u00e4, C-vitamiinia, B-vitamiineja, kysteiini\u00e4, molybdeenia sek\u00e4 OptiMSM-metyylisulfonyylimetaania<\/li>\n<li>Laktoositon, hiivaton, makeuttamaton ja gluteeniton<\/li>\n<\/ul>\n","protected":false},"featured_media":1366,"template":"","meta":{"_acf_changed":false,"rs_blank_template":"","rs_page_bg_color":"","slide_template_v7":""},"product_brand":[],"product_cat":[78,176],"product_tag":[],"class_list":{"0":"post-3791","1":"product","2":"type-product","3":"status-publish","4":"has-post-thumbnail","6":"product_cat-muut-ravintolisat-sv","7":"product_cat-hankintatukku-sv","9":"first","10":"instock","11":"taxable","12":"shipping-taxable","13":"purchasable","14":"product-type-simple"},"acf":[],"_links":{"self":[{"href":"https:\/\/vaasanluonnonravinto.fi\/sv\/wp-json\/wp\/v2\/product\/3791","targetHints":{"allow":["GET"]}}],"collection":[{"href":"https:\/\/vaasanluonnonravinto.fi\/sv\/wp-json\/wp\/v2\/product"}],"about":[{"href":"https:\/\/vaasanluonnonravinto.fi\/sv\/wp-json\/wp\/v2\/types\/product"}],"wp:featuredmedia":[{"embeddable":true,"href":"https:\/\/vaasanluonnonravinto.fi\/sv\/wp-json\/wp\/v2\/media\/1366"}],"wp:attachment":[{"href":"https:\/\/vaasanluonnonravinto.fi\/sv\/wp-json\/wp\/v2\/media?parent=3791"}],"wp:term":[{"taxonomy":"product_brand","embeddable":true,"href":"https:\/\/vaasanluonnonravinto.fi\/sv\/wp-json\/wp\/v2\/product_brand?post=3791"},{"taxonomy":"product_cat","embeddable":true,"href":"https:\/\/vaasanluonnonravinto.fi\/sv\/wp-json\/wp\/v2\/product_cat?post=3791"},{"taxonomy":"product_tag","embeddable":true,"href":"https:\/\/vaasanluonnonravinto.fi\/sv\/wp-json\/wp\/v2\/product_tag?post=3791"}],"curies":[{"name":"wp","href":"https:\/\/api.w.org\/{rel}","templated":true}]}}