{"id":3790,"date":"2019-03-14T14:31:59","date_gmt":"2019-03-14T12:31:59","guid":{"rendered":"https:\/\/vaasanluonnonravinto.fi\/?post_type=product&#038;p=3790"},"modified":"2025-09-01T00:37:07","modified_gmt":"2025-08-31T21:37:07","slug":"evonia-hair-booster","status":"publish","type":"product","link":"https:\/\/vaasanluonnonravinto.fi\/sv\/tuote\/evonia-hair-booster\/","title":{"rendered":"Evonia\u00ae Hair Booster"},"content":{"rendered":"<h4 class=\"meta-title\">Ainesosat<\/h4>\n<p>Kasvisterolivalmiste (betasitosteroli, kampesteroli, sitostanoli, kampestanoli), Paakkuuntumisenestoaineet E 460, E 468 ja E 551, Vihre\u00e4 tee -uute (<em>Camellia sinensis<\/em>), Antosyaniiniv\u00e4rit E 163, Sinkkisitraatti, Pintak\u00e4sittelyaine E 470b, Koliinibitartraatti, Nikotiiniamidi, Aromi vanilliini, D-Biotiini<\/p>\n<p>&nbsp;<\/p>\n<h4 class=\"meta-title\">Vuorokausiannos<\/h4>\n<p>Vuorokausiannos 1 tabletti sis\u00e4lt\u00e4\u00e4:<br \/>\nKasvisteroleja 400 mg<br \/>\nVihre\u00e4 tee -uutetta 100 mg<br \/>\nSinkki\u00e4\u00a010 mg (100%)*<br \/>\nKoliinia 10 mg<br \/>\nNiasiinia 18 mg (113%)*<br \/>\nBiotiinia 100 \u03bcg (200%)*<br \/>\n*vuorokautisen saannin vertailuarvosta<\/p>\n<p>&nbsp;<\/p>\n<h4 class=\"meta-title\">Annostus<\/h4>\n<p>1 tabletti p\u00e4iv\u00e4ss\u00e4 aterian yhteydess\u00e4.<\/p>\n<p>Valmistettu Suomessa<\/p>\n<p>&nbsp;<\/p>\n<h4 class=\"meta-title\">Pakkauskoko<\/h4>\n<p>60 tabl.\/65 g<\/p>\n<p>&nbsp;<\/p>\n<h4 class=\"meta-title\">Fysiologiset vaikutukset<\/h4>\n<ul>\n<li>Miesten voimakas testosteronitaso altistaa juuri miehet hiusten harvenemiselle ja kaljuuntumiselle. Miessukuhormonien voimakas vaikutus hiustuppiin v\u00e4littyy DHT:n eli dihydrotestosteroni-hormonin v\u00e4lityksell\u00e4. Kaljuuntumisprosessissa testosteroni muuttuu kehossa dihydrotestosteroniksi (DHT). Hiustenl\u00e4hd\u00f6n syyt ovat moninaiset ja usein taustalla on p\u00e4\u00e4nahan tulehdustila, joka aiheuttaa hiustenl\u00e4ht\u00f6\u00e4 lis\u00e4ten DHT:n vaikutusta. Hiusten harveneminen ja kaljuuntuminen liittyy voimakkaasti my\u00f6s perint\u00f6tekij\u00f6ihin.<\/li>\n<li>Betasitosterolia sis\u00e4lt\u00e4vill\u00e4 valmisteilla on todettu olevan positiivista vaikutusta miestyyppiseen hiustenl\u00e4ht\u00f6\u00f6n. Naisilla hiustenl\u00e4ht\u00f6 ja harveneminen on yleist\u00e4 vasta vaihdevuosissa. Evonia<sup>\u00ae<\/sup>\u00a0Hair Booster ravintolis\u00e4 sopii my\u00f6s hiustenl\u00e4ht\u00f6\u00f6n naisille.<\/li>\n<li>Evonia<sup>\u00ae\u00a0<\/sup>Hair Booster ravintolis\u00e4 sis\u00e4lt\u00e4\u00e4 juuri oikeat ravintoaineet hiustenl\u00e4ht\u00f6\u00e4 vastaan, hiusten kasvulle ja hyvinvoinnille. Valmiste sis\u00e4lt\u00e4\u00e4 tarkkaan valitut ravintoaineet hillitsem\u00e4\u00e4n testosteronin muuttumista DHT:ksi \u2013 kasvisteroleja, erityisesti betasitosterolia ja muita kasvisteroleja kuten kampesterolia, sitostanolia ja kampestanolia sek\u00e4 lis\u00e4ksi vihre\u00e4 tee -uutetta, koliinia, sinkki\u00e4, niasiinia ja biotiinia, jotka edist\u00e4v\u00e4t hiusten pysymist\u00e4 normaaleina.<\/li>\n<li>Tuotteen betasitosteroli on vaikuttava aine, jolla on merkityst\u00e4 DHT:n est\u00e4j\u00e4n\u00e4 hiustenl\u00e4hd\u00f6lle hilliten testosteronin muuttumista DHT:ksi. My\u00f6s vihre\u00e4 tee -uutteella on vaikutusta DHT:n est\u00e4miseen. Biotiini edist\u00e4\u00e4 hiusten pysymist\u00e4 normaalina ja sinkki on t\u00e4rke\u00e4 kivenn\u00e4isaine hiustupen normaalille muodostumiselle ja se torjuu hiustenl\u00e4ht\u00f6\u00e4.<\/li>\n<\/ul>\n","protected":false},"excerpt":{"rendered":"<h4>Betasitosteroli-koliini-sinkki-vitamiinitabletit<\/h4>\n<ul>\n<li>Ravintolis\u00e4<\/li>\n<li>Hillitsee miestyyppist\u00e4 hiustenl\u00e4ht\u00f6\u00e4, sopii my\u00f6s naisille<\/li>\n<li>Ravintoaineet hiustenl\u00e4ht\u00f6\u00e4 vastaan sek\u00e4 hiusten kasvulle ja hyvinvoinnille<\/li>\n<li>Kehitetty Suomessa yhteisty\u00f6ss\u00e4 HiusAkatemian asiantuntijoiden kanssa<\/li>\n<li>Laktoositon, hiivaton, makeuttamaton, gluteeniton ja vegaaninen<\/li>\n<\/ul>\n","protected":false},"featured_media":1368,"template":"","meta":{"_acf_changed":false,"rs_blank_template":"","rs_page_bg_color":"","slide_template_v7":""},"product_brand":[],"product_cat":[78,176],"product_tag":[],"class_list":{"0":"post-3790","1":"product","2":"type-product","3":"status-publish","4":"has-post-thumbnail","6":"product_cat-muut-ravintolisat-sv","7":"product_cat-hankintatukku-sv","9":"first","10":"instock","11":"taxable","12":"shipping-taxable","13":"purchasable","14":"product-type-simple"},"acf":[],"_links":{"self":[{"href":"https:\/\/vaasanluonnonravinto.fi\/sv\/wp-json\/wp\/v2\/product\/3790","targetHints":{"allow":["GET"]}}],"collection":[{"href":"https:\/\/vaasanluonnonravinto.fi\/sv\/wp-json\/wp\/v2\/product"}],"about":[{"href":"https:\/\/vaasanluonnonravinto.fi\/sv\/wp-json\/wp\/v2\/types\/product"}],"wp:featuredmedia":[{"embeddable":true,"href":"https:\/\/vaasanluonnonravinto.fi\/sv\/wp-json\/wp\/v2\/media\/1368"}],"wp:attachment":[{"href":"https:\/\/vaasanluonnonravinto.fi\/sv\/wp-json\/wp\/v2\/media?parent=3790"}],"wp:term":[{"taxonomy":"product_brand","embeddable":true,"href":"https:\/\/vaasanluonnonravinto.fi\/sv\/wp-json\/wp\/v2\/product_brand?post=3790"},{"taxonomy":"product_cat","embeddable":true,"href":"https:\/\/vaasanluonnonravinto.fi\/sv\/wp-json\/wp\/v2\/product_cat?post=3790"},{"taxonomy":"product_tag","embeddable":true,"href":"https:\/\/vaasanluonnonravinto.fi\/sv\/wp-json\/wp\/v2\/product_tag?post=3790"}],"curies":[{"name":"wp","href":"https:\/\/api.w.org\/{rel}","templated":true}]}}