{"id":3788,"date":"2019-03-14T14:35:16","date_gmt":"2019-03-14T12:35:16","guid":{"rendered":"https:\/\/vaasanluonnonravinto.fi\/?post_type=product&#038;p=3788"},"modified":"2025-09-01T00:37:07","modified_gmt":"2025-08-31T21:37:07","slug":"evonia-hiusten-tehoravinne","status":"publish","type":"product","link":"https:\/\/vaasanluonnonravinto.fi\/sv\/tuote\/evonia-hiusten-tehoravinne\/","title":{"rendered":"Evonia\u00ae Hiusten Tehoravinne"},"content":{"rendered":"<h4 class=\"meta-title\">Ainesosat<\/h4>\n<p>Camelinan siemen\u00f6ljy, Liivate (nauta)*,\u00a0Soija\u00f6ljy, Pellavansiemen\u00f6ljy, Kosteudens\u00e4ilytt\u00e4j\u00e4 E 422*, Sarviapilan siemen\u00f6ljy, L-metioniini, Sinkkiglukonaatti, Para-aminobentsoehappo, Nikotiiniamidi, D-alfatokoferoli,\u00a0Soijalesitiini, Rautafumaraatti, Kalsiumpantotenaatti, V\u00e4ri E 172*, Pyridoksiinihydrokloridi, Syanokobalamiini, Tiamiinihydrokloridi, Riboflaviini, Kolekalsiferoli, D-biotiini * kapselin kuori<\/p>\n<p>&nbsp;<\/p>\n<h4 class=\"meta-title\">Vuorokausiannos<\/h4>\n<p>Vuorokausiannos 1 kaps. sis\u00e4lt\u00e4\u00e4:<br \/>\nCamelinan siemen\u00f6ljy\u00e4\u00a0300 mg<br \/>\nPellavan siemen\u00f6ljy\u00e4\u00a0150 mg<br \/>\nSarviapilan siemen\u00f6ljy\u00e4 100 mg<br \/>\nL-metioniinia\u00a0100 mg<br \/>\nSinkki\u00e4\u00a07,5 mg (75 %)*<br \/>\nPara-aminobentsoehappoa\u00a020 mg<br \/>\nNiasiinia (B<sub>3<\/sub>)\u00a018 mg (113 %)*<br \/>\nE-vitamiinia 10 mg (83 %)*<br \/>\nPantonteenihappoa (B<sub>5<\/sub>)\u00a04 mg (67 %)*<br \/>\nB<sub>6<\/sub>-vitamiinia 2,2 mg (157 %)*<br \/>\nB<sub>12<\/sub>-vitamiinia 3 \u00b5g (120 %)*<br \/>\nB<sub>1<\/sub>-vitamiinia 1,4 mg (127 %)*<br \/>\nB<sub>2<\/sub>-vitamiinia 1,6 mg (114 %)*<br \/>\nD<sub>3<\/sub>-vitamiinia 10 \u00b5g (200 %)*<br \/>\nBiotiinia 60\u00a0\u00b5g (120 %)*<br \/>\n* vuorokautisen saannin vertailuarvosta<\/p>\n<p>&nbsp;<\/p>\n<h4 class=\"meta-title\">Annostus<\/h4>\n<p>1 kapseli p\u00e4iv\u00e4ss\u00e4. Ei suositella raskaana oleville.<\/p>\n<p>&nbsp;<\/p>\n<h4 class=\"meta-title\">Pakkauskoko<\/h4>\n<p>56 kaps.\/80 g<\/p>\n<p>&nbsp;<\/p>\n<h4 class=\"meta-title\">Fysiologiset vaikutukset<\/h4>\n<ul>\n<li>Evonia<sup>\u00ae<\/sup>\u00a0Hiusten tehoravinne -ravintolis\u00e4 on\u00a0kehitetty yhteisty\u00f6ss\u00e4 HiusAkatemian asiantuntijoiden kanssa.<\/li>\n<li>Se sis\u00e4lt\u00e4\u00e4 vahvojen hiusten rakentumiseen tarvittavia ravintoaineita, joiden avulla\u00a0hiussolut muodostuvat\u00a0 mahdollisimman laadukkaiksi ja s\u00e4ilytt\u00e4v\u00e4t elinvoimansa pitk\u00e4\u00e4n.<\/li>\n<li>Sis\u00e4lt\u00e4\u00e4\u00a0hiusjuuren ja hiusten kasvulle t\u00e4rke\u00e4t ravintoaineet oikeassa suhteessa.<\/li>\n<li>Pit\u00e4\u00e4 yll\u00e4 hiusjuuren verenkiertoa ja ravinnonsaantia,\u00a0hiusten kasvuvoimaa\u00a0ja\u00a0hyv\u00e4\u00e4 rakennetta.<\/li>\n<li>Kasvikunnassa\u00a0omega-3 eli alfalinoleenihappoa esiintyy eniten pellavassa\u00a0(<em>Linum usitatissimum<\/em>) ja\u00a0Camelinassa eli kitupellavassa\u00a0(<em>Camelina sativa<\/em>). Evonia<sup>\u00ae<\/sup>\u00a0Hiusten tehoravinne sis\u00e4lt\u00e4\u00e4 n\u00e4iden kasvi\u00f6ljyjen lis\u00e4ksi\u00a0sarviapilan\u00a0(<em>Trigonella foenum graecum L<\/em>.) siemen\u00f6ljy\u00e4. N\u00e4in Evonia<sup>\u00ae<\/sup>\u00a0Hiusten tehoravinteessa\u00a0omega-3 ja omega-6 rasvahapot ovat oikeassa suhteessa (2:1).<\/li>\n<li>Tiamiini\u00a0on t\u00e4rke\u00e4 koentsyymi mm.\u00a0hiilihydraatti-aineenvaihdunnassa.\u00a0Hiilihydraatit sitovat proteiinin hiusainekseen.<\/li>\n<li>Riboflaviini\u00a0toimii aineosana kahdessa flaviinikoentsyymiss\u00e4, joiden toiminta on elimist\u00f6n hapenk\u00e4yt\u00f6lle ja energialle sek\u00e4 mm. proteiinien ja rasvahappojen synteesille t\u00e4rke\u00e4\u00e4.<\/li>\n<li>Biotiini ja niasiini edist\u00e4v\u00e4t ihon pysymist\u00e4 normaalina my\u00f6s p\u00e4\u00e4nahassa.<\/li>\n<li>Pantoteenihappo\u00a0mm. edist\u00e4\u00e4 steroidihormonien synteesi\u00e4 ja aineenvaihduntaa, mill\u00e4 on merkityst\u00e4 hiustenl\u00e4hd\u00f6n torjunnassa.<\/li>\n<li>B<sub>6<\/sub>\u2013 ja B<sub>12<\/sub>-vitamiini toimivat mm. hormonitoiminnan ja aineenvaihdunnan s\u00e4\u00e4telyss\u00e4.<\/li>\n<li>D-vitamiini\u00a0osallistuu solujen jakaantumisprosessiin sek\u00e4 kalsiumin ja fosforin hy\u00f6dynt\u00e4miseen.<\/li>\n<li>E-vitamiini\u00a0toimii\u00a0solujen hapettumista vastaan.<\/li>\n<li>Sinkki\u00a0edist\u00e4\u00e4 hiusten pysymist\u00e4 normaaleina sek\u00e4 rasvahappo- ja proteiiniaineenvaihduntaa.<\/li>\n<\/ul>\n<p>&nbsp;<\/p>\n<p><strong>Hiustutkija Annikki Hagros-Koski suosittelee:<\/strong><br \/>\n\u201dEvonia\u00a0sis\u00e4lt\u00e4\u00e4 hiusjuuren ja hiusten kasvulle t\u00e4rke\u00e4t ravintoaineet oikeassa suhteessa.\u00a0Evonia\u00a0pit\u00e4\u00e4 yll\u00e4 hiusjuuren verenkiertoa ja ravinnonsaantia, hiusten kasvuvoimaa ja hyv\u00e4\u00e4 rakennetta sek\u00e4 est\u00e4\u00e4 hiusten l\u00e4ht\u00f6\u00e4 ja aktivoi hiussolujen tuotantoa.\u201d<\/p>\n<p>Vahvojen hiusten rakentumiseksi tarvitaan useita ravintoaineita, jotka auttavat tuottamaan laadukkaita hiussoluja.\u00a0Evonia-ravintolis\u00e4 on kehitetty t\u00e4t\u00e4 silm\u00e4ll\u00e4pit\u00e4en yhteisty\u00f6ss\u00e4 HiusAkatemian asiantuntijoiden kanssa.<\/p>\n<p>Evonia sis\u00e4lt\u00e4\u00e4 Camelina-,pellavansiemen- ja sarviapilan siemen\u00f6ljy\u00e4 juuri oikeassa suhteessa, jotta omega-3 ja omega-6 rasvahappojen suhde on optimaalinen eli 2:1. Evoniassa on lis\u00e4ksi -, D- ja E-vitamiineja sek\u00e4 sinkki\u00e4 ja metioniinia. Niit\u00e4 tarvitaan edist\u00e4m\u00e4\u00e4n hiusjuurten ravinnonsaantia sek\u00e4 rakentamaan vahvoja ja pitk\u00e4ik\u00e4isi\u00e4 hiuksia.<\/p>\n<p>Evonia sis\u00e4lt\u00e4\u00e4 tarkkaan valitut ravintoaineet hiusten kasvuun.<\/p>\n","protected":false},"excerpt":{"rendered":"<h4>Camelina-pellava-sarviapila-metioniini-sinkki-vitamiinikapseli<\/h4>\n<ul>\n<li>Ravintolis\u00e4<\/li>\n<li>Hiusten hyvinvoinnille<\/li>\n<li>Kasvuvoimaa hiusjuurille<\/li>\n<li>Ravintoaineet hiuksille ja hiuspohjalle<\/li>\n<li>Sis\u00e4lt\u00e4\u00e4 15 tarkkaan valittua tehoainetta antamaan elinvoimaa hiusjuurille ja hiuksille<\/li>\n<li>Laktoositon, hiivaton, makeuttamaton ja gluteeniton<\/li>\n<\/ul>\n","protected":false},"featured_media":3789,"template":"","meta":{"_acf_changed":false,"rs_blank_template":"","rs_page_bg_color":"","slide_template_v7":""},"product_brand":[],"product_cat":[78,176],"product_tag":[],"class_list":{"0":"post-3788","1":"product","2":"type-product","3":"status-publish","4":"has-post-thumbnail","6":"product_cat-muut-ravintolisat-sv","7":"product_cat-hankintatukku-sv","9":"first","10":"instock","11":"taxable","12":"shipping-taxable","13":"purchasable","14":"product-type-simple"},"acf":[],"_links":{"self":[{"href":"https:\/\/vaasanluonnonravinto.fi\/sv\/wp-json\/wp\/v2\/product\/3788","targetHints":{"allow":["GET"]}}],"collection":[{"href":"https:\/\/vaasanluonnonravinto.fi\/sv\/wp-json\/wp\/v2\/product"}],"about":[{"href":"https:\/\/vaasanluonnonravinto.fi\/sv\/wp-json\/wp\/v2\/types\/product"}],"wp:featuredmedia":[{"embeddable":true,"href":"https:\/\/vaasanluonnonravinto.fi\/sv\/wp-json\/wp\/v2\/media\/3789"}],"wp:attachment":[{"href":"https:\/\/vaasanluonnonravinto.fi\/sv\/wp-json\/wp\/v2\/media?parent=3788"}],"wp:term":[{"taxonomy":"product_brand","embeddable":true,"href":"https:\/\/vaasanluonnonravinto.fi\/sv\/wp-json\/wp\/v2\/product_brand?post=3788"},{"taxonomy":"product_cat","embeddable":true,"href":"https:\/\/vaasanluonnonravinto.fi\/sv\/wp-json\/wp\/v2\/product_cat?post=3788"},{"taxonomy":"product_tag","embeddable":true,"href":"https:\/\/vaasanluonnonravinto.fi\/sv\/wp-json\/wp\/v2\/product_tag?post=3788"}],"curies":[{"name":"wp","href":"https:\/\/api.w.org\/{rel}","templated":true}]}}