{"id":3787,"date":"2019-03-14T15:22:20","date_gmt":"2019-03-14T13:22:20","guid":{"rendered":"https:\/\/vaasanluonnonravinto.fi\/?post_type=product&#038;p=3787"},"modified":"2026-02-01T14:37:09","modified_gmt":"2026-02-01T12:37:09","slug":"liverin","status":"publish","type":"product","link":"https:\/\/vaasanluonnonravinto.fi\/sv\/tuote\/liverin\/","title":{"rendered":"Liverin\u00ae"},"content":{"rendered":"<h4 class=\"meta-title\">Ainesosat<\/h4>\n<p>Paakkuuntumisenestoaineet E 460 ja E 551, Maarianohdakkeen siemenuute, Pintak\u00e4sittelyaine E 470b<\/p>\n<p>&nbsp;<\/p>\n<h4 class=\"meta-title\">Vuorokausiannos<\/h4>\n<p>Vuorokausiannos 1 tabl. sis\u00e4lt\u00e4\u00e4:<br \/>\nMaarianohdakkeen siemenuutetta\u00a0\u00a0200 mg, jossa<br \/>\nsilymariinia 160 mg<\/p>\n<p>&nbsp;<\/p>\n<h4 class=\"meta-title\">Annostus<\/h4>\n<p>1 tabletti p\u00e4iv\u00e4ss\u00e4. Ei suositella raskaana oleville tai imett\u00e4ville eik\u00e4 k\u00e4ytett\u00e4v\u00e4ksi verenohennusl\u00e4\u00e4kkeiden kanssa tai jos olet allerginen myker\u00f6kukkaiskasveille. Tabletteja suositellaan nautittavaksi 2 kuukauden kuureina.<\/p>\n<p>Valmistettu Suomessa<\/p>\n<p>&nbsp;<\/p>\n<h4 class=\"meta-title\">Pakkauskoko<\/h4>\n<p>60 tabl.\/33 g<\/p>\n<p>&nbsp;<\/p>\n<h4 class=\"meta-title\">Fysiologiset vaikutukset<\/h4>\n<ul>\n<li>V\u00e4limeren alueelta kotoisin oleva Maarianohdake (<em>Silybum marianum<\/em>) on kaunis kasvi purppuranpunaisine kukintoineen. Se kuuluu myker\u00f6kukkaisten\u00a0<em>Asteraceae<\/em>-heimoon. Aiemmin maarianohdakkeen latinankielinen nimi oli\u00a0<em>Carduus marianus<\/em>.<\/li>\n<li>Maarianohdakkeen kypsiss\u00e4 siemeniss\u00e4 ovat sen vaikuttavat ainesosat, useita flavonolignaanien ryhm\u00e4\u00e4n kuuluvia yhdisteit\u00e4, joita kutsutaan yhteisnimell\u00e4 silymariini. Niist\u00e4 eniten on silybiini\u00e4 eli silibiniini\u00e4 (48 mg\/tabletti), ja se on my\u00f6s merkitt\u00e4vin vaikutuksiltaan.<\/li>\n<li>Maarianohdake on tunnettu jo yli 2000 vuoden ajan vaikutuksestaan maksaan. Keskiajalla sit\u00e4 on k\u00e4ytetty maidon erityst\u00e4 lis\u00e4\u00e4m\u00e4\u00e4n, mist\u00e4 kasvin englanninkielinen nimi milk thistle on saanut alkunsa.<\/li>\n<li>Maarianohdakkeen vaikutukset yhdistet\u00e4\u00e4n kuitenkin p\u00e4\u00e4asiassa maksaan.<\/li>\n<li>Maarianohdaketta suositellaan suojelemaan maksaa sek\u00e4 tukemaan ja tehostamaan maksan toimintaa.<\/li>\n<li>Maarianohdakkeen siementen tehoaine silymariini suojaa maksaa monin tavoin, mm. alkoholin, l\u00e4\u00e4kkeiden ja muiden haitallisten kemikaalien haitoilta. Silymariini lis\u00e4\u00e4 kehomme t\u00e4rkeimm\u00e4n antioksidantin, glutationin m\u00e4\u00e4r\u00e4\u00e4 sek\u00e4 stabiloi maksan solukalvoja.<\/li>\n<li>Silymariini vilkastuttaa maksasolujen aineenvaihduntaa ja vaikuttaa my\u00f6s insuliiniresistenssiin parantamalla maksasolujen insuliiniherkkyytt\u00e4. Huono ruokahalu ja v\u00e4symys saattavat johtua maksasta. T\u00e4ll\u00f6in maarianohdakekuurista voi olla apua.<\/li>\n<li>Yksi Liverin<sup>\u00ae<\/sup>\u00a0-tabletti sis\u00e4lt\u00e4\u00e4 maarianohdakkeen siemenuutetta 200 mg, josta 160 mg on silymariinia. 200 mg uutetta vastaa 5000 mg kuivia maarianohdakkeen siemeni\u00e4. Tabletteja suositellaan nautittavaksi 2 kuukauden kuureina.<\/li>\n<\/ul>\n","protected":false},"excerpt":{"rendered":"<h4>Maarianohdakeuutetabletti (Silybum marianum)<\/h4>\n<ul>\n<li>Ravintolis\u00e4<\/li>\n<li>Maksan toimintaa tukemaan<\/li>\n<li>Auttaa maksaa jaksamaan<\/li>\n<li>200 mg maarianohdakkeen siemenuutetta, jossa 160 mg silymariinia<\/li>\n<li>Laktoositon, hiivaton, makeuttamaton, gluteeniton ja vegaaninen<\/li>\n<\/ul>\n<p>&nbsp;<\/p>\n","protected":false},"featured_media":1404,"template":"","meta":{"_acf_changed":false,"rs_blank_template":"","rs_page_bg_color":"","slide_template_v7":""},"product_brand":[],"product_cat":[78,176],"product_tag":[],"class_list":{"0":"post-3787","1":"product","2":"type-product","3":"status-publish","4":"has-post-thumbnail","6":"product_cat-muut-ravintolisat-sv","7":"product_cat-hankintatukku-sv","9":"first","10":"instock","11":"taxable","12":"shipping-taxable","13":"purchasable","14":"product-type-simple"},"acf":[],"_links":{"self":[{"href":"https:\/\/vaasanluonnonravinto.fi\/sv\/wp-json\/wp\/v2\/product\/3787","targetHints":{"allow":["GET"]}}],"collection":[{"href":"https:\/\/vaasanluonnonravinto.fi\/sv\/wp-json\/wp\/v2\/product"}],"about":[{"href":"https:\/\/vaasanluonnonravinto.fi\/sv\/wp-json\/wp\/v2\/types\/product"}],"wp:featuredmedia":[{"embeddable":true,"href":"https:\/\/vaasanluonnonravinto.fi\/sv\/wp-json\/wp\/v2\/media\/1404"}],"wp:attachment":[{"href":"https:\/\/vaasanluonnonravinto.fi\/sv\/wp-json\/wp\/v2\/media?parent=3787"}],"wp:term":[{"taxonomy":"product_brand","embeddable":true,"href":"https:\/\/vaasanluonnonravinto.fi\/sv\/wp-json\/wp\/v2\/product_brand?post=3787"},{"taxonomy":"product_cat","embeddable":true,"href":"https:\/\/vaasanluonnonravinto.fi\/sv\/wp-json\/wp\/v2\/product_cat?post=3787"},{"taxonomy":"product_tag","embeddable":true,"href":"https:\/\/vaasanluonnonravinto.fi\/sv\/wp-json\/wp\/v2\/product_tag?post=3787"}],"curies":[{"name":"wp","href":"https:\/\/api.w.org\/{rel}","templated":true}]}}