{"id":3782,"date":"2019-03-14T15:38:27","date_gmt":"2019-03-14T13:38:27","guid":{"rendered":"https:\/\/vaasanluonnonravinto.fi\/?post_type=product&#038;p=3782"},"modified":"2026-05-15T06:37:09","modified_gmt":"2026-05-15T03:37:09","slug":"melatosell-melatoniini-19-mg","status":"publish","type":"product","link":"https:\/\/vaasanluonnonravinto.fi\/sv\/tuote\/melatosell-melatoniini-19-mg\/","title":{"rendered":"Melatosell\u00ae Melatoniini 1,9 mg"},"content":{"rendered":"<h4 class=\"meta-title\">Ainesosat<\/h4>\n<p>Mannitoli, Maissit\u00e4rkkelys, Pintak\u00e4sittelyaine E 470b,\u00a0Melatoniini<\/p>\n<p>&nbsp;<\/p>\n<h4 class=\"meta-title\">Vuorokausiannos<\/h4>\n<p>Vuorokausiannos 1 tabl. sis\u00e4lt\u00e4\u00e4:<br \/>\nMelatoniinia 1,9 mg<\/p>\n<p>&nbsp;<\/p>\n<h4 class=\"meta-title\">Annostus<\/h4>\n<p>Nukahtamiseen 1 tabletti p\u00e4iv\u00e4ss\u00e4 illalla ennen nukkumaanmenoa.*<\/p>\n<p>Aikaerosta johtuvaan nukahtamisongelmaan: 1 tabletti l\u00e4hell\u00e4 nukkumaanmenoaikaa ensimm\u00e4isen\u00e4 ja muutamana seuraavana matkap\u00e4iv\u00e4n\u00e4.**<\/p>\n<p>Tabletin voi imeskell\u00e4 tai niell\u00e4 nesteen kera.<\/p>\n<p>*Edullinen vaikutus saavutetaan nauttimalla 1 mg melatoniinia l\u00e4hell\u00e4 nukkumaanmenoaikaa.<\/p>\n<p>**Edullinen vaikutus saavutetaan ottamalla v\u00e4hint\u00e4\u00e4n 0,5 mg:n annos l\u00e4hell\u00e4 nukkumaanmenoaikaa ensimm\u00e4isen\u00e4 matkap\u00e4iv\u00e4n\u00e4 ja muutamana seuraavana p\u00e4iv\u00e4n\u00e4 matkakohteeseen saapumisen j\u00e4lkeen.<\/p>\n<p>Valmistettu Suomessa<\/p>\n<p>&nbsp;<\/p>\n<h4 class=\"meta-title\">Pakkauskoko<\/h4>\n<p>60 tabl.\/18 g<\/p>\n<p>&nbsp;<\/p>\n<h4 class=\"meta-title\">Fysiologiset vaikutukset<\/h4>\n<ul>\n<li>Melatoniini on uni-valverytmin s\u00e4\u00e4telyyn osallistuva hormoni, jota erittyy p\u00e4\u00e4osin aivojen k\u00e4pyrauhasesta. Valon m\u00e4\u00e4r\u00e4 vaikuttaa melatoniinin erittymiseen. Y\u00f6ll\u00e4 ja talviaikaan sit\u00e4 erittyy eniten. Erittyminen on yksil\u00f6llist\u00e4 ja my\u00f6s ik\u00e4 vaikuttaa siihen. Pikkulapsilla melatoniinia erittyy runsaasti, mutta i\u00e4n my\u00f6t\u00e4 melatoniinin erittyminen v\u00e4henee, samoin kuin muun muassa\u00a0stressin ja runsaan alkoholin k\u00e4yt\u00f6n seurauksena.<\/li>\n<li>Melatosell<sup>\u00ae<\/sup>-valmisteella voidaan ravitsemuksellisesti korvata elimist\u00f6n omaa v\u00e4hentynytt\u00e4 melatoniinin erityst\u00e4. Melatoniini auttaa lyhent\u00e4m\u00e4\u00e4n nukahtamisaikaa, sill\u00e4 se valmistaa kehoa nukkumiselle laskien kehon l\u00e4mp\u00f6tilaa ja vireystasoa. Melatoniini ei vaikuta unen rakenteeseen eik\u00e4 aiheuta aamuv\u00e4symyst\u00e4.<\/li>\n<li>Melatoniinivalmistetta voi k\u00e4ytt\u00e4\u00e4 my\u00f6s aikaerosta johtuvaan nukahtamisongelmaan. T\u00e4ll\u00f6in sit\u00e4 otetaan useampana p\u00e4iv\u00e4n\u00e4 matkakohteeseen saapumisen j\u00e4lkeen. Melatoniini palauttaa elimist\u00f6n oman sis\u00e4isen vuorokausirytmin.<\/li>\n<li>Melatosell<sup>\u00ae<\/sup>-tabletit voidaan imeskell\u00e4, jolloin ne vaikuttavat nopeasti. Melatoniinin imeytymist\u00e4 tehostaa se, ett\u00e4 tabletit otetaan tyhj\u00e4\u00e4n vatsaan.<\/li>\n<li>Valmistetta ei suositella raskaana oleville eik\u00e4 imett\u00e4ville.\u00a0 Samanaikaista k\u00e4ytt\u00f6\u00e4 yhdess\u00e4 unettavien l\u00e4\u00e4kkeiden kanssa ei suositella. Liiallisella k\u00e4yt\u00f6ll\u00e4 saattaa olla laksatiivisia vaikutuksia.<\/li>\n<\/ul>\n","protected":false},"excerpt":{"rendered":"<h4>Melatoniinitabletit<\/h4>\n<ul>\n<li>Ravintolis\u00e4<\/li>\n<li>Melatoniini auttaa lyhent\u00e4m\u00e4\u00e4n nukahtamisaikaa ja lievitt\u00e4m\u00e4\u00e4n aikaeron yksil\u00f6llisi\u00e4 vaikutuksia<\/li>\n<li>Gluteeniton, laktoositon, hiivaton ja vegaaninen<\/li>\n<\/ul>\n","protected":false},"featured_media":1414,"template":"","meta":{"_acf_changed":false,"rs_blank_template":"","rs_page_bg_color":"","slide_template_v7":""},"product_brand":[],"product_cat":[78,176],"product_tag":[],"class_list":{"0":"post-3782","1":"product","2":"type-product","3":"status-publish","4":"has-post-thumbnail","6":"product_cat-muut-ravintolisat-sv","7":"product_cat-hankintatukku-sv","9":"first","10":"instock","11":"taxable","12":"shipping-taxable","13":"purchasable","14":"product-type-simple"},"acf":[],"_links":{"self":[{"href":"https:\/\/vaasanluonnonravinto.fi\/sv\/wp-json\/wp\/v2\/product\/3782","targetHints":{"allow":["GET"]}}],"collection":[{"href":"https:\/\/vaasanluonnonravinto.fi\/sv\/wp-json\/wp\/v2\/product"}],"about":[{"href":"https:\/\/vaasanluonnonravinto.fi\/sv\/wp-json\/wp\/v2\/types\/product"}],"wp:featuredmedia":[{"embeddable":true,"href":"https:\/\/vaasanluonnonravinto.fi\/sv\/wp-json\/wp\/v2\/media\/1414"}],"wp:attachment":[{"href":"https:\/\/vaasanluonnonravinto.fi\/sv\/wp-json\/wp\/v2\/media?parent=3782"}],"wp:term":[{"taxonomy":"product_brand","embeddable":true,"href":"https:\/\/vaasanluonnonravinto.fi\/sv\/wp-json\/wp\/v2\/product_brand?post=3782"},{"taxonomy":"product_cat","embeddable":true,"href":"https:\/\/vaasanluonnonravinto.fi\/sv\/wp-json\/wp\/v2\/product_cat?post=3782"},{"taxonomy":"product_tag","embeddable":true,"href":"https:\/\/vaasanluonnonravinto.fi\/sv\/wp-json\/wp\/v2\/product_tag?post=3782"}],"curies":[{"name":"wp","href":"https:\/\/api.w.org\/{rel}","templated":true}]}}