{"id":3781,"date":"2019-03-14T14:43:18","date_gmt":"2019-03-14T12:43:18","guid":{"rendered":"https:\/\/vaasanluonnonravinto.fi\/?post_type=product&#038;p=3781"},"modified":"2024-02-20T10:25:44","modified_gmt":"2024-02-20T08:25:44","slug":"femiwell","status":"publish","type":"product","link":"https:\/\/vaasanluonnonravinto.fi\/sv\/tuote\/femiwell\/","title":{"rendered":"Femiwell"},"content":{"rendered":"<h4 class=\"meta-title\">Ainesosat<\/h4>\n<p>Soijaisoflavonivalmiste,\u00a0Paakkuuntumisenestoaineet E 460 ja E 468, E 551, DL-alfa-tokoferyyliasetaatti, Puna-apilauute, Pintak\u00e4sittelyaine E 470b<\/p>\n<p>&nbsp;<\/p>\n<h4 class=\"meta-title\">Vuorokausiannos<\/h4>\n<p>Vuorokausiannos 1 tabl. sis\u00e4lt\u00e4\u00e4:<br \/>\nSoijaisoflavoneja 50 mg<br \/>\nE-vitamiinia 10 mg*<br \/>\nPuna-apilauutetta\u00a028 mg<br \/>\n*83 % vuorokautisen saannin vertailuarvosta<\/p>\n<p>&nbsp;<\/p>\n<h4 class=\"meta-title\">Annostus<\/h4>\n<p>1 tabletti p\u00e4iv\u00e4ss\u00e4.<\/p>\n<p>Valmistettu Suomessa<\/p>\n<p>&nbsp;<\/p>\n<h4 class=\"meta-title\">Pakkauskoko<\/h4>\n<p>60 tabl.\/17 g<\/p>\n<p>&nbsp;<\/p>\n<h4 class=\"meta-title\">Fysiologiset vaikutukset<\/h4>\n<ul>\n<li>Kasviestrogeenit, kuten soijan isoflavonit, tasapainottavat elimist\u00f6\u00e4 luonnollisesti ja yll\u00e4pit\u00e4v\u00e4t luuston hyv\u00e4\u00e4 kuntoa.<\/li>\n<li>Sis\u00e4lt\u00e4\u00e4 50 mg soijaisoflavoneja\/tabletti.<\/li>\n<li>E-vitamiini suojaa soluja hapettumisstressilt\u00e4 antaen elimist\u00f6lle elinvoimaa ja nuorekkuutta.<\/li>\n<li>Valmistetta suositellaan yli 40-vuotiaille naisille.<\/li>\n<li>Femiwell on GMO-vapaasta eli ei-geenimuunnellusta soijasta tehty valmiste.<\/li>\n<\/ul>\n","protected":false},"excerpt":{"rendered":"<h4>Soijaisoflavoni-puna-apilauute-E-vitamiinitabletti<\/h4>\n<ul>\n<li>Ravintolis\u00e4<\/li>\n<li>Tasapainottaa elimist\u00f6\u00e4 luonnollisesti<\/li>\n<li>E-vitamiini suojaa soluja hapettumisstressilt\u00e4<\/li>\n<li>Valmistettu GMO-vapaasta soijasta<\/li>\n<li>Laktoositon, hiivaton, makeuttamaton, gluteeniton ja vegaaninen<\/li>\n<\/ul>\n","protected":false},"featured_media":1380,"template":"","meta":{"_acf_changed":false,"rs_blank_template":"","rs_page_bg_color":"","slide_template_v7":""},"product_brand":[],"product_cat":[78,176],"product_tag":[],"class_list":{"0":"post-3781","1":"product","2":"type-product","3":"status-publish","4":"has-post-thumbnail","6":"product_cat-muut-ravintolisat-sv","7":"product_cat-hankintatukku-sv","9":"first","10":"instock","11":"taxable","12":"shipping-taxable","13":"purchasable","14":"product-type-simple"},"acf":[],"_links":{"self":[{"href":"https:\/\/vaasanluonnonravinto.fi\/sv\/wp-json\/wp\/v2\/product\/3781","targetHints":{"allow":["GET"]}}],"collection":[{"href":"https:\/\/vaasanluonnonravinto.fi\/sv\/wp-json\/wp\/v2\/product"}],"about":[{"href":"https:\/\/vaasanluonnonravinto.fi\/sv\/wp-json\/wp\/v2\/types\/product"}],"wp:featuredmedia":[{"embeddable":true,"href":"https:\/\/vaasanluonnonravinto.fi\/sv\/wp-json\/wp\/v2\/media\/1380"}],"wp:attachment":[{"href":"https:\/\/vaasanluonnonravinto.fi\/sv\/wp-json\/wp\/v2\/media?parent=3781"}],"wp:term":[{"taxonomy":"product_brand","embeddable":true,"href":"https:\/\/vaasanluonnonravinto.fi\/sv\/wp-json\/wp\/v2\/product_brand?post=3781"},{"taxonomy":"product_cat","embeddable":true,"href":"https:\/\/vaasanluonnonravinto.fi\/sv\/wp-json\/wp\/v2\/product_cat?post=3781"},{"taxonomy":"product_tag","embeddable":true,"href":"https:\/\/vaasanluonnonravinto.fi\/sv\/wp-json\/wp\/v2\/product_tag?post=3781"}],"curies":[{"name":"wp","href":"https:\/\/api.w.org\/{rel}","templated":true}]}}