{"id":3778,"date":"2019-03-14T14:52:58","date_gmt":"2019-03-14T12:52:58","guid":{"rendered":"https:\/\/vaasanluonnonravinto.fi\/?post_type=product&#038;p=3778"},"modified":"2022-03-01T00:48:02","modified_gmt":"2022-02-28T22:48:02","slug":"ginsemax","status":"publish","type":"product","link":"https:\/\/vaasanluonnonravinto.fi\/sv\/tuote\/ginsemax\/","title":{"rendered":"Ginsemax\u00ae"},"content":{"rendered":"<h4 class=\"meta-title\">Ainesosat<\/h4>\n<p>Paakkuuntumisenestoaine E 460, Maissit\u00e4rkkelys, Korean ginsengin juuriuute (<em>Panax ginseng<\/em>), Niasiiniamidi, Pantoteenihappo, Pintak\u00e4sittelyaine E 470b, Syanokobalamiini, Pyridoksiinihydrokloridi, Riboflaviini, Tiamiinimononitraatti, Pteroyylimonoglutamiinihappo, D-biotiini<\/p>\n<p>&nbsp;<\/p>\n<h4 class=\"meta-title\">Vuorokausiannos<\/h4>\n<p>Vuorokausiannos\u00a01 tabl. sis\u00e4lt\u00e4\u00e4:<br \/>\nKorean ginsengin juuriuutetta (<em>Panax ginseng<\/em>) 100\u00a0mg, jossa<br \/>\nginsenosideja\u00a010 mg<br \/>\nNiasiinia (B<sub>3<\/sub>) 16 mg*<br \/>\nPantoteenihappoa (B<sub>5<\/sub>) 6 mg*<br \/>\nB<sub>12<\/sub>-vitamiinia 2,5 \u00b5g*<br \/>\nB<sub>6<\/sub>-vitamiinia 1,4 mg*<br \/>\nB<sub>2<\/sub>-vitamiinia 1,4 mg*<br \/>\nB<sub>1<\/sub>-vitamiinia 1,1 mg*<br \/>\nFoolihappoa 200 \u00b5g*<br \/>\nBiotiinia 50 \u00b5g*<br \/>\n*100 % vuorokautisen saannin vertailuarvosta<\/p>\n<p>&nbsp;<\/p>\n<h4 class=\"meta-title\">Annostus<\/h4>\n<p>1 tabletti p\u00e4iv\u00e4ss\u00e4. Ei suositella henkil\u00f6ille, joilla on kohonnut verenpaine, veren hyytymish\u00e4iri\u00f6 tai verenohennusl\u00e4\u00e4kitys. Ei suositella raskaana oleville tai imett\u00e4ville.<\/p>\n<p>Valmistettu Suomessa<\/p>\n<p>&nbsp;<\/p>\n<h4 class=\"meta-title\">Pakkauskoko<\/h4>\n<p>60 tabl.\/30 g<\/p>\n<p>&nbsp;<\/p>\n<h4 class=\"meta-title\">Fysiologiset vaikutukset<\/h4>\n<ul>\n<li>Ginsemax<sup>\u00ae<\/sup>\u00a0sis\u00e4lt\u00e4\u00e4 vaikuttavana aineena Korean ginsengin juuriuutetta ja B-vitamiineja. Korean ginseng vaikuttaa hyvin monipuolisesti sopeuttaen niin kehoa kuin mielt\u00e4 muuttuviin olosuhteisiin. Valmisteen B-vitamiineilla on lukuisia teht\u00e4vi\u00e4 elimist\u00f6ss\u00e4mme mm. v\u00e4symyst\u00e4 ja uupumusta vastaan.<\/li>\n<li>Adaptogeeni sopeuttaa kehoa ja mielt\u00e4 ymp\u00e4rist\u00f6\u00f6n:\u00a0Ginseng on adaptogeeninen kasvi, joka auttaa elimist\u00f6\u00e4 ja mielt\u00e4 sopeutumaan ymp\u00e4rist\u00f6n muuttuviin tilanteisiin.<\/li>\n<li>Korean ginseng stimuloi ja vahvistaa:Korean ginseng (<em>Panax ginseng<\/em>) on ns. yang-kasvi eli kehoa l\u00e4mmitt\u00e4v\u00e4 ja stimuloiva.<\/li>\n<li>Elinvoimaa erityisesti yli 50-vuotiaille:\u00a0Ginseng torjuu ja hidastaa i\u00e4n my\u00f6t\u00e4 esiintyv\u00e4\u00e4 elinvoiman heikkenemist\u00e4 sek\u00e4 lis\u00e4\u00e4 henkist\u00e4 vireytt\u00e4.\u00a0Ginsengi\u00e4 suositellaan erityisesti korkean i\u00e4n ja keskittymiskyvyn puutteeseen sek\u00e4 yli 50-vuotiaille yll\u00e4pit\u00e4m\u00e4\u00e4n elinvoimaa ja jaksamista.<\/li>\n<li>Fyysinen suorituskyky:Ginsengin ginsenosidit lis\u00e4\u00e4v\u00e4t solujen typpioksidituotantoa, jolloin verisuonet laajenevat ja veren virtaus tehostuu. Ginseng tehostaa hapen k\u00e4ytt\u00f6\u00e4 solutasolla ja antaa siten kest\u00e4vyytt\u00e4 fyysisiin ponnistuksiin.<\/li>\n<li>Aivojen toiminta\u00a0\u2013\u00a0muisti, kognitiivinen toiminta ja valppaus:\u00a0Ginseng vaikuttaa monipuolisesti aivojen toiminnan hyv\u00e4ksi. Se tehostaa aivojen energia-aineenvaihduntaa, glukoosin ottoa ja hapen k\u00e4ytt\u00f6\u00e4. Se vaikuttaa valppauteen, vireyteen, keskittymiskykyyn ja mielialaan tehostaen siten henkist\u00e4 ty\u00f6kyky\u00e4 ja oppimista.<\/li>\n<li>Uupumukseen:\u00a0Ginseng on oiva kasvi uupumukseen, v\u00e4symykseen ja alavireisyyteen. Valmisteen B-vitamiinit tukevat ginsengin vaikutusta.<\/li>\n<li>Vastustuskykyyn:\u00a0Ginseng vaikuttaa kehon immuunipuolustukseen ja vahvistaa siten vastustuskyky\u00e4. B-vitamiinit tukevat t\u00e4t\u00e4 vaikutusta. Niill\u00e4 on my\u00f6s\u00a0useita muita t\u00e4rkeit\u00e4 teht\u00e4vi\u00e4 elimist\u00f6ss\u00e4mme.<\/li>\n<li>Valmisteen B-vitamiinien terveysvaikutuksia:<\/li>\n<li>Ginsemax<sup>\u00ae<\/sup>\u00a0sis\u00e4lt\u00e4\u00e4 kahdeksaa B-vitamiiinia. B-vitamiinit ovat vesiliukoisia ja niill\u00e4 on lukuisia t\u00e4rkeit\u00e4 teht\u00e4vi\u00e4 elimist\u00f6ss\u00e4mme. Kaikki B-vitamiinit edist\u00e4v\u00e4t normaalia energia-aineenvaihduntaa. Lis\u00e4ksi biotiini, niasiini ja tiamiini (B<sub>1<\/sub>-vitamiini) edist\u00e4v\u00e4t hermoston normaalia toimintaa ja tiamiini edist\u00e4\u00e4 syd\u00e4men normaalia toimintaa.<\/li>\n<li>Riboflaviini eli B<sub>12<\/sub>-vitamiini edist\u00e4\u00e4 solujen suojaamista hapettumisstressilt\u00e4 ja auttaa v\u00e4hent\u00e4m\u00e4\u00e4n v\u00e4symyst\u00e4 ja uupumusta.<\/li>\n<li>B<sub>6<\/sub>-vitamiini, B<sub>12<\/sub>-vitamiini ja foolihappo edist\u00e4v\u00e4t normaaleja psykologisia toimintoja, auttavat v\u00e4hent\u00e4m\u00e4\u00e4n v\u00e4symyst\u00e4 ja uupumusta, edist\u00e4v\u00e4t normaalia immuunipuolustusj\u00e4rjestelm\u00e4n toimintaa ja normaalia homokysteiinin aineenvaihduntaa. Pantoteenihappo auttaa v\u00e4hent\u00e4m\u00e4\u00e4n v\u00e4symyst\u00e4 ja uupumust\u00e4 sek\u00e4 edist\u00e4\u00e4 normaalia henkist\u00e4 suorituskyky\u00e4.<\/li>\n<li>K\u00e4yt\u00f6n rajoituksia:Ginseng-valmisteita ei suositella lapsille eik\u00e4 raskaana oleville tai imett\u00e4ville eik\u00e4 my\u00f6sk\u00e4\u00e4n henkil\u00f6ille, joilla on kohonnut verenpaine, veren hyytymish\u00e4iri\u00f6 tai verenohennusl\u00e4\u00e4kitys<\/li>\n<\/ul>\n","protected":false},"excerpt":{"rendered":"<h4>Korean ginseng-B-vitamiinitabletit (<em>Panax ginseng<\/em>)<\/h4>\n<ul>\n<li>Ravintolis\u00e4 v\u00e4symykseen ja uupumukseen, vastustuskyvylle ja hermoston normaalia toimintaa edist\u00e4m\u00e4\u00e4n<\/li>\n<li>Yksi tabletti sis\u00e4lt\u00e4\u00e4 100 mg Korean ginsengin juuriuutetta, jossa on 10 mg ginsenosideja sek\u00e4 kaikkia kahdeksaa B-vitamiinia 100 % vuorokautisen saannin vertailuarvosta<\/li>\n<li>Laktoositon, hiivaton, makeuttamaton, gluteeniton ja vegaaninen<\/li>\n<\/ul>\n","protected":false},"featured_media":1392,"template":"","meta":{"_acf_changed":false,"rs_blank_template":"","rs_page_bg_color":"","slide_template_v7":""},"product_brand":[],"product_cat":[78,176],"product_tag":[],"class_list":{"0":"post-3778","1":"product","2":"type-product","3":"status-publish","4":"has-post-thumbnail","6":"product_cat-muut-ravintolisat-sv","7":"product_cat-hankintatukku-sv","9":"first","10":"instock","11":"taxable","12":"shipping-taxable","13":"purchasable","14":"product-type-simple"},"acf":[],"_links":{"self":[{"href":"https:\/\/vaasanluonnonravinto.fi\/sv\/wp-json\/wp\/v2\/product\/3778","targetHints":{"allow":["GET"]}}],"collection":[{"href":"https:\/\/vaasanluonnonravinto.fi\/sv\/wp-json\/wp\/v2\/product"}],"about":[{"href":"https:\/\/vaasanluonnonravinto.fi\/sv\/wp-json\/wp\/v2\/types\/product"}],"wp:featuredmedia":[{"embeddable":true,"href":"https:\/\/vaasanluonnonravinto.fi\/sv\/wp-json\/wp\/v2\/media\/1392"}],"wp:attachment":[{"href":"https:\/\/vaasanluonnonravinto.fi\/sv\/wp-json\/wp\/v2\/media?parent=3778"}],"wp:term":[{"taxonomy":"product_brand","embeddable":true,"href":"https:\/\/vaasanluonnonravinto.fi\/sv\/wp-json\/wp\/v2\/product_brand?post=3778"},{"taxonomy":"product_cat","embeddable":true,"href":"https:\/\/vaasanluonnonravinto.fi\/sv\/wp-json\/wp\/v2\/product_cat?post=3778"},{"taxonomy":"product_tag","embeddable":true,"href":"https:\/\/vaasanluonnonravinto.fi\/sv\/wp-json\/wp\/v2\/product_tag?post=3778"}],"curies":[{"name":"wp","href":"https:\/\/api.w.org\/{rel}","templated":true}]}}