{"id":3777,"date":"2019-03-14T15:43:09","date_gmt":"2019-03-14T13:43:09","guid":{"rendered":"https:\/\/vaasanluonnonravinto.fi\/?post_type=product&#038;p=3777"},"modified":"2025-10-08T17:16:17","modified_gmt":"2025-10-08T14:16:17","slug":"menowell-45","status":"publish","type":"product","link":"https:\/\/vaasanluonnonravinto.fi\/sv\/tuote\/menowell-45\/","title":{"rendered":"Menowell\u00ae 45+"},"content":{"rendered":"<h4 class=\"meta-title\">Ainesosat<\/h4>\n<p>Kalsiumkarbonaatti, Makeutusaine ksylitoli,\u00a0<em>Tribulus terrestris<\/em>\u00a0-uute, Pellavansiemenen kuoriuute, Pintak\u00e4sittelyaineet guarkumi ja magnesiumstearaatti, Lakritsijuurijauhe, Paakkuuntumisenestoaineet silloitettu natriumkarboksimetyyliselluloosa ja piioksidi,\u00a0Soijaisoflavonivalmiste,\u00a0Kolekalsiferoli<\/p>\n<p>&nbsp;<\/p>\n<h4 class=\"meta-title\">Vuorokausiannos<\/h4>\n<p>Vuorokausiannos 1-2 tabl. sis\u00e4lt\u00e4\u00e4:<br \/>\n<em>Tribulus terrestris<\/em>\u00a0\u2013uutetta 125\u2013250 mg, jossa<br \/>\nprotodioskiineja\u00a012,5\u201325 mg<br \/>\nPellavansiemenen kuoriuutetta 75\u2013150 mg, jossa<br \/>\nlignaaneja\u00a015\u201330 mg<br \/>\nSoijaisoflavonivalmistetta 25\u201350 mg, jossa<br \/>\nsoijaisoflavoneja 10\u201320 mg<br \/>\nKalsiumia 200\u2013400 mg (25-50 %)*<br \/>\nD<sub>3<\/sub>-vitamiinia 2,5\u20135 \u00b5g (50-100 %)*<br \/>\n*vuorokautisen saannin vertailuarvosta<\/p>\n<p>&nbsp;<\/p>\n<h4 class=\"meta-title\">Annostus<\/h4>\n<p>1 tabletti 1 \u2013 2 kertaa p\u00e4iv\u00e4ss\u00e4.<\/p>\n<p>Valmistettu Suomessa<\/p>\n<p>&nbsp;<\/p>\n<h4 class=\"meta-title\">Pakkauskoko<\/h4>\n<p>60 tabl.\/63 g<\/p>\n<p>&nbsp;<\/p>\n<h4 class=\"meta-title\">Fysiologiset vaikutukset<\/h4>\n<ul>\n<li>Menowell<sup>\u00ae<\/sup>\u00a045+ sis\u00e4lt\u00e4\u00e4 kolmea keski-ik\u00e4isen naisen jokap\u00e4iv\u00e4ist\u00e4 el\u00e4m\u00e4\u00e4 tasapainottavaa ja helpottavaa kasviper\u00e4ist\u00e4 vaikuttavaa ainetta, joiden avulla kuukaudet ja vuodet\u00a0kuluvat tasaisemmin.<\/li>\n<li><em>Tribulus terrestris\u00a0<\/em>-uute edist\u00e4\u00e4 aivolis\u00e4kkeen luteinisoivan hormonin tuotantoa, mik\u00e4 vaikuttaa lis\u00e4munuaisen kuoren testosteronieritykseen ja lis\u00e4\u00e4 viriliteetti\u00e4.<\/li>\n<li>Pellavauutteen lignaaneista muodostuvat yhdisteet tasapainottavat hormonitoimintoja.<\/li>\n<li>Soijan isoflavonien\u00a0hy\u00f6ty naisille on tunnettu jo pitk\u00e4\u00e4n.<\/li>\n<li>Kalsium ja D-vitamiini ovat tarpeellisia luuston ja hampaiden pysymiselle normaaleina ja edist\u00e4v\u00e4t lihasten normaalia toimintaa. D-vitamiini edist\u00e4\u00e4 kalsiumin imeytymist\u00e4 ja veren normaalia kalsiumtasoa sek\u00e4 vaikuttaa suotuisasti immuunipuolustusj\u00e4rjestelm\u00e4\u00e4n yll\u00e4pit\u00e4en hyv\u00e4\u00e4 vastustuskyky\u00e4.<\/li>\n<\/ul>\n","protected":false},"excerpt":{"rendered":"<h4>Tribulus terrestris-pellavauute-soijaisoflavonitabletit<\/h4>\n<ul>\n<li>Ravintolis\u00e4<\/li>\n<li>Tasapainottaa luonnollisesti<\/li>\n<li>Kolme luonnon tehoainetta:\u00a0<em>Tribulus terrestris<\/em>\u00a0-uute, pellavauute ja soijaisoflavonit<\/li>\n<li>Mukana kalsium ja D-vitamiini luuston hyv\u00e4ksi<\/li>\n<li>Laktoositon, hiivaton, gluteeniton ja vegaaninen<\/li>\n<\/ul>\n","protected":false},"featured_media":1420,"template":"","meta":{"_acf_changed":false,"rs_blank_template":"","rs_page_bg_color":"","slide_template_v7":""},"product_brand":[],"product_cat":[78,176],"product_tag":[],"class_list":{"0":"post-3777","1":"product","2":"type-product","3":"status-publish","4":"has-post-thumbnail","6":"product_cat-muut-ravintolisat-sv","7":"product_cat-hankintatukku-sv","9":"first","10":"instock","11":"taxable","12":"shipping-taxable","13":"purchasable","14":"product-type-simple"},"acf":[],"_links":{"self":[{"href":"https:\/\/vaasanluonnonravinto.fi\/sv\/wp-json\/wp\/v2\/product\/3777","targetHints":{"allow":["GET"]}}],"collection":[{"href":"https:\/\/vaasanluonnonravinto.fi\/sv\/wp-json\/wp\/v2\/product"}],"about":[{"href":"https:\/\/vaasanluonnonravinto.fi\/sv\/wp-json\/wp\/v2\/types\/product"}],"wp:featuredmedia":[{"embeddable":true,"href":"https:\/\/vaasanluonnonravinto.fi\/sv\/wp-json\/wp\/v2\/media\/1420"}],"wp:attachment":[{"href":"https:\/\/vaasanluonnonravinto.fi\/sv\/wp-json\/wp\/v2\/media?parent=3777"}],"wp:term":[{"taxonomy":"product_brand","embeddable":true,"href":"https:\/\/vaasanluonnonravinto.fi\/sv\/wp-json\/wp\/v2\/product_brand?post=3777"},{"taxonomy":"product_cat","embeddable":true,"href":"https:\/\/vaasanluonnonravinto.fi\/sv\/wp-json\/wp\/v2\/product_cat?post=3777"},{"taxonomy":"product_tag","embeddable":true,"href":"https:\/\/vaasanluonnonravinto.fi\/sv\/wp-json\/wp\/v2\/product_tag?post=3777"}],"curies":[{"name":"wp","href":"https:\/\/api.w.org\/{rel}","templated":true}]}}