{"id":3775,"date":"2019-03-14T15:47:43","date_gmt":"2019-03-14T13:47:43","guid":{"rendered":"https:\/\/vaasanluonnonravinto.fi\/?post_type=product&#038;p=3775"},"modified":"2020-10-06T13:38:58","modified_gmt":"2020-10-06T10:38:58","slug":"propolmax","status":"publish","type":"product","link":"https:\/\/vaasanluonnonravinto.fi\/sv\/tuote\/propolmax\/","title":{"rendered":"Propolmax"},"content":{"rendered":"<h4 class=\"meta-title\">Ainesosat<\/h4>\n<p>Ainesosat vuorokausiannoksessa (5-15 tippaa):<br \/>\nPropolisuutetta 0,2-0,6 ml, joka vastaa<br \/>\n24-72 mg propolista<br \/>\nUutteen etanolipitoisuus n. 60 til-%<\/p>\n<p>&nbsp;<\/p>\n<h4 class=\"meta-title\">Annostus<\/h4>\n<p><strong>Ulkoisesti:<\/strong>\u00a0Muutama tippa iholle tarpeen mukaan.<br \/>\n<strong>Sis\u00e4isesti:<\/strong>\u00a05 tippaa (0,2 ml) nesteen kera 1-3 kertaa p\u00e4iv\u00e4ss\u00e4.<\/p>\n<p>Valmistettu Suomessa<\/p>\n<p>&nbsp;<\/p>\n<h4 class=\"meta-title\">Pakkauskoko<\/h4>\n<p>50 ml<\/p>\n","protected":false},"excerpt":{"rendered":"<h4>Propolisuute<\/h4>\n<ul>\n<li>Ravintolis\u00e4<\/li>\n<li>Ulkoisesti Propolmax on hyv\u00e4 mm. haavojen hoitoon, ihottumiin, finneihin ja hy\u00f6nteisten puremiin<\/li>\n<li>Propolis eli mehil\u00e4iskittivaha on vahamaista ruskeaa ainetta, jota ty\u00f6mehil\u00e4iset valmistavat puiden silmujen eritteest\u00e4. Sit\u00e4 k\u00e4ytet\u00e4\u00e4n mehil\u00e4ispes\u00e4n rakennusaineena.<\/li>\n<li>Vahva suomalainen 100 %:nen propolis- eli mehil\u00e4iskittivahauute, jota tulee nauttia veteen sekoitettuna.<\/li>\n<\/ul>\n","protected":false},"featured_media":1432,"template":"","meta":{"_acf_changed":false,"rs_blank_template":"","rs_page_bg_color":"","slide_template_v7":""},"product_brand":[],"product_cat":[78,176],"product_tag":[],"class_list":{"0":"post-3775","1":"product","2":"type-product","3":"status-publish","4":"has-post-thumbnail","6":"product_cat-muut-ravintolisat-sv","7":"product_cat-hankintatukku-sv","9":"first","10":"instock","11":"taxable","12":"shipping-taxable","13":"purchasable","14":"product-type-simple"},"acf":[],"_links":{"self":[{"href":"https:\/\/vaasanluonnonravinto.fi\/sv\/wp-json\/wp\/v2\/product\/3775","targetHints":{"allow":["GET"]}}],"collection":[{"href":"https:\/\/vaasanluonnonravinto.fi\/sv\/wp-json\/wp\/v2\/product"}],"about":[{"href":"https:\/\/vaasanluonnonravinto.fi\/sv\/wp-json\/wp\/v2\/types\/product"}],"wp:featuredmedia":[{"embeddable":true,"href":"https:\/\/vaasanluonnonravinto.fi\/sv\/wp-json\/wp\/v2\/media\/1432"}],"wp:attachment":[{"href":"https:\/\/vaasanluonnonravinto.fi\/sv\/wp-json\/wp\/v2\/media?parent=3775"}],"wp:term":[{"taxonomy":"product_brand","embeddable":true,"href":"https:\/\/vaasanluonnonravinto.fi\/sv\/wp-json\/wp\/v2\/product_brand?post=3775"},{"taxonomy":"product_cat","embeddable":true,"href":"https:\/\/vaasanluonnonravinto.fi\/sv\/wp-json\/wp\/v2\/product_cat?post=3775"},{"taxonomy":"product_tag","embeddable":true,"href":"https:\/\/vaasanluonnonravinto.fi\/sv\/wp-json\/wp\/v2\/product_tag?post=3775"}],"curies":[{"name":"wp","href":"https:\/\/api.w.org\/{rel}","templated":true}]}}