{"id":3774,"date":"2019-03-14T14:55:44","date_gmt":"2019-03-14T12:55:44","guid":{"rendered":"https:\/\/vaasanluonnonravinto.fi\/?post_type=product&#038;p=3774"},"modified":"2020-09-22T14:25:43","modified_gmt":"2020-09-22T11:25:43","slug":"guarana-forte","status":"publish","type":"product","link":"https:\/\/vaasanluonnonravinto.fi\/sv\/tuote\/guarana-forte\/","title":{"rendered":"Guarana Forte"},"content":{"rendered":"<h4 class=\"meta-title\">Ainesosat<\/h4>\n<p>Guaranansiemenuute, Paakkuuntumisenestoaineet E 460, E 551, Pintak\u00e4sittelyaine E 470b<\/p>\n<p>&nbsp;<\/p>\n<h4 class=\"meta-title\">Vuorokausiannos<\/h4>\n<p>Vuorokausiannos 4 tabl. sis\u00e4lt\u00e4\u00e4:<br \/>\nGuaranansiemenuutetta\u00a02000 mg<\/p>\n<p>&nbsp;<\/p>\n<h4 class=\"meta-title\">Annostus<\/h4>\n<p>4 tablettia p\u00e4iv\u00e4ss\u00e4.<\/p>\n<p>Valmistettu Suomessa<\/p>\n<p>&nbsp;<\/p>\n<h4 class=\"meta-title\">Pakkauskoko<\/h4>\n<p>40 tabl.\/25 g<\/p>\n<p>&nbsp;<\/p>\n<h4 class=\"meta-title\">Fysiologiset vaikutukset<\/h4>\n<ul>\n<li>Guarana forte virkist\u00e4\u00e4 ja pirist\u00e4\u00e4 nopeasti ja tehokkaasti.<\/li>\n<li>Suositellaan erityisesti opiskelijoille, autoilijoille, vuoroty\u00f6ntekij\u00f6ille ja kaikille nopeavaikutteista piristyst\u00e4 tarvitseville.<\/li>\n<\/ul>\n","protected":false},"excerpt":{"rendered":"<h4>Guaranatabletit<\/h4>\n<ul>\n<li>Ravintolis\u00e4<\/li>\n<li>Brasilian viidakoissa kasvavan guarana-k\u00f6ynn\u00f6skasvin (<em>Paullinia cupana<\/em>) siemenist\u00e4 valmistettua uutetta on k\u00e4ytetty vuosisatojen ajan pirist\u00e4vien ja virkist\u00e4vien vaikutustensa vuoksi<\/li>\n<li>2 tablettia sis\u00e4lt\u00e4\u00e4 1000 mg vakioitua siemenuutetta, mik\u00e4 vastaa pirist\u00e4vilt\u00e4 ominaisuuksiltaan kupillista kahvia<\/li>\n<li>Guarana on nopeavaikutteinen ja sen vaikutus kest\u00e4\u00e4 noin kaksi kertaa kauemmin kuin esim. kahvin sis\u00e4lt\u00e4m\u00e4n kofeiinin vaikutus<\/li>\n<li>Kemiallisten analyysien mukaan guarana sis\u00e4lt\u00e4\u00e4 ksantiineja \u2013 p\u00e4\u00e4asiassa guaraniinia (luontainen kofeiini), theobromiinia ja theofylliini\u00e4<\/li>\n<li>Laktoositon, hiivaton, makeuttamaton, gluteeniton ja vegaaninen<\/li>\n<\/ul>\n","protected":false},"featured_media":1394,"template":"","meta":{"_acf_changed":false,"rs_blank_template":"","rs_page_bg_color":"","slide_template_v7":""},"product_brand":[],"product_cat":[78,176],"product_tag":[],"class_list":{"0":"post-3774","1":"product","2":"type-product","3":"status-publish","4":"has-post-thumbnail","6":"product_cat-muut-ravintolisat-sv","7":"product_cat-hankintatukku-sv","9":"first","10":"instock","11":"taxable","12":"shipping-taxable","13":"purchasable","14":"product-type-simple"},"acf":[],"_links":{"self":[{"href":"https:\/\/vaasanluonnonravinto.fi\/sv\/wp-json\/wp\/v2\/product\/3774","targetHints":{"allow":["GET"]}}],"collection":[{"href":"https:\/\/vaasanluonnonravinto.fi\/sv\/wp-json\/wp\/v2\/product"}],"about":[{"href":"https:\/\/vaasanluonnonravinto.fi\/sv\/wp-json\/wp\/v2\/types\/product"}],"wp:featuredmedia":[{"embeddable":true,"href":"https:\/\/vaasanluonnonravinto.fi\/sv\/wp-json\/wp\/v2\/media\/1394"}],"wp:attachment":[{"href":"https:\/\/vaasanluonnonravinto.fi\/sv\/wp-json\/wp\/v2\/media?parent=3774"}],"wp:term":[{"taxonomy":"product_brand","embeddable":true,"href":"https:\/\/vaasanluonnonravinto.fi\/sv\/wp-json\/wp\/v2\/product_brand?post=3774"},{"taxonomy":"product_cat","embeddable":true,"href":"https:\/\/vaasanluonnonravinto.fi\/sv\/wp-json\/wp\/v2\/product_cat?post=3774"},{"taxonomy":"product_tag","embeddable":true,"href":"https:\/\/vaasanluonnonravinto.fi\/sv\/wp-json\/wp\/v2\/product_tag?post=3774"}],"curies":[{"name":"wp","href":"https:\/\/api.w.org\/{rel}","templated":true}]}}