{"id":3770,"date":"2019-03-14T15:00:37","date_gmt":"2019-03-14T13:00:37","guid":{"rendered":"https:\/\/vaasanluonnonravinto.fi\/?post_type=product&#038;p=3770"},"modified":"2023-01-26T14:43:17","modified_gmt":"2023-01-26T12:43:17","slug":"islamax","status":"publish","type":"product","link":"https:\/\/vaasanluonnonravinto.fi\/sv\/tuote\/islamax\/","title":{"rendered":"Islamax"},"content":{"rendered":"<h4 class=\"meta-title\">Ainesosat<\/h4>\n<p>Ainesosat vuorokausiannoksessa (45 ml):<br \/>\nHunajaa 14,3 g<br \/>\nSiirappia<br \/>\nIslanninj\u00e4k\u00e4l\u00e4uutetta (<em>Cetraria islandica<\/em>)<br \/>\nTimjamiuutetta (<em>Thymus vulgaris<\/em>)<br \/>\nPeltokorteuutetta (<em>Equisetum arvense<\/em>)<br \/>\nAnisuutetta (<em>Pimpinella anisum<\/em>)<br \/>\nS\u00e4il\u00f6nt\u00e4ainetta E 202<\/p>\n<p>&nbsp;<\/p>\n<h4 class=\"meta-title\">Vuorokausiannos<\/h4>\n<p>Vuorokausiannos 45 ml (=3 rkl) Islamaxia vastaa:<br \/>\nKuivattua islanninj\u00e4k\u00e4l\u00e4\u00e4\u00a0360 mg<br \/>\nKuivattua timjamia\u00a0135 mg<br \/>\nKuivattua peltokortetta 90 mg<br \/>\nAniksen siemeni\u00e4 45 mg<\/p>\n<p>&nbsp;<\/p>\n<h4 class=\"meta-title\">Annostus<\/h4>\n<p>15 ml (1 rkl) 3 kertaa p\u00e4iv\u00e4ss\u00e4. Suojattava auringonvalolta. Ravistettava.<\/p>\n<p>Valmistettu Suomessa<\/p>\n<p>&nbsp;<\/p>\n<h4 class=\"meta-title\">Pakkauskoko<\/h4>\n<p>250 ml<\/p>\n<p>&nbsp;<\/p>\n<h4 class=\"meta-title\">Fysiologiset vaikutukset<\/h4>\n<ul>\n<li>Hyv\u00e4nmakuinen ja luonnollinen Islamax sis\u00e4lt\u00e4\u00e4 islanninj\u00e4k\u00e4l\u00e4st\u00e4, peltokortteesta, timjamista ja aniksen siemenist\u00e4 valmistettuja uutteita. Niit\u00e4 on perinteisesti k\u00e4ytetty limaa irrottavien ominaisuuksiensa vuoksi ja tukemaan hengitysteiden ja keuhkojen limakalvojen hyvinvointia.<\/li>\n<li>Hunaja t\u00e4ydent\u00e4\u00e4 yrttien vaikutusta, sill\u00e4 se sis\u00e4lt\u00e4\u00e4 runsaasti terveydelle hy\u00f6dyllisi\u00e4 orgaanisia yhdisteit\u00e4, entsyymej\u00e4, kivenn\u00e4isaineita ja vitamiineja.<\/li>\n<li>Islamaxin sis\u00e4lt\u00e4mien yrttien tehoaineilla likeniinilla ja isolikeniinilla tunnetaan olevan seuraavia vaikutuksia:<br \/>\n\u2013 likeniini ja isolikeniini irrottavat limaa ja lievent\u00e4v\u00e4t ysk\u00e4n\u00e4rsytyst\u00e4<br \/>\n\u2013 lis\u00e4ksi islanninj\u00e4k\u00e4l\u00e4\u00e4 on perinteisesti k\u00e4ytetty lis\u00e4\u00e4m\u00e4\u00e4n ruokahalua<\/li>\n<\/ul>\n","protected":false},"excerpt":{"rendered":"<h4>Islanninj\u00e4k\u00e4l\u00e4uute-hunajavalmiste<\/h4>\n<ul>\n<li>Ravintolis\u00e4<\/li>\n<li>Hengitysteiden hyvinvointiin<\/li>\n<\/ul>\n","protected":false},"featured_media":1398,"template":"","meta":{"_acf_changed":false,"rs_blank_template":"","rs_page_bg_color":"","slide_template_v7":""},"product_brand":[],"product_cat":[78,176],"product_tag":[],"class_list":{"0":"post-3770","1":"product","2":"type-product","3":"status-publish","4":"has-post-thumbnail","6":"product_cat-muut-ravintolisat-sv","7":"product_cat-hankintatukku-sv","9":"first","10":"instock","11":"taxable","12":"shipping-taxable","13":"purchasable","14":"product-type-simple"},"acf":[],"_links":{"self":[{"href":"https:\/\/vaasanluonnonravinto.fi\/sv\/wp-json\/wp\/v2\/product\/3770","targetHints":{"allow":["GET"]}}],"collection":[{"href":"https:\/\/vaasanluonnonravinto.fi\/sv\/wp-json\/wp\/v2\/product"}],"about":[{"href":"https:\/\/vaasanluonnonravinto.fi\/sv\/wp-json\/wp\/v2\/types\/product"}],"wp:featuredmedia":[{"embeddable":true,"href":"https:\/\/vaasanluonnonravinto.fi\/sv\/wp-json\/wp\/v2\/media\/1398"}],"wp:attachment":[{"href":"https:\/\/vaasanluonnonravinto.fi\/sv\/wp-json\/wp\/v2\/media?parent=3770"}],"wp:term":[{"taxonomy":"product_brand","embeddable":true,"href":"https:\/\/vaasanluonnonravinto.fi\/sv\/wp-json\/wp\/v2\/product_brand?post=3770"},{"taxonomy":"product_cat","embeddable":true,"href":"https:\/\/vaasanluonnonravinto.fi\/sv\/wp-json\/wp\/v2\/product_cat?post=3770"},{"taxonomy":"product_tag","embeddable":true,"href":"https:\/\/vaasanluonnonravinto.fi\/sv\/wp-json\/wp\/v2\/product_tag?post=3770"}],"curies":[{"name":"wp","href":"https:\/\/api.w.org\/{rel}","templated":true}]}}