{"id":3768,"date":"2019-03-14T15:14:35","date_gmt":"2019-03-14T13:14:35","guid":{"rendered":"https:\/\/vaasanluonnonravinto.fi\/?post_type=product&#038;p=3768"},"modified":"2020-09-22T14:09:41","modified_gmt":"2020-09-22T11:09:41","slug":"kelpamax","status":"publish","type":"product","link":"https:\/\/vaasanluonnonravinto.fi\/sv\/tuote\/kelpamax\/","title":{"rendered":"Kelpamax"},"content":{"rendered":"<h4 class=\"meta-title\">Ainesosat<\/h4>\n<p>Merilev\u00e4 (<em>Ascophyllum nodosum<\/em>,\u00a0<em>Laminaria digitata<\/em>), Paakkuuntumisenestoaine E 460, Pintak\u00e4sittelyaine E 470b<\/p>\n<p>&nbsp;<\/p>\n<h4 class=\"meta-title\">Vuorokausiannos<\/h4>\n<p>Vuorokausiannos 1 tabl. sis\u00e4lt\u00e4\u00e4:<br \/>\nJodia 150 \u00b5g (100 %)*<br \/>\n*vuorokautisen saannin vertailuarvosta<\/p>\n<p>&nbsp;<\/p>\n<h4 class=\"meta-title\">Annostus<\/h4>\n<p>1 tabletti p\u00e4iv\u00e4ss\u00e4.<\/p>\n<p>Valmistettu Suomessa<\/p>\n<p>&nbsp;<\/p>\n<h4 class=\"meta-title\">Pakkauskoko<\/h4>\n<p>120 tabl.\/48 g<\/p>\n<p>&nbsp;<\/p>\n<h4 class=\"meta-title\">Fysiologiset vaikutukset<\/h4>\n<ul>\n<li>Meren kasvillisuuden monipuoliset ravinteet ovat ker\u00e4\u00e4ntyneet erityisesti merilev\u00e4\u00e4n. Ihmiset ovat k\u00e4ytt\u00e4neet vuosituhansia merilev\u00e4\u00e4 sen ravintorikkauden ansiosta ruokavaliota t\u00e4ydent\u00e4m\u00e4\u00e4n.<\/li>\n<li>Merilev\u00e4 on luonnon monipuolinen ja ravinnerikas mineraalivalmiste, joka tuo elinvoimaa koko elimist\u00f6lle.<\/li>\n<li>Merilev\u00e4 on erinomainen jodin l\u00e4hde. Jodi edist\u00e4\u00e4 kilpirauhashormonien normaalia toimintaa s\u00e4\u00e4dellen t\u00e4ten aineenvaihdunnan tasoa. Jodi on t\u00e4rke\u00e4 my\u00f6s mm. hermoston ja ihon hyvinvoinnille.<\/li>\n<\/ul>\n","protected":false},"excerpt":{"rendered":"<h4>Merilev\u00e4tabletit<\/h4>\n<ul>\n<li>Ravintolis\u00e4<\/li>\n<li>Kelpamax-tableteissa on k\u00e4ytetty pohjoisilta vesilt\u00e4 per\u00e4isin olevia\u00a0<em>Ascophyllum nodosum<\/em>\u2013 ja\u00a0<em>Laminaria digitata<\/em>\u00a0-merilevi\u00e4, jotka sis\u00e4lt\u00e4v\u00e4t luonnollisessa\u00a0muodossa useita alkuaineita, noin 20 aminohappoa, runsaasti vitamiineja ja kivenn\u00e4isaineita, muun muassa jodia.<\/li>\n<li>Merilev\u00e4 on er\u00e4s arvokkaimmista ja monipuolisimmista luonnon ravintol\u00e4hteist\u00e4.<\/li>\n<li>1 tabletti sis\u00e4lt\u00e4\u00e4 jodia 150 \u00b5g eli 100 % p\u00e4ivitt\u00e4isest\u00e4 saantisuosituksesta (RDA).<\/li>\n<li>Laktoositon, hiivaton, makeuttamaton, gluteeniton ja vegaaninen<\/li>\n<\/ul>\n","protected":false},"featured_media":1400,"template":"","meta":{"_acf_changed":false,"rs_blank_template":"","rs_page_bg_color":"","slide_template_v7":""},"product_brand":[],"product_cat":[78,176],"product_tag":[],"class_list":{"0":"post-3768","1":"product","2":"type-product","3":"status-publish","4":"has-post-thumbnail","6":"product_cat-muut-ravintolisat-sv","7":"product_cat-hankintatukku-sv","9":"first","10":"instock","11":"taxable","12":"shipping-taxable","13":"purchasable","14":"product-type-simple"},"acf":[],"_links":{"self":[{"href":"https:\/\/vaasanluonnonravinto.fi\/sv\/wp-json\/wp\/v2\/product\/3768","targetHints":{"allow":["GET"]}}],"collection":[{"href":"https:\/\/vaasanluonnonravinto.fi\/sv\/wp-json\/wp\/v2\/product"}],"about":[{"href":"https:\/\/vaasanluonnonravinto.fi\/sv\/wp-json\/wp\/v2\/types\/product"}],"wp:featuredmedia":[{"embeddable":true,"href":"https:\/\/vaasanluonnonravinto.fi\/sv\/wp-json\/wp\/v2\/media\/1400"}],"wp:attachment":[{"href":"https:\/\/vaasanluonnonravinto.fi\/sv\/wp-json\/wp\/v2\/media?parent=3768"}],"wp:term":[{"taxonomy":"product_brand","embeddable":true,"href":"https:\/\/vaasanluonnonravinto.fi\/sv\/wp-json\/wp\/v2\/product_brand?post=3768"},{"taxonomy":"product_cat","embeddable":true,"href":"https:\/\/vaasanluonnonravinto.fi\/sv\/wp-json\/wp\/v2\/product_cat?post=3768"},{"taxonomy":"product_tag","embeddable":true,"href":"https:\/\/vaasanluonnonravinto.fi\/sv\/wp-json\/wp\/v2\/product_tag?post=3768"}],"curies":[{"name":"wp","href":"https:\/\/api.w.org\/{rel}","templated":true}]}}