{"id":3767,"date":"2019-03-14T15:18:26","date_gmt":"2019-03-14T13:18:26","guid":{"rendered":"https:\/\/vaasanluonnonravinto.fi\/?post_type=product&#038;p=3767"},"modified":"2022-01-20T16:14:32","modified_gmt":"2022-01-20T14:14:32","slug":"kolestop","status":"publish","type":"product","link":"https:\/\/vaasanluonnonravinto.fi\/sv\/tuote\/kolestop\/","title":{"rendered":"Kolestop\u00ae"},"content":{"rendered":"<h4 class=\"meta-title\">Ainesosat<\/h4>\n<p>Kasvisterolivalmiste (beetasitosteroli, kampesteroli, sitostanoli ja kampestanoli), Paakkuuntumisenestoaineet E 460, E 468 ja E 551, Pintak\u00e4sittelyaineet E 470b, Aromi (vanilliini)<\/p>\n<p>&nbsp;<\/p>\n<h4 class=\"meta-title\">Vuorokausiannos<\/h4>\n<p>Vuorokausiannos 4 tabl. sis\u00e4lt\u00e4\u00e4:<br \/>\nKasvisteroleja\u00a02000 mg<\/p>\n<p>&nbsp;<\/p>\n<h4 class=\"meta-title\">Annostus<\/h4>\n<p>2 tablettia 2 kertaa p\u00e4iv\u00e4ss\u00e4 nesteen kera.<\/p>\n<p>Valmistettu Suomessa<\/p>\n<p>&nbsp;<\/p>\n<h4 class=\"meta-title\">Pakkauskoko<\/h4>\n<p>60 tabl.\/60 g<\/p>\n<p>&nbsp;<\/p>\n<h4 class=\"meta-title\">Fysiologiset vaikutukset<\/h4>\n<ul>\n<li>Sterolit ovat rengasrakenteisia hiilt\u00e4, vety\u00e4 ja happea sis\u00e4lt\u00e4vi\u00e4 yhdisteit\u00e4, joista yleisin on el\u00e4inkunnan kolesteroli. Elimist\u00f6ss\u00e4 muodostuu kolesterolia, joka ei hajoa, vaan se erittyy sapen mukana ohutsuoleen. Kolesteroli on elimist\u00f6lle v\u00e4ltt\u00e4m\u00e4t\u00f6n aine, sill\u00e4 se toimii rakenneosana solujen solukalvoissa, mutta liika kolesteroli alkaa kerty\u00e4 verisuoniin. Jos veren kolesterolitaso on yli 5 mmol\/l, katsotaan sen olevan koholla.<\/li>\n<li>Kolesterolia saadaan ruokavaliosta vain el\u00e4inkunnan tuotteista. Veress\u00e4 kolesteroli esiintyy lipoproteiinien muodossa, joista t\u00e4rkeimm\u00e4t ovat HDL ja LDL-kolesteroli. LDL-kolesteroli (ns. paha kolesteroli) hapettuu herk\u00e4sti ja voi t\u00e4ll\u00f6in ahtauttaa verisuonia.<\/li>\n<li>Kasvisterolit ovat kaikissa kasveissa esiintyvi\u00e4 rasvankaltaisia yhdisteit\u00e4, joiden rakenne muistuttaa kolesterolia. Kasvisterolien on todettu alentavan veren kolesterolitasoa, mink\u00e4 vuoksi niit\u00e4 lis\u00e4t\u00e4\u00e4n elintarvikkeisiin, mm. margariineihin ja jogurtteihin. Kasvisterolit kuten beetasitosteroli poistuvat helposti teollisessa ruoanvalmistuksessa.<\/li>\n<li>Kasvisterolien vaikutus perustuu siihen, ett\u00e4 ne v\u00e4hent\u00e4v\u00e4t kolesterolin imeytymist\u00e4 ruoansulatuskanavasta verenkiertoon ja pienent\u00e4v\u00e4t siten veren kolesterolipitoisuutta. S\u00e4\u00e4nn\u00f6llisesti k\u00e4ytettyn\u00e4 n. 2 g kasvisteroleja ja -stanoleja p\u00e4iv\u00e4ss\u00e4 v\u00e4hent\u00e4\u00e4 kolesterolin imeytymist\u00e4 ruoansulatuskanavasta ja pienent\u00e4\u00e4 seerumin LDL-kolesterolipitoisuutta 10-15 %.<\/li>\n<li>Kolestop<sup>\u00ae<\/sup>\u00a0-tabletit sis\u00e4lt\u00e4v\u00e4t sek\u00e4 kasvisteroleja ett\u00e4 \u2013stanoleja: mm. beetasitosterolia, kampesterolia, sitostanolia ja kampestanolia. Tablettien muodossa nautittujen kasvisteroleiden avulla kolesteroliarvoja voidaan laskea vaivattomasti.<\/li>\n<\/ul>\n","protected":false},"excerpt":{"rendered":"<h4>Kasvisterolitabletit<\/h4>\n<ul>\n<li>Ravintolis\u00e4<\/li>\n<li>Kolestop\u00ae sis\u00e4lt\u00e4\u00e4 runsaasti kasvisteroleja, jotka edist\u00e4v\u00e4t veren kolesterolitasojen pysymist\u00e4 normaaleina<\/li>\n<li>2 g kasvisteroleja\/vrk-annos<\/li>\n<li>Laktoositon, hiivaton, makeuttamaton, gluteeniton ja vegaaninen<\/li>\n<\/ul>\n","protected":false},"featured_media":1402,"template":"","meta":{"_acf_changed":false,"rs_blank_template":"","rs_page_bg_color":"","slide_template_v7":""},"product_brand":[],"product_cat":[78,176],"product_tag":[],"class_list":{"0":"post-3767","1":"product","2":"type-product","3":"status-publish","4":"has-post-thumbnail","6":"product_cat-muut-ravintolisat-sv","7":"product_cat-hankintatukku-sv","9":"first","10":"instock","11":"taxable","12":"shipping-taxable","13":"purchasable","14":"product-type-simple"},"acf":[],"_links":{"self":[{"href":"https:\/\/vaasanluonnonravinto.fi\/sv\/wp-json\/wp\/v2\/product\/3767","targetHints":{"allow":["GET"]}}],"collection":[{"href":"https:\/\/vaasanluonnonravinto.fi\/sv\/wp-json\/wp\/v2\/product"}],"about":[{"href":"https:\/\/vaasanluonnonravinto.fi\/sv\/wp-json\/wp\/v2\/types\/product"}],"wp:featuredmedia":[{"embeddable":true,"href":"https:\/\/vaasanluonnonravinto.fi\/sv\/wp-json\/wp\/v2\/media\/1402"}],"wp:attachment":[{"href":"https:\/\/vaasanluonnonravinto.fi\/sv\/wp-json\/wp\/v2\/media?parent=3767"}],"wp:term":[{"taxonomy":"product_brand","embeddable":true,"href":"https:\/\/vaasanluonnonravinto.fi\/sv\/wp-json\/wp\/v2\/product_brand?post=3767"},{"taxonomy":"product_cat","embeddable":true,"href":"https:\/\/vaasanluonnonravinto.fi\/sv\/wp-json\/wp\/v2\/product_cat?post=3767"},{"taxonomy":"product_tag","embeddable":true,"href":"https:\/\/vaasanluonnonravinto.fi\/sv\/wp-json\/wp\/v2\/product_tag?post=3767"}],"curies":[{"name":"wp","href":"https:\/\/api.w.org\/{rel}","templated":true}]}}