{"id":3766,"date":"2019-03-14T15:58:24","date_gmt":"2019-03-14T13:58:24","guid":{"rendered":"https:\/\/vaasanluonnonravinto.fi\/?post_type=product&#038;p=3766"},"modified":"2022-09-13T16:49:37","modified_gmt":"2022-09-13T13:49:37","slug":"redasin-strong","status":"publish","type":"product","link":"https:\/\/vaasanluonnonravinto.fi\/sv\/tuote\/redasin-strong\/","title":{"rendered":"Redasin\u00ae Forte"},"content":{"rendered":"<h4 class=\"meta-title\" style=\"text-align: right;\">Ainesosat<\/h4>\n<p>Paakkuuntumisenestoaineet E 460, E 551, Punariisi (<em>Monascus purpureus<\/em>\u00a0-rihmasienell\u00e4 fermentoitu riisi), Pintak\u00e4sittelyaine E 470b, Ubikinoni (ubidekarenoni), Syanokobalamiini, Pyridoksiinihydrokloridi, Pteroyylimonoglutamiinihappo<\/p>\n<p>&nbsp;<\/p>\n<h4 class=\"meta-title\">Vuorokausiannos<\/h4>\n<p>Vuorokausiannos 1 tabl. sis\u00e4lt\u00e4\u00e4:<br \/>\nPunariisi\u00e4 99,7 mg, josta<br \/>\nmonakoliini-K:ta 2,99mg<br \/>\nUbikinonia 10 mg<br \/>\nB<sub>12<\/sub>-vitamiinia 2,5\u00b5g (100%)<br \/>\nB<sub>6<\/sub>-vitamiinia 1,4mg (100 %)*<br \/>\nFoolihappoa 200 \u00b5g (100 %)*<br \/>\n*vuorokautisen saannin vertailuarvosta<\/p>\n<p>&nbsp;<\/p>\n<h4 class=\"meta-title\">Annostus<\/h4>\n<p>1 tablettia p\u00e4iv\u00e4ss\u00e4, mielell\u00e4\u00e4n illalla. Tabletit voidaan tarvittaessa puolittaa, pureskella pienemm\u00e4ksi tai jauhaa ja sekoittaa ruokaan. Annostusta ei saa ylitt\u00e4\u00e4. Ei lasten ulottuville. Punariisivalmistetta ei suositella raskaana oleville, imett\u00e4ville, maksasairauksista k\u00e4rsiville eik\u00e4 elinsiirtopotilaille. Varmistakaa hoitavalta l\u00e4\u00e4k\u00e4rilt\u00e4 punariisivalmisteen yhteensopivuus k\u00e4yt\u00f6ss\u00e4 olevien reseptil\u00e4\u00e4kkeiden kanssa. Greippimehua ei saa juoda punariisi\u00e4 k\u00e4ytett\u00e4ess\u00e4, koska mehu est\u00e4\u00e4 CYP3A4-entsyymin aktiivisuutta ja punariisi metaboloituu t\u00e4m\u00e4n systeemin kautta, jolloin sen vaikutus ja haittavaikutukset saattavat voimistua.<\/p>\n<p>Valmistettu Suomessa<\/p>\n<p>&nbsp;<\/p>\n<h4 class=\"meta-title\">Pakkauskoot<\/h4>\n<p>120 tabl.\/60 g<\/p>\n<p>&nbsp;<\/p>\n<h4 class=\"meta-title\">Fysiologiset vaikutukset<\/h4>\n<ul>\n<li>Punariisi valmistetaan fermentoimalla valkoista riisi\u00e4\u00a0<em>Monascus purpureus<\/em>\u00a0-rihmasienell\u00e4. T\u00e4ss\u00e4 fermentointiprosessissa syntyy voimakkaan punaista v\u00e4riainetta ja v\u00e4rj\u00e4ytyneet riisinjyv\u00e4t\u00a0 kuivataan ja jauhetaan.<\/li>\n<li>Punariisin sis\u00e4lt\u00e4m\u00e4 monakoliini-K edist\u00e4\u00e4 2,99mg:n p\u00e4ivitt\u00e4isell\u00e4 annoksella veren kolesterolitasojen pysymist\u00e4 normaalina.<\/li>\n<li>Ubikinoni (koentsyymi Q10) on \u00a0vahva, rasvaliukoinen, vitamiinin kaltainen aine, jota on elimist\u00f6mme jokaisessa solussa. Ubikinonia muodostuu maksassa, mutta sen muodostuminen v\u00e4henee muun muassa\u00a0i\u00e4n ja joidenkin sairauksien sek\u00e4 l\u00e4\u00e4ke- ja ravintoaineiden vaikutuksesta.<\/li>\n<li>Redasin<sup>\u00ae<\/sup>\u00a0Forte sis\u00e4lt\u00e4\u00e4 t\u00e4rke\u00e4t ravintoaineet syd\u00e4men ja verisuonten hyvinvointiin. Punariisin ja ubikinonin lis\u00e4ksi valmiste sis\u00e4lt\u00e4\u00e4 kolmen B-vitamiinin yhdistelm\u00e4n; foolihappo,\u00a0 B<sub>6<\/sub>\u2013 ja B<sub>12<\/sub>-vitamiini, joka edist\u00e4\u00e4 homokysteiinin aineenvaihduntaa sek\u00e4 immuunij\u00e4rjestelm\u00e4n normaalia toimintaa.<\/li>\n<li>H\u00e4iri\u00f6t entsyymitoiminnassa (perinn\u00f6lliset) tai vitamiinien (foolihappo, B<sub>6<\/sub>\u2013\u00a0 ja B<sub>12<\/sub>-vitamiini) puutokset johtavat kohonneisiin homokysteiinitasoihin elimist\u00f6ss\u00e4.<\/li>\n<li>Redasin<sup>\u00ae<\/sup>\u00a0Forte antaa uutta energiaa ja antioksidanttisuojaa elimist\u00f6lle.<\/li>\n<\/ul>\n","protected":false},"excerpt":{"rendered":"<h4>Punariisi-ubikinoni-B-vitamiinitabletit<\/h4>\n<ul>\n<li>Ravintolis\u00e4 syd\u00e4men ja verisuonten hyvinvointiin<\/li>\n<li>Sis\u00e4lt\u00e4\u00e4 punariisi\u00e4 sek\u00e4 syd\u00e4melle t\u00e4rkeit\u00e4 ubikinonia (koentsyymi Q10) ja foolihappoa B6\u2013 ja B12-vitamiinia<\/li>\n<li>Laktoositon, hiivaton, gluteeniton, makeuttamaton ja vegaaninen<\/li>\n<\/ul>\n","protected":false},"featured_media":21581,"template":"","meta":{"_acf_changed":false},"product_brand":[],"product_cat":[78,176],"product_tag":[],"class_list":{"0":"post-3766","1":"product","2":"type-product","3":"status-publish","4":"has-post-thumbnail","6":"product_cat-muut-ravintolisat-sv","7":"product_cat-hankintatukku-sv","9":"first","10":"instock","11":"taxable","12":"shipping-taxable","13":"purchasable","14":"product-type-simple"},"acf":[],"_links":{"self":[{"href":"https:\/\/vaasanluonnonravinto.fi\/sv\/wp-json\/wp\/v2\/product\/3766","targetHints":{"allow":["GET"]}}],"collection":[{"href":"https:\/\/vaasanluonnonravinto.fi\/sv\/wp-json\/wp\/v2\/product"}],"about":[{"href":"https:\/\/vaasanluonnonravinto.fi\/sv\/wp-json\/wp\/v2\/types\/product"}],"wp:featuredmedia":[{"embeddable":true,"href":"https:\/\/vaasanluonnonravinto.fi\/sv\/wp-json\/wp\/v2\/media\/21581"}],"wp:attachment":[{"href":"https:\/\/vaasanluonnonravinto.fi\/sv\/wp-json\/wp\/v2\/media?parent=3766"}],"wp:term":[{"taxonomy":"product_brand","embeddable":true,"href":"https:\/\/vaasanluonnonravinto.fi\/sv\/wp-json\/wp\/v2\/product_brand?post=3766"},{"taxonomy":"product_cat","embeddable":true,"href":"https:\/\/vaasanluonnonravinto.fi\/sv\/wp-json\/wp\/v2\/product_cat?post=3766"},{"taxonomy":"product_tag","embeddable":true,"href":"https:\/\/vaasanluonnonravinto.fi\/sv\/wp-json\/wp\/v2\/product_tag?post=3766"}],"curies":[{"name":"wp","href":"https:\/\/api.w.org\/{rel}","templated":true}]}}