{"id":3764,"date":"2019-03-14T16:04:03","date_gmt":"2019-03-14T14:04:03","guid":{"rendered":"https:\/\/vaasanluonnonravinto.fi\/?post_type=product&#038;p=3764"},"modified":"2024-02-20T10:24:16","modified_gmt":"2024-02-20T08:24:16","slug":"relaxor-forte","status":"publish","type":"product","link":"https:\/\/vaasanluonnonravinto.fi\/sv\/tuote\/relaxor-forte\/","title":{"rendered":"Relaxor Forte"},"content":{"rendered":"<h4 class=\"meta-title\">Ainesosat<\/h4>\n<p>Glukoosi, K\u00e4rsimyskukkauute, Pintak\u00e4sittelyaineet E 412 ja E 470b, Paakkuuntumisenestoaine E 551, Piparminttu\u00f6ljy<\/p>\n<p>&nbsp;<\/p>\n<h4 class=\"meta-title\">Vuorokausiannos<\/h4>\n<p>Vuorokausiannos 1-4 tabl. sis\u00e4lt\u00e4\u00e4:<br \/>\nK\u00e4rsimyskukkauutetta 188-752 mg<\/p>\n<p>&nbsp;<\/p>\n<h4 class=\"meta-title\">Annostus<\/h4>\n<p>1-4 tablettia p\u00e4iv\u00e4ss\u00e4. Tablettien annetaan liueta suussa.<\/p>\n<p>Valmistettu Suomessa<\/p>\n<p>&nbsp;<\/p>\n<h4 class=\"meta-title\">Pakkauskoko<\/h4>\n<p>60 tabl.\/30 g<\/p>\n<p>&nbsp;<\/p>\n<h4 class=\"meta-title\">Fysiologiset vaikutukset<\/h4>\n<ul>\n<li>K\u00e4rsimyskukkaa (<em>Passiflora incarnata<\/em>) on k\u00e4ytetty mielt\u00e4 rauhoittamaan sek\u00e4 mielialaa kohottamaan.<\/li>\n<li>K\u00e4rsimyskukka my\u00f6s edist\u00e4\u00e4 keskittymiskyky\u00e4.<\/li>\n<li>Ei tunnettuja sivuvaikutuksia.<\/li>\n<li>Relaxor Forte sopii henkil\u00f6ille, jotka tuntevat olonsa ep\u00e4varmaksi ja j\u00e4nnittyneeksi.<\/li>\n<\/ul>\n","protected":false},"excerpt":{"rendered":"<h4>K\u00e4rsimyskukkauutetabletit<\/h4>\n<ul>\n<li>Ravintolis\u00e4<\/li>\n<li>K\u00e4rsimyskukka (<em>Passiflora incarnata<\/em>) on tunnettu kasvi, jota on k\u00e4ytetty kiireist\u00e4 mielt\u00e4 rauhoittamaan<\/li>\n<li>Relaxor Forte -tabletit sis\u00e4lt\u00e4v\u00e4t vakioidun m\u00e4\u00e4r\u00e4n k\u00e4rsimyskukkauutetta<\/li>\n<li>Tablettien vaikutus tehostuu, mik\u00e4li niiden annetaan liueta suussa<\/li>\n<li>Laktoositon, hiivaton, gluteeniton ja vegaaninen<\/li>\n<\/ul>\n","protected":false},"featured_media":1446,"template":"","meta":{"_acf_changed":false},"product_brand":[],"product_cat":[78,176],"product_tag":[],"class_list":{"0":"post-3764","1":"product","2":"type-product","3":"status-publish","4":"has-post-thumbnail","6":"product_cat-muut-ravintolisat-sv","7":"product_cat-hankintatukku-sv","9":"first","10":"instock","11":"taxable","12":"shipping-taxable","13":"purchasable","14":"product-type-simple"},"acf":[],"_links":{"self":[{"href":"https:\/\/vaasanluonnonravinto.fi\/sv\/wp-json\/wp\/v2\/product\/3764","targetHints":{"allow":["GET"]}}],"collection":[{"href":"https:\/\/vaasanluonnonravinto.fi\/sv\/wp-json\/wp\/v2\/product"}],"about":[{"href":"https:\/\/vaasanluonnonravinto.fi\/sv\/wp-json\/wp\/v2\/types\/product"}],"wp:featuredmedia":[{"embeddable":true,"href":"https:\/\/vaasanluonnonravinto.fi\/sv\/wp-json\/wp\/v2\/media\/1446"}],"wp:attachment":[{"href":"https:\/\/vaasanluonnonravinto.fi\/sv\/wp-json\/wp\/v2\/media?parent=3764"}],"wp:term":[{"taxonomy":"product_brand","embeddable":true,"href":"https:\/\/vaasanluonnonravinto.fi\/sv\/wp-json\/wp\/v2\/product_brand?post=3764"},{"taxonomy":"product_cat","embeddable":true,"href":"https:\/\/vaasanluonnonravinto.fi\/sv\/wp-json\/wp\/v2\/product_cat?post=3764"},{"taxonomy":"product_tag","embeddable":true,"href":"https:\/\/vaasanluonnonravinto.fi\/sv\/wp-json\/wp\/v2\/product_tag?post=3764"}],"curies":[{"name":"wp","href":"https:\/\/api.w.org\/{rel}","templated":true}]}}