{"id":3763,"date":"2019-05-29T12:35:35","date_gmt":"2019-05-29T09:35:35","guid":{"rendered":"https:\/\/vaasanluonnonravinto.fi\/?post_type=product&#038;p=3763"},"modified":"2020-09-14T16:38:02","modified_gmt":"2020-09-14T13:38:02","slug":"remasan","status":"publish","type":"product","link":"https:\/\/vaasanluonnonravinto.fi\/sv\/tuote\/remasan\/","title":{"rendered":"Remasan\u00ae"},"content":{"rendered":"<h4 class=\"meta-title\">Ainesosat<\/h4>\n<p>Kuivattu RPO-2 osterivinokasjauhe, Liivate (kapselin kuori, naudasta)<\/p>\n<p>&nbsp;<\/p>\n<h4 class=\"meta-title\">Vuorokausiannos<\/h4>\n<p>Vuorokausiannos 6 kaps. sis\u00e4lt\u00e4\u00e4:<br \/>\nOsterivinokasjauhetta 1524 mg<\/p>\n<p>&nbsp;<\/p>\n<h4 class=\"meta-title\">Annostus<\/h4>\n<p>&nbsp;<\/p>\n<p><strong>Aikuiset:<\/strong>\u00a02 kapselia 3 kertaa p\u00e4iv\u00e4ss\u00e4.<\/p>\n<p>&nbsp;<\/p>\n<p><strong>Lasten annostus:<br \/>\n<\/strong>2-6-vuotiaille 1 kapseli 2 kertaa p\u00e4iv\u00e4ss\u00e4<br \/>\n7-12-vuotiaille 1 kapseli 3 kertaa p\u00e4iv\u00e4ss\u00e4<br \/>\nyli 12-vuotiaille 2 kapselia 2-3 kertaa p\u00e4iv\u00e4ss\u00e4<\/p>\n<p>&nbsp;<\/p>\n<p>Lapsille suositellaan yll\u00e4mainittua annostusta 4-6 viikon ajan, sitten 2 viikon tauko ja tarvittaessa uusi 4-6 viikon kuuri. Varsinaista yliannostusta ei tunneta.<\/p>\n<p>&nbsp;<\/p>\n<p>Kapselin voi halutessaan avata ja k\u00e4ytt\u00e4\u00e4 pelk\u00e4st\u00e4\u00e4n sis\u00e4ll\u00f6n sellaisenaan tai sekoittaa sen ruokaan<\/p>\n<p>&nbsp;<\/p>\n<p>S\u00e4ilytet\u00e4\u00e4n kuivassa paikassa<\/p>\n<p>&nbsp;<\/p>\n<p>Valmistettu Suomessa<\/p>\n<p>&nbsp;<\/p>\n<h4 class=\"meta-title\">Pakkauskoko<\/h4>\n<p>72 kaps.\/25 g ja\u00a0120 kaps.\/42 g<\/p>\n<p>&nbsp;<\/p>\n<h4 class=\"meta-title\">Fysiologiset vaikutukset<\/h4>\n<ul>\n<li>Osterivinokkaan (<em>Pleurotus ostreatus<\/em>) sis\u00e4lt\u00e4m\u00e4t sille ominaiset polysakkaridit ja glykoproteiinit vaikuttavat suotuisasti rasva-aineenvaihduntaan.<\/li>\n<li>Monipuolisen ja tasapainoisen koostumuksensa ansiosta osterivinokas on arvokas ravintolis\u00e4.<\/li>\n<\/ul>\n","protected":false},"excerpt":{"rendered":"<h4>Osterivinokaskapselit<\/h4>\n<ul>\n<li>Ravintolis\u00e4<\/li>\n<li>Remasan\u00ae sis\u00e4lt\u00e4\u00e4 sienim\u00f6ss\u00e4 erikoisviljelty\u00e4, tarkkojen tutkimusten perusteella valittua ja pitk\u00e4lle jalostettua RPO-2 osterivinokaskantaa (Pleurotus ostreatus)<\/li>\n<li>1 kapseli sis\u00e4lt\u00e4\u00e4 254 mg osterivinokasjauhetta<\/li>\n<li>Laktoositon, hiivaton, makeuttamaton ja gluteeniton<\/li>\n<\/ul>\n","protected":false},"featured_media":1448,"template":"","meta":{"_acf_changed":false},"product_brand":[],"product_cat":[78,176],"product_tag":[],"class_list":{"0":"post-3763","1":"product","2":"type-product","3":"status-publish","4":"has-post-thumbnail","6":"product_cat-muut-ravintolisat-sv","7":"product_cat-hankintatukku-sv","9":"first","10":"instock","11":"taxable","12":"shipping-taxable","13":"purchasable","14":"product-type-simple"},"acf":[],"_links":{"self":[{"href":"https:\/\/vaasanluonnonravinto.fi\/sv\/wp-json\/wp\/v2\/product\/3763","targetHints":{"allow":["GET"]}}],"collection":[{"href":"https:\/\/vaasanluonnonravinto.fi\/sv\/wp-json\/wp\/v2\/product"}],"about":[{"href":"https:\/\/vaasanluonnonravinto.fi\/sv\/wp-json\/wp\/v2\/types\/product"}],"wp:featuredmedia":[{"embeddable":true,"href":"https:\/\/vaasanluonnonravinto.fi\/sv\/wp-json\/wp\/v2\/media\/1448"}],"wp:attachment":[{"href":"https:\/\/vaasanluonnonravinto.fi\/sv\/wp-json\/wp\/v2\/media?parent=3763"}],"wp:term":[{"taxonomy":"product_brand","embeddable":true,"href":"https:\/\/vaasanluonnonravinto.fi\/sv\/wp-json\/wp\/v2\/product_brand?post=3763"},{"taxonomy":"product_cat","embeddable":true,"href":"https:\/\/vaasanluonnonravinto.fi\/sv\/wp-json\/wp\/v2\/product_cat?post=3763"},{"taxonomy":"product_tag","embeddable":true,"href":"https:\/\/vaasanluonnonravinto.fi\/sv\/wp-json\/wp\/v2\/product_tag?post=3763"}],"curies":[{"name":"wp","href":"https:\/\/api.w.org\/{rel}","templated":true}]}}