{"id":3761,"date":"2019-05-29T12:35:33","date_gmt":"2019-05-29T09:35:33","guid":{"rendered":"https:\/\/vaasanluonnonravinto.fi\/?post_type=product&#038;p=3761"},"modified":"2021-01-11T12:02:22","modified_gmt":"2021-01-11T10:02:22","slug":"ternimax","status":"publish","type":"product","link":"https:\/\/vaasanluonnonravinto.fi\/sv\/tuote\/ternimax\/","title":{"rendered":"Ternimax\u00ae"},"content":{"rendered":"<h4 class=\"meta-title\">Ainesosat<\/h4>\n<p>Lyofilisoitu\u00a0ternimaitotiiviste,\u00a0Liivate (kapselin kuori, naudasta), Paakkuuntumisenestoaineet E 460 ja E 551, Pintak\u00e4sittelyaine E 470b, V\u00e4ri E 171 (kapselin kuori)<\/p>\n<p>&nbsp;<\/p>\n<h4 class=\"meta-title\">Vuorokausiannos<\/h4>\n<p>Vuorokausiannos 1-3 kaps. sis\u00e4lt\u00e4\u00e4:<br \/>\nLyofilisoitua ternimaitotiivistett\u00e4\u00a0300 \u2013 900 mg, josta immunoglobuliineja\u00a0120 \u2013 360 mg<\/p>\n<p>&nbsp;<\/p>\n<h4 class=\"meta-title\">Annostus<\/h4>\n<p>1 kapseli 1-3 kertaa p\u00e4iv\u00e4ss\u00e4 n. 30 minuuttia ennen ateriaa.<\/p>\n<p>Valmistettu Suomessa<\/p>\n<p>&nbsp;<\/p>\n<h4 class=\"meta-title\">Pakkauskoko<\/h4>\n<p>120 kaps.\/51 g<\/p>\n<p>&nbsp;<\/p>\n<h4 class=\"meta-title\">Fysiologiset vaikutukset<\/h4>\n<ul>\n<li>Ternimaito (colostrum)\u00a0on kaikkien nis\u00e4kk\u00e4iden synnytyksen j\u00e4lkeen muutaman p\u00e4iv\u00e4n ajan eritt\u00e4m\u00e4\u00e4 ravintoa. T\u00e4m\u00e4 ensimaito on huomattavasti ravintorikkaampaa kuin tavallinen maito. Se sis\u00e4lt\u00e4\u00e4 monia hyvinvointia edist\u00e4vi\u00e4 bioaktiiviisia yhdisteit\u00e4:\u00a0ternimaidossa on runsaasti luonnollisia kasvutekij\u00f6it\u00e4, immunoglobuliineja eli\u00a0 vasta-aineita, vitamiineja ja hivenaineita.<\/li>\n<li>Ternimaito sopii s\u00e4\u00e4nn\u00f6lliseen k\u00e4ytt\u00f6\u00f6n kaikenik\u00e4isille t\u00e4ydent\u00e4m\u00e4\u00e4n ruokavaliota:<br \/>\n-urheilijoille ja kuntoilijoille antamaan kest\u00e4vyytt\u00e4 ja nopeuttamaan palautumista urheilusuorituksen j\u00e4lkeen sek\u00e4 tuomaan lis\u00e4\u00e4 terveit\u00e4 harjoitusp\u00e4ivi\u00e4,<br \/>\n-huonosta vastustuskyvyst\u00e4 k\u00e4rsiville ja toipilaille,<br \/>\n-v\u00e4syneille, stressaantuneille, ik\u00e4\u00e4ntyville ja toipilaille tuomaan vireytt\u00e4 ja edist\u00e4m\u00e4\u00e4n hyvinvointia<\/li>\n<li>Ternimaidon laktoosipitoisuus on hyvin matala, joten se sopii useimmiten my\u00f6s maitotuotteista vatsaoireita saaville henkil\u00f6ille.<\/li>\n<\/ul>\n","protected":false},"excerpt":{"rendered":"<h4>Ternimaitokapselit<\/h4>\n<ul>\n<li>Ravintolis\u00e4<\/li>\n<li>Vahva kapselimuotoinen valmiste, sis\u00e4lt\u00e4\u00e4 300 mg\u00a0 ternimaitotiivistett\u00e4\/kapseli,\u00a0josta 40 % eli 120 mg immunoglobuliineja (vasta-aineita)<\/li>\n<li>P\u00e4iv\u00e4annoksesta (1-3 kapselia) saadaan 120\u2013360 mg immunoglobuliineja Ternimax<sup>\u00ae<\/sup>-kapseleissa k\u00e4ytett\u00e4v\u00e4 ternimaito ker\u00e4t\u00e4\u00e4n lehmist\u00e4, jotka saavat laiduntaa vapaasti It\u00e4vallan puhtailla laitumilla.\u00a0Laidunmaiden<\/li>\n<li>ole k\u00e4ytetty maatalouden torjunta-aineita eik\u00e4 maatalouskemikaaleja. Jokaisen tuotantoer\u00e4n alkuper\u00e4 on j\u00e4ljitett\u00e4viss\u00e4 ja tiukasti valvottu tarkastajien toimesta.<\/li>\n<li>ker\u00e4t\u00e4\u00e4n talteen poikimisen j\u00e4lkeen 24 tunnin sis\u00e4ll\u00e4 vain kahdesta ensimm\u00e4isest\u00e4 lypsykerrasta; vasta-aineiden m\u00e4\u00e4r\u00e4 on suurimmillaan ensimm\u00e4isiss\u00e4 lypsykerroissa ja v\u00e4henee my\u00f6hemmin.<\/li>\n<li>Raaka-aine jalostetaan hell\u00e4varaisella lyofilisoinnilla eli pakkaskuivauksella jauhemaiseen muotoon. Patentoidulla erikoismenetelm\u00e4ll\u00e4 varmistetaan rasvan ja kaseiinin poistaminen. Samalla taataan ternimaidon herkkien bioaktiivisten ainesosien s\u00e4ilyminen mahdollisimman muuttumattomina ja aktiivisina, jolloin niist\u00e4 on suurin hy\u00f6ty my\u00f6s ihmisen terveydelle.<\/li>\n<li>Hiivaton, makeuttamaton ja gluteeniton<\/li>\n<\/ul>\n","protected":false},"featured_media":1634,"template":"","meta":{"_acf_changed":false,"rs_blank_template":"","rs_page_bg_color":"","slide_template_v7":""},"product_brand":[],"product_cat":[78,176],"product_tag":[],"class_list":{"0":"post-3761","1":"product","2":"type-product","3":"status-publish","4":"has-post-thumbnail","6":"product_cat-muut-ravintolisat-sv","7":"product_cat-hankintatukku-sv","9":"first","10":"instock","11":"taxable","12":"shipping-taxable","13":"purchasable","14":"product-type-simple"},"acf":[],"_links":{"self":[{"href":"https:\/\/vaasanluonnonravinto.fi\/sv\/wp-json\/wp\/v2\/product\/3761","targetHints":{"allow":["GET"]}}],"collection":[{"href":"https:\/\/vaasanluonnonravinto.fi\/sv\/wp-json\/wp\/v2\/product"}],"about":[{"href":"https:\/\/vaasanluonnonravinto.fi\/sv\/wp-json\/wp\/v2\/types\/product"}],"wp:featuredmedia":[{"embeddable":true,"href":"https:\/\/vaasanluonnonravinto.fi\/sv\/wp-json\/wp\/v2\/media\/1634"}],"wp:attachment":[{"href":"https:\/\/vaasanluonnonravinto.fi\/sv\/wp-json\/wp\/v2\/media?parent=3761"}],"wp:term":[{"taxonomy":"product_brand","embeddable":true,"href":"https:\/\/vaasanluonnonravinto.fi\/sv\/wp-json\/wp\/v2\/product_brand?post=3761"},{"taxonomy":"product_cat","embeddable":true,"href":"https:\/\/vaasanluonnonravinto.fi\/sv\/wp-json\/wp\/v2\/product_cat?post=3761"},{"taxonomy":"product_tag","embeddable":true,"href":"https:\/\/vaasanluonnonravinto.fi\/sv\/wp-json\/wp\/v2\/product_tag?post=3761"}],"curies":[{"name":"wp","href":"https:\/\/api.w.org\/{rel}","templated":true}]}}