{"id":3749,"date":"2019-03-18T13:38:47","date_gmt":"2019-03-18T11:38:47","guid":{"rendered":"https:\/\/vaasanluonnonravinto.fi\/?post_type=product&#038;p=3749"},"modified":"2025-10-08T17:15:25","modified_gmt":"2025-10-08T14:15:25","slug":"omega-junior","status":"publish","type":"product","link":"https:\/\/vaasanluonnonravinto.fi\/sv\/tuote\/omega-junior\/","title":{"rendered":"Bioteekki Omega Family"},"content":{"rendered":"<h4>Aineosat<\/h4>\n<p>Kala\u00f6ljy, makeutusaineet (ksylitoli, sorbitoli), vesi, liivate, happo (natriumsitraatti), luontaiset aromit (mansikka, appelsiini, sitruuna), hapettumisenestoaineet (omenahappo, tokoferoliuute), v\u00e4ri (beetakaroteeni)<\/p>\n<p>&nbsp;<\/p>\n<h4>Maku<\/h4>\n<p>Mansikka-sitruuna<\/p>\n<p>&nbsp;<\/p>\n<h4>Pakkauskoot<\/h4>\n<p>54 geelipalaa (81 g), l\u00e4pipainopakkaus<\/p>\n<p>&nbsp;<\/p>\n<h4>Annostus<\/h4>\n<p>1-2 geelipalaa p\u00e4iv\u00e4ss\u00e4. Geelipalan voi my\u00f6s pilkkoa pienemm\u00e4ksi.<\/p>\n<p>&nbsp;<\/p>\n<h4>Sopivuus erikoisruokavalioihin<\/h4>\n<p>Ei sis\u00e4ll\u00e4 gluteenipitoisen viljan ainesosia. Laktoositon, maidoton.<\/p>\n<p>&nbsp;<\/p>\n<h4>K\u00e4ytt\u00f6rajoitukset<\/h4>\n<p>Ei suositella henkil\u00f6ille, joilla veren hyytyminen on heikentynyt.<\/p>\n","protected":false},"excerpt":{"rendered":"<p>Omega-3-rasvahapot tukevat aivojen toimintaa<br \/>\nLasten kasvua ja kehityst\u00e4 on ilo seurata. Oppiminen ja keskittymiskyky ovat t\u00e4rkeit\u00e4 niin leikki-ik\u00e4isille kuin koululaisillekin. Erityisesti omega-3-rasvahappo DHA on t\u00e4rke\u00e4\u00e4 aivojen hyvinvoinnille. Uusi Bioteekin Omega Junior sis\u00e4lt\u00e4\u00e4 t\u00e4rke\u00e4t omega-3-rasvahapot juuri oikeassa suhteessa. Pureskeltava geelipala maistuu mansikalta ja sitruunalta.<\/p>\n<p>&nbsp;<\/p>\n<p>Tuote on Friend of the Sea -sertifioitu eli se on valmistettu kest\u00e4v\u00e4n kehityksen periaattein tuotetusta kala\u00f6ljyst\u00e4. Siten se on my\u00f6s ekologinen valinta.<\/p>\n<p>&nbsp;<\/p>\n<p>Kala\u00f6ljy\u00e4 sis\u00e4lt\u00e4v\u00e4 ravintolis\u00e4 koko perheelle.<\/p>\n","protected":false},"featured_media":17564,"template":"","meta":{"_acf_changed":false},"product_brand":[],"product_cat":[78,145,80,73],"product_tag":[],"class_list":{"0":"post-3749","1":"product","2":"type-product","3":"status-publish","4":"has-post-thumbnail","6":"product_cat-muut-ravintolisat-sv","7":"product_cat-bioteekki-sv","8":"product_cat-rasvahappo-ja-oljyvalmisteet-sv","9":"product_cat-lisaravinteet-sv","11":"first","12":"instock","13":"taxable","14":"shipping-taxable","15":"purchasable","16":"product-type-simple"},"acf":[],"_links":{"self":[{"href":"https:\/\/vaasanluonnonravinto.fi\/sv\/wp-json\/wp\/v2\/product\/3749","targetHints":{"allow":["GET"]}}],"collection":[{"href":"https:\/\/vaasanluonnonravinto.fi\/sv\/wp-json\/wp\/v2\/product"}],"about":[{"href":"https:\/\/vaasanluonnonravinto.fi\/sv\/wp-json\/wp\/v2\/types\/product"}],"wp:featuredmedia":[{"embeddable":true,"href":"https:\/\/vaasanluonnonravinto.fi\/sv\/wp-json\/wp\/v2\/media\/17564"}],"wp:attachment":[{"href":"https:\/\/vaasanluonnonravinto.fi\/sv\/wp-json\/wp\/v2\/media?parent=3749"}],"wp:term":[{"taxonomy":"product_brand","embeddable":true,"href":"https:\/\/vaasanluonnonravinto.fi\/sv\/wp-json\/wp\/v2\/product_brand?post=3749"},{"taxonomy":"product_cat","embeddable":true,"href":"https:\/\/vaasanluonnonravinto.fi\/sv\/wp-json\/wp\/v2\/product_cat?post=3749"},{"taxonomy":"product_tag","embeddable":true,"href":"https:\/\/vaasanluonnonravinto.fi\/sv\/wp-json\/wp\/v2\/product_tag?post=3749"}],"curies":[{"name":"wp","href":"https:\/\/api.w.org\/{rel}","templated":true}]}}