{"id":3748,"date":"2019-03-18T13:50:24","date_gmt":"2019-03-18T11:50:24","guid":{"rendered":"https:\/\/vaasanluonnonravinto.fi\/?post_type=product&#038;p=3748"},"modified":"2024-12-04T10:03:08","modified_gmt":"2024-12-04T08:03:08","slug":"probiootti-baby","status":"publish","type":"product","link":"https:\/\/vaasanluonnonravinto.fi\/sv\/tuote\/probiootti-baby\/","title":{"rendered":"Bioteekki BalanticPro baby tipat"},"content":{"rendered":"<h4>Ainesosat<\/h4>\n<p>Auringonkukka\u00f6ljy<br \/>\nMaitohappobakteerit (Bifidobacterium BB-12\u00ae)<br \/>\nHapettumisenestoaineet (dl-alfatokoferoli, sitruunahappo)<\/p>\n<p>&nbsp;<\/p>\n<h4>Vaikuttavat aineet<\/h4>\n<p>1 miljardi el\u00e4v\u00e4\u00e4 bakteeria (Bifidobacterium BB-12\u00ae) \/ 6 tippaa<\/p>\n<p>&nbsp;<\/p>\n<h4>Pakkauskoot<\/h4>\n<p>8 ml, lasipullo kartonkikotelossa<\/p>\n<p>&nbsp;<\/p>\n<h4>Annostus<\/h4>\n<p>6 tippaa p\u00e4iv\u00e4ss\u00e4 annosteltuna lusikkaan tai ruoka-annokseen (enint\u00e4\u00e4n +50 \u00b0C). Ravistettava ennen k\u00e4ytt\u00f6\u00e4.<\/p>\n<p>&nbsp;<\/p>\n<p>&nbsp;<\/p>\n","protected":false},"excerpt":{"rendered":"<p>BalanticPro babyn sis\u00e4lt\u00e4m\u00e4 Bifidobakterium BB-12\u00ae on vauvalle luontainen ja kliinisesti tutkittu maitohappobakteeri. Se sopii p\u00e4ivitt\u00e4iseen k\u00e4ytt\u00f6\u00f6n tai kuurina vastasyntyneille ja vanhemmille.<\/p>\n<p>&nbsp;<\/p>\n<p>BalanticPro baby -tipat sis\u00e4lt\u00e4v\u00e4t 1 miljardi el\u00e4v\u00e4\u00e4 Bifidobacterium BB-12\u00ae -bakteeria. Probiootti baby ei sis\u00e4ll\u00e4 maidon eik\u00e4 gluteenipitoisen viljan ainesosia. Ei sis\u00e4ll\u00e4 el\u00e4inper\u00e4isi\u00e4 ainesosia.<\/p>\n<p>Riittoisa 8 ml pakkaus sis\u00e4lt\u00e4\u00e4 v\u00e4hint\u00e4\u00e4n 21 p\u00e4iv\u00e4annosta. Annostus 6 tippaa p\u00e4iv\u00e4ss\u00e4 annosteltuna lusikkaan tai ruoka-annokseen (enint\u00e4\u00e4n +50 \u00b0C).<br \/>\nBalanticPro baby -tipat s\u00e4ilyv\u00e4t huoneenl\u00e4mm\u00f6ss\u00e4, avattuna 4 viikkoa. Ravistettava ennen k\u00e4ytt\u00f6\u00e4.<\/p>\n<p>Maitohappobakteereja sis\u00e4lt\u00e4v\u00e4 ravintolis\u00e4<\/p>\n<p>&nbsp;<\/p>\n","protected":false},"featured_media":1659,"template":"","meta":{"_acf_changed":false},"product_brand":[],"product_cat":[78,145,87,73,108],"product_tag":[],"class_list":{"0":"post-3748","1":"product","2":"type-product","3":"status-publish","4":"has-post-thumbnail","6":"product_cat-muut-ravintolisat-sv","7":"product_cat-bioteekki-sv","8":"product_cat-vatsan-hyvinvointivalmisteet-sv","9":"product_cat-lisaravinteet-sv","10":"product_cat-maitohappobakteerit-sv","12":"first","13":"instock","14":"taxable","15":"shipping-taxable","16":"purchasable","17":"product-type-simple"},"acf":[],"_links":{"self":[{"href":"https:\/\/vaasanluonnonravinto.fi\/sv\/wp-json\/wp\/v2\/product\/3748","targetHints":{"allow":["GET"]}}],"collection":[{"href":"https:\/\/vaasanluonnonravinto.fi\/sv\/wp-json\/wp\/v2\/product"}],"about":[{"href":"https:\/\/vaasanluonnonravinto.fi\/sv\/wp-json\/wp\/v2\/types\/product"}],"wp:featuredmedia":[{"embeddable":true,"href":"https:\/\/vaasanluonnonravinto.fi\/sv\/wp-json\/wp\/v2\/media\/1659"}],"wp:attachment":[{"href":"https:\/\/vaasanluonnonravinto.fi\/sv\/wp-json\/wp\/v2\/media?parent=3748"}],"wp:term":[{"taxonomy":"product_brand","embeddable":true,"href":"https:\/\/vaasanluonnonravinto.fi\/sv\/wp-json\/wp\/v2\/product_brand?post=3748"},{"taxonomy":"product_cat","embeddable":true,"href":"https:\/\/vaasanluonnonravinto.fi\/sv\/wp-json\/wp\/v2\/product_cat?post=3748"},{"taxonomy":"product_tag","embeddable":true,"href":"https:\/\/vaasanluonnonravinto.fi\/sv\/wp-json\/wp\/v2\/product_tag?post=3748"}],"curies":[{"name":"wp","href":"https:\/\/api.w.org\/{rel}","templated":true}]}}