{"id":3746,"date":"2019-03-18T14:11:16","date_gmt":"2019-03-18T12:11:16","guid":{"rendered":"https:\/\/vaasanluonnonravinto.fi\/?post_type=product&#038;p=3746"},"modified":"2026-04-10T13:16:13","modified_gmt":"2026-04-10T10:16:13","slug":"probiootti-comp","status":"publish","type":"product","link":"https:\/\/vaasanluonnonravinto.fi\/sv\/tuote\/probiootti-comp\/","title":{"rendered":"Bioteekki Maitohappobakteeri comp"},"content":{"rendered":"<h4>Ainesosat<\/h4>\n<p>Glutamiini<br \/>\nHydroksipropyylimetyyliselluloosa (kapseli)<br \/>\nMaitohappobakteerivalmiste (L. acidophilus, L. paracasei, L. rhamnosus, B. lactis)<br \/>\nMaltodekstriini<br \/>\nPaakkuuntumisenestoaineet (kasvirasvahappojen magnesiumsuolat, piidioksidi)<br \/>\nD-biotiini<br \/>\nVegaaninen<\/p>\n<p>&nbsp;<\/p>\n<h4>Vaikuttavat aineet<\/h4>\n<p>Vuorokausiannos 1\u20132 kapselia sis\u00e4lt\u00e4\u00e4:<br \/>\nMaitohappobakteereita 3\u20136 x 109 (3\u20136 mrd.) aktiivista bakteeria<br \/>\nGlutamiinia 0,5\u20131 g<br \/>\nBiotiinia 100\u2013200 \u03bcg (200\u2013400 % saannin vertailuarvosta)<\/p>\n<p>&nbsp;<\/p>\n<h4>Pakkauskoot<\/h4>\n<p>80 kapselia (51 g), lasipurkki<\/p>\n<p>&nbsp;<\/p>\n<h4>Annostus<\/h4>\n<p>1\u20132 kapselia p\u00e4iv\u00e4ss\u00e4. Paras vaikutus saavutetaan nauttimalla kapseli tyhj\u00e4\u00e4n mahaan.<\/p>\n<p>&nbsp;<\/p>\n<h4>K\u00e4ytt\u00f6rajoitukset<\/h4>\n<p>Ei tiedossa. Nautitaan v\u00e4hint\u00e4\u00e4n tunti eri aikaan kuin l\u00e4\u00e4kkeet.<\/p>\n","protected":false},"excerpt":{"rendered":"<p>Bioteekin Probiootti comp sopii erityisesti vaativiin el\u00e4m\u00e4ntilanteisiin monipuolisen ja vahvan koostumuksensa ansiosta. Se sis\u00e4lt\u00e4\u00e4 nelj\u00e4 tutkittua maitohappobakteerikantaa sek\u00e4 glutamiinia ja suolen limakalvon hyvinvoinnille t\u00e4rke\u00e4\u00e4 biotiinia. Bioteekin Probiootti comp sopii jatkuvaan k\u00e4ytt\u00f6\u00f6n koko perheelle. Se sopii my\u00f6s kuuriluontoiseen k\u00e4ytt\u00f6\u00f6n l\u00e4\u00e4kekuurien ja ulkomaanmatkojen aikana. Kapselin voi tarvittaessa avata ja sekoittaa viile\u00e4\u00e4n ruokaan.<\/p>\n<p>&nbsp;<\/p>\n<p>Vuoden 2017 terveystuote logoBioteekin Probiootti comp on valittu vuoden 2017 terveystuotteeksi. Valinnan on tehnyt Suomen Terveystuotekauppiaiden liitto, joka jakaa vuosittain tunnustuksia terveystuotteille nelj\u00e4ss\u00e4 tuotekategoriassa.<\/p>\n<p>&nbsp;<\/p>\n<p>Maitohappobakteereja sis\u00e4lt\u00e4v\u00e4 ravintolis\u00e4<\/p>\n<p>&nbsp;<\/p>\n","protected":false},"featured_media":1707,"template":"","meta":{"_acf_changed":false},"product_brand":[],"product_cat":[78,145,87,73,108],"product_tag":[],"class_list":{"0":"post-3746","1":"product","2":"type-product","3":"status-publish","4":"has-post-thumbnail","6":"product_cat-muut-ravintolisat-sv","7":"product_cat-bioteekki-sv","8":"product_cat-vatsan-hyvinvointivalmisteet-sv","9":"product_cat-lisaravinteet-sv","10":"product_cat-maitohappobakteerit-sv","12":"first","13":"instock","14":"sale","15":"taxable","16":"shipping-taxable","17":"purchasable","18":"product-type-simple"},"acf":[],"_links":{"self":[{"href":"https:\/\/vaasanluonnonravinto.fi\/sv\/wp-json\/wp\/v2\/product\/3746","targetHints":{"allow":["GET"]}}],"collection":[{"href":"https:\/\/vaasanluonnonravinto.fi\/sv\/wp-json\/wp\/v2\/product"}],"about":[{"href":"https:\/\/vaasanluonnonravinto.fi\/sv\/wp-json\/wp\/v2\/types\/product"}],"wp:featuredmedia":[{"embeddable":true,"href":"https:\/\/vaasanluonnonravinto.fi\/sv\/wp-json\/wp\/v2\/media\/1707"}],"wp:attachment":[{"href":"https:\/\/vaasanluonnonravinto.fi\/sv\/wp-json\/wp\/v2\/media?parent=3746"}],"wp:term":[{"taxonomy":"product_brand","embeddable":true,"href":"https:\/\/vaasanluonnonravinto.fi\/sv\/wp-json\/wp\/v2\/product_brand?post=3746"},{"taxonomy":"product_cat","embeddable":true,"href":"https:\/\/vaasanluonnonravinto.fi\/sv\/wp-json\/wp\/v2\/product_cat?post=3746"},{"taxonomy":"product_tag","embeddable":true,"href":"https:\/\/vaasanluonnonravinto.fi\/sv\/wp-json\/wp\/v2\/product_tag?post=3746"}],"curies":[{"name":"wp","href":"https:\/\/api.w.org\/{rel}","templated":true}]}}