{"id":3745,"date":"2019-03-19T09:34:40","date_gmt":"2019-03-19T07:34:40","guid":{"rendered":"https:\/\/vaasanluonnonravinto.fi\/?post_type=product&#038;p=3745"},"modified":"2026-05-15T06:37:10","modified_gmt":"2026-05-15T03:37:10","slug":"super-d-tipat","status":"publish","type":"product","link":"https:\/\/vaasanluonnonravinto.fi\/sv\/tuote\/super-d-tipat\/","title":{"rendered":"Bioteekki Super D-tipat"},"content":{"rendered":"<h4>Ainesosat<\/h4>\n<p>Kasviper\u00e4iset keskipitk\u00e4t rasvahapot (palmunsiemen\u00f6ljyst\u00e4)<br \/>\nD3-vitamiini (kolekalsiferoli)<\/p>\n<p>&nbsp;<\/p>\n<h4>Pakkauskoot<\/h4>\n<p>8 ml (n. 280 tippaa), lasipullo pahvipakkauksessa<\/p>\n<p>&nbsp;<\/p>\n<h4>Annostus<\/h4>\n<p>1- 5 tippaa p\u00e4iv\u00e4ss\u00e4. Voidaan annostella suoraan suuhun, lusikkaan tai ruokaan.<\/p>\n<p>&nbsp;<\/p>\n<h4>K\u00e4ytt\u00f6rajoitukset<\/h4>\n<p>Ei tiedossa. D-vitamiinin pitk\u00e4aikaisen saannin ei suositella ylitt\u00e4v\u00e4n 100 \u03bcg, lapsilla 25 \u03bcg, ilman D-vitamiinitasojen seurantaa.<\/p>\n","protected":false},"excerpt":{"rendered":"<p>Yksi Super D-tippa sis\u00e4lt\u00e4\u00e4 10 mikrogrammaa (\u03bcg) D3-vitamiinia. Valmistetta on k\u00e4tev\u00e4 k\u00e4ytt\u00e4\u00e4; sit\u00e4 voi tiputella suoraan suuhun, lusikkaan tai ruokaan.<br \/>\nValmiste on riittoisa, yhdess\u00e4 pullossa on 280 tippaa.<\/p>\n<p>&nbsp;<\/p>\n<p>D-vitamiini on monivaikutteinen hormoni ja se vaikuttaa mm. kalsiumin aineenvaihduntaan. Se mahdollistaa kalsiumin imeytymisen suolistosta ja s\u00e4\u00e4telee kalsiumin kiinnittymist\u00e4 luustoon. D-vitamiinin t\u00e4rkeys hyvinvoinnillemme saa jatkuvasti lis\u00e4\u00e4 painoarvoa, kun uusia tutkimuksia sen terveysvaikutuksista julkaistaan kiihtyv\u00e4ll\u00e4 tahdilla. D-vitamiini liitet\u00e4\u00e4n perinteisesti lujaan luustoon ja aurinkoon. Luja luusto tarvitseekin riitt\u00e4v\u00e4sti D-vitamiinia. D-vitamiini on t\u00e4rke\u00e4 my\u00f6s mm. vastustuskyvylle ja lihaskunnolle. Aurinkoon D-vitamiini liittyy siten, ett\u00e4 auringon valon vaikutuksesta iholla muodostuu D-vitamiinia. Suomessa n\u00e4in tapahtuu kuitenkin ainoastaan kes\u00e4kuukausina, keskell\u00e4 p\u00e4iv\u00e4\u00e4 ja ilman aurinkorasvoja auringossa oltaessa. D-vitamiinin puute on yleist\u00e4 suomalaisilla.<\/p>\n<p>&nbsp;<\/p>\n<p>D-vitamiinilis\u00e4\u00e4 suositellaan nykyisin kaikille syksyst\u00e4 alkukes\u00e4\u00e4n sek\u00e4 ymp\u00e4ri vuoden pienille lapsille, vanhuksille sek\u00e4 tummaihoisille.<\/p>\n<p>&nbsp;<\/p>\n","protected":false},"featured_media":1770,"template":"","meta":{"_acf_changed":false,"rs_blank_template":"","rs_page_bg_color":"","slide_template_v7":""},"product_brand":[],"product_cat":[145,73,77],"product_tag":[],"class_list":{"0":"post-3745","1":"product","2":"type-product","3":"status-publish","4":"has-post-thumbnail","6":"product_cat-bioteekki-sv","7":"product_cat-lisaravinteet-sv","8":"product_cat-vitamiinit-sv","10":"first","11":"instock","12":"taxable","13":"shipping-taxable","14":"purchasable","15":"product-type-simple"},"acf":[],"_links":{"self":[{"href":"https:\/\/vaasanluonnonravinto.fi\/sv\/wp-json\/wp\/v2\/product\/3745","targetHints":{"allow":["GET"]}}],"collection":[{"href":"https:\/\/vaasanluonnonravinto.fi\/sv\/wp-json\/wp\/v2\/product"}],"about":[{"href":"https:\/\/vaasanluonnonravinto.fi\/sv\/wp-json\/wp\/v2\/types\/product"}],"wp:featuredmedia":[{"embeddable":true,"href":"https:\/\/vaasanluonnonravinto.fi\/sv\/wp-json\/wp\/v2\/media\/1770"}],"wp:attachment":[{"href":"https:\/\/vaasanluonnonravinto.fi\/sv\/wp-json\/wp\/v2\/media?parent=3745"}],"wp:term":[{"taxonomy":"product_brand","embeddable":true,"href":"https:\/\/vaasanluonnonravinto.fi\/sv\/wp-json\/wp\/v2\/product_brand?post=3745"},{"taxonomy":"product_cat","embeddable":true,"href":"https:\/\/vaasanluonnonravinto.fi\/sv\/wp-json\/wp\/v2\/product_cat?post=3745"},{"taxonomy":"product_tag","embeddable":true,"href":"https:\/\/vaasanluonnonravinto.fi\/sv\/wp-json\/wp\/v2\/product_tag?post=3745"}],"curies":[{"name":"wp","href":"https:\/\/api.w.org\/{rel}","templated":true}]}}