{"id":3744,"date":"2019-03-19T09:40:09","date_gmt":"2019-03-19T07:40:09","guid":{"rendered":"https:\/\/vaasanluonnonravinto.fi\/?post_type=product&#038;p=3744"},"modified":"2026-05-13T03:37:25","modified_gmt":"2026-05-13T00:37:25","slug":"super-d-vitamiini-100-%ce%bcg","status":"publish","type":"product","link":"https:\/\/vaasanluonnonravinto.fi\/sv\/tuote\/super-d-vitamiini-100-%ce%bcg\/","title":{"rendered":"Bioteekki Super D-vitamiini 100 mcg"},"content":{"rendered":"<h4>Ainesosat<\/h4>\n<p>Kylm\u00e4puristettu pellavansiemen\u00f6ljy (270 mg\/kapseli)<br \/>\nLiivate (kapseli, farmaseuttinen laatu)<br \/>\nKosteudens\u00e4ilytt\u00e4j\u00e4 (glyseroli)<br \/>\nKolekasiferoli<\/p>\n<p>&nbsp;<\/p>\n<h4>Pakkauskoot<\/h4>\n<p>60 kapselia<\/p>\n<p>&nbsp;<\/p>\n<h4>Annostus<\/h4>\n<p>Yksi kapseli p\u00e4iv\u00e4ss\u00e4; niell\u00e4\u00e4n kokonaisena veden kera.<\/p>\n<p>&nbsp;<\/p>\n<h4>K\u00e4ytt\u00f6rajoitukset<\/h4>\n<p>Ei tiedossa. D-vitamiinin pitk\u00e4aikaisen saannin ei suositella ylitt\u00e4v\u00e4n 100 \u03bcg, lapsilla 25 \u03bcg, ilman D-vitamiinitasojen seurantaa.<\/p>\n","protected":false},"excerpt":{"rendered":"<p>Suomessa D-vitamiinia muodostuu iholla auringon valon vaikutuksesta ainoastaan kes\u00e4kuukausina ja keskell\u00e4 p\u00e4iv\u00e4\u00e4. Aurinkovoiteet est\u00e4v\u00e4t D-vitamiinin muodostuksen. Hyv\u00e4st\u00e4kin ravinnosta saadaan vain v\u00e4h\u00e4n (noin 5 mikrogrammaa) D-vitamiinia. T\u00e4st\u00e4 ja pohjoisesta sijainnistamme johtuen lukuisilla suomalaisilla on puutetta D-vitamiinista. Riitt\u00e4v\u00e4n saannin varmistamiseksi D-vitamiinia suositellaan nautittavaksi ravintolis\u00e4n\u00e4. Super D-vitamiini \u00b5g -valmisteessa pellavansiemen\u00f6ljy on edist\u00e4m\u00e4ss\u00e4 rasvaliukoisen D-vitamiinin imeytymist\u00e4.<\/p>\n<p>&nbsp;<\/p>\n<p>D-vitamiini on t\u00e4rke\u00e4 lujan luuston muodostukselle ja my\u00f6s luiden s\u00e4ilymiselle vahvoina. My\u00f6s lihasten normaali toiminta tarvitsee D-vitamiinia. Lis\u00e4ksi D-vitamiini on t\u00e4rke\u00e4 vastustuskyvylle; se edist\u00e4\u00e4 immuunij\u00e4rjestelm\u00e4n normaalia toimintaa.<br \/>\nD3-vitamiinia sis\u00e4lt\u00e4v\u00e4 ravintolis\u00e4<\/p>\n<p>&nbsp;<\/p>\n","protected":false},"featured_media":1711,"template":"","meta":{"_acf_changed":false,"rs_blank_template":"","rs_page_bg_color":"","slide_template_v7":""},"product_brand":[],"product_cat":[145,73,77],"product_tag":[],"class_list":{"0":"post-3744","1":"product","2":"type-product","3":"status-publish","4":"has-post-thumbnail","6":"product_cat-bioteekki-sv","7":"product_cat-lisaravinteet-sv","8":"product_cat-vitamiinit-sv","10":"first","11":"instock","12":"taxable","13":"shipping-taxable","14":"purchasable","15":"product-type-simple"},"acf":[],"_links":{"self":[{"href":"https:\/\/vaasanluonnonravinto.fi\/sv\/wp-json\/wp\/v2\/product\/3744","targetHints":{"allow":["GET"]}}],"collection":[{"href":"https:\/\/vaasanluonnonravinto.fi\/sv\/wp-json\/wp\/v2\/product"}],"about":[{"href":"https:\/\/vaasanluonnonravinto.fi\/sv\/wp-json\/wp\/v2\/types\/product"}],"wp:featuredmedia":[{"embeddable":true,"href":"https:\/\/vaasanluonnonravinto.fi\/sv\/wp-json\/wp\/v2\/media\/1711"}],"wp:attachment":[{"href":"https:\/\/vaasanluonnonravinto.fi\/sv\/wp-json\/wp\/v2\/media?parent=3744"}],"wp:term":[{"taxonomy":"product_brand","embeddable":true,"href":"https:\/\/vaasanluonnonravinto.fi\/sv\/wp-json\/wp\/v2\/product_brand?post=3744"},{"taxonomy":"product_cat","embeddable":true,"href":"https:\/\/vaasanluonnonravinto.fi\/sv\/wp-json\/wp\/v2\/product_cat?post=3744"},{"taxonomy":"product_tag","embeddable":true,"href":"https:\/\/vaasanluonnonravinto.fi\/sv\/wp-json\/wp\/v2\/product_tag?post=3744"}],"curies":[{"name":"wp","href":"https:\/\/api.w.org\/{rel}","templated":true}]}}