{"id":3743,"date":"2019-03-18T14:53:04","date_gmt":"2019-03-18T12:53:04","guid":{"rendered":"https:\/\/vaasanluonnonravinto.fi\/?post_type=product&#038;p=3743"},"modified":"2023-11-13T13:43:32","modified_gmt":"2023-11-13T11:43:32","slug":"probiootti-junior","status":"publish","type":"product","link":"https:\/\/vaasanluonnonravinto.fi\/sv\/tuote\/probiootti-junior\/","title":{"rendered":"Bioteekki BalanticPro Junior"},"content":{"rendered":"<h4>Ainesosat<\/h4>\n<p>Makeutusaine (ksylitoli), maltodekstriini (maissista), maitohappobakteerivalmiste, C-vitamiini, v\u00e4ri (punajuuresta),<br \/>\npaakkuuntumisenestoaineet (kasvirasvahappojen mono- ja diglyseridit ja magnesiumsuolat, piidioksidi), luontainen<br \/>\naromi (mansikka), happo (sitruunahappo).<\/p>\n<p>&nbsp;<\/p>\n<h4>Pakkauskoot<\/h4>\n<p>60 tablettia (42 g), alumiinipurkki kartonkikotelossa.<\/p>\n<p>&nbsp;<\/p>\n<h4>Annostus<\/h4>\n<p>1-2 purutablettia p\u00e4iv\u00e4ss\u00e4.<\/p>\n<p>&nbsp;<\/p>\n<h4>K\u00e4ytt\u00f6rajoitukset<\/h4>\n<p>Ei tiedossa. Sopii k\u00e4ytt\u00f6\u00f6n pikkulapselle, kun lapsi osaa k\u00e4sitell\u00e4 purutabletin suussaan.<\/p>\n","protected":false},"excerpt":{"rendered":"<p>BalanticPro junior on mansikanmakuinen purutabletti, joka sis\u00e4lt\u00e4\u00e4 vaikuttavat m\u00e4\u00e4r\u00e4t sek\u00e4 Bifidobacterium- ett\u00e4 Lactobacillus GG -bakteereita. Yhdess\u00e4 purutabletissa on yhteens\u00e4 kaksi miljardia probioottibakteeria. Mukana on my\u00f6s C-vitamiinia edist\u00e4m\u00e4ss\u00e4 immuunij\u00e4rjestelm\u00e4n toimintaa. Hyv\u00e4nmakuinen purutabletti sopii leikki-ik\u00e4isille ja sit\u00e4 vanhemmille jokap\u00e4iv\u00e4iseen k\u00e4ytt\u00f6\u00f6n. Se sopii my\u00f6s kuuriluontoisesti esimerkiksi antibioottikuurin aikana<br \/>\ntai ulkomaanmatkoilla<\/p>\n<p>&nbsp;<\/p>\n<p>Maitohappobakteereja ja C-vitamiinia sis\u00e4lt\u00e4v\u00e4 ravintolis\u00e4<\/p>\n<p>&nbsp;<\/p>\n","protected":false},"featured_media":1663,"template":"","meta":{"_acf_changed":false},"product_brand":[],"product_cat":[78,145,87,73,108],"product_tag":[],"class_list":{"0":"post-3743","1":"product","2":"type-product","3":"status-publish","4":"has-post-thumbnail","6":"product_cat-muut-ravintolisat-sv","7":"product_cat-bioteekki-sv","8":"product_cat-vatsan-hyvinvointivalmisteet-sv","9":"product_cat-lisaravinteet-sv","10":"product_cat-maitohappobakteerit-sv","12":"first","13":"instock","14":"taxable","15":"shipping-taxable","16":"purchasable","17":"product-type-simple"},"acf":[],"_links":{"self":[{"href":"https:\/\/vaasanluonnonravinto.fi\/sv\/wp-json\/wp\/v2\/product\/3743","targetHints":{"allow":["GET"]}}],"collection":[{"href":"https:\/\/vaasanluonnonravinto.fi\/sv\/wp-json\/wp\/v2\/product"}],"about":[{"href":"https:\/\/vaasanluonnonravinto.fi\/sv\/wp-json\/wp\/v2\/types\/product"}],"wp:featuredmedia":[{"embeddable":true,"href":"https:\/\/vaasanluonnonravinto.fi\/sv\/wp-json\/wp\/v2\/media\/1663"}],"wp:attachment":[{"href":"https:\/\/vaasanluonnonravinto.fi\/sv\/wp-json\/wp\/v2\/media?parent=3743"}],"wp:term":[{"taxonomy":"product_brand","embeddable":true,"href":"https:\/\/vaasanluonnonravinto.fi\/sv\/wp-json\/wp\/v2\/product_brand?post=3743"},{"taxonomy":"product_cat","embeddable":true,"href":"https:\/\/vaasanluonnonravinto.fi\/sv\/wp-json\/wp\/v2\/product_cat?post=3743"},{"taxonomy":"product_tag","embeddable":true,"href":"https:\/\/vaasanluonnonravinto.fi\/sv\/wp-json\/wp\/v2\/product_tag?post=3743"}],"curies":[{"name":"wp","href":"https:\/\/api.w.org\/{rel}","templated":true}]}}