{"id":3742,"date":"2019-03-18T15:20:17","date_gmt":"2019-03-18T13:20:17","guid":{"rendered":"https:\/\/vaasanluonnonravinto.fi\/?post_type=product&#038;p=3742"},"modified":"2026-04-10T13:15:07","modified_gmt":"2026-04-10T10:15:07","slug":"probiootti-plus-125-kaps","status":"publish","type":"product","link":"https:\/\/vaasanluonnonravinto.fi\/sv\/tuote\/probiootti-plus-125-kaps\/","title":{"rendered":"Bioteekki Maitohappobakteeri Plus 100 kaps."},"content":{"rendered":"<h4>Ainesosat<\/h4>\n<p>Inuliini (sikurinjuuresta)<br \/>\nKalsiumkarbonaatti<br \/>\nLiivate (kapseli, farmaseuttinen laatu)<br \/>\nGlukoosimonohydraatti (maissista)<br \/>\nMaitohappobakteerivalmiste<br \/>\nMannoosi<br \/>\nPaakkuuntumisenestoaineet<br \/>\n(kasvirasvahappojen magnesiumsuolat, mikrokiteinen selluloosa, piidioksidi)<br \/>\nV\u00e4ri (kapselissa, titaanidioksidi)<br \/>\nVegaaninen<\/p>\n<p>&nbsp;<\/p>\n<h4>Vaikuttavat aineet<\/h4>\n<p>Maitohappo- ja bifidobakteerit (Lactobacillus acidophilus, Lactobacillus paracasei, Lactobacillus rhamnosus, Bifidobacterium lactis, 2,1\u00d7109 cfu \/ kapseli)<br \/>\nInuliini ja glukoosimonohydraatti<br \/>\nKalsiumkarbonaatti<br \/>\nMannoosi<\/p>\n<p>&nbsp;<\/p>\n<h4>Pakkauskoot<\/h4>\n<p>100 kapselia, lasipurkki<\/p>\n<p>&nbsp;<\/p>\n<h4>Annostus<\/h4>\n<p>1-3 kapselia p\u00e4iv\u00e4ss\u00e4, mieluiten tyhj\u00e4\u00e4n mahaan illalla ennen nukkumaanmenoa. Kapselit niell\u00e4\u00e4n kokonaisina veden kera tai voidaan avata.<\/p>\n<p>&nbsp;<\/p>\n<h4>K\u00e4ytt\u00f6rajoitukset<\/h4>\n<p>Ei tunneta. Nautitaan v\u00e4hint\u00e4\u00e4n tunti eri aikaan kuin l\u00e4\u00e4kkeet.<\/p>\n","protected":false},"excerpt":{"rendered":"<p>Probiootti plus sis\u00e4lt\u00e4\u00e4 nelj\u00e4 erilaista bakteerikantaa sek\u00e4 bakteereiden hyvinvointia tukevia aineita. Probiootti plus sopii jatkuvaan k\u00e4ytt\u00f6\u00f6n koko perheelle. Se sopii my\u00f6s kuuriluontoiseen k\u00e4ytt\u00f6\u00f6n l\u00e4\u00e4kekuurien ja ulkomaanmatkojen aikana. Kapselin voi tarvittaessa avata ja sekoittaa viile\u00e4\u00e4n ruokaan.<\/p>\n<p>Maitohappobakteereja sis\u00e4lt\u00e4v\u00e4 ravintolis\u00e4<\/p>\n<p>&nbsp;<\/p>\n","protected":false},"featured_media":1705,"template":"","meta":{"_acf_changed":false},"product_brand":[],"product_cat":[78,145,87,73,108],"product_tag":[],"class_list":{"0":"post-3742","1":"product","2":"type-product","3":"status-publish","4":"has-post-thumbnail","6":"product_cat-muut-ravintolisat-sv","7":"product_cat-bioteekki-sv","8":"product_cat-vatsan-hyvinvointivalmisteet-sv","9":"product_cat-lisaravinteet-sv","10":"product_cat-maitohappobakteerit-sv","12":"first","13":"instock","14":"sale","15":"taxable","16":"shipping-taxable","17":"purchasable","18":"product-type-simple"},"acf":[],"_links":{"self":[{"href":"https:\/\/vaasanluonnonravinto.fi\/sv\/wp-json\/wp\/v2\/product\/3742","targetHints":{"allow":["GET"]}}],"collection":[{"href":"https:\/\/vaasanluonnonravinto.fi\/sv\/wp-json\/wp\/v2\/product"}],"about":[{"href":"https:\/\/vaasanluonnonravinto.fi\/sv\/wp-json\/wp\/v2\/types\/product"}],"wp:featuredmedia":[{"embeddable":true,"href":"https:\/\/vaasanluonnonravinto.fi\/sv\/wp-json\/wp\/v2\/media\/1705"}],"wp:attachment":[{"href":"https:\/\/vaasanluonnonravinto.fi\/sv\/wp-json\/wp\/v2\/media?parent=3742"}],"wp:term":[{"taxonomy":"product_brand","embeddable":true,"href":"https:\/\/vaasanluonnonravinto.fi\/sv\/wp-json\/wp\/v2\/product_brand?post=3742"},{"taxonomy":"product_cat","embeddable":true,"href":"https:\/\/vaasanluonnonravinto.fi\/sv\/wp-json\/wp\/v2\/product_cat?post=3742"},{"taxonomy":"product_tag","embeddable":true,"href":"https:\/\/vaasanluonnonravinto.fi\/sv\/wp-json\/wp\/v2\/product_tag?post=3742"}],"curies":[{"name":"wp","href":"https:\/\/api.w.org\/{rel}","templated":true}]}}