{"id":3740,"date":"2019-03-19T09:49:34","date_gmt":"2019-03-19T07:49:34","guid":{"rendered":"https:\/\/vaasanluonnonravinto.fi\/?post_type=product&#038;p=3740"},"modified":"2026-05-05T21:37:23","modified_gmt":"2026-05-05T18:37:23","slug":"super-e-vitamiini","status":"publish","type":"product","link":"https:\/\/vaasanluonnonravinto.fi\/sv\/tuote\/super-e-vitamiini\/","title":{"rendered":"Bioteekki Super E-vitamiini"},"content":{"rendered":"<h4>Ainesosat<\/h4>\n<p>Kylm\u00e4puristettu pellavansiemen\u00f6ljy<br \/>\nLiivate (kapseli, farmaseuttinen laatu)<br \/>\nLuontainen E-vitamiini (soijasta, D-alfatokoferoli)<br \/>\nTokotrienolipitoinen \u00f6ljypalmun hedelm\u00e4mehu-uute (Tocomin\u00ae)<br \/>\nKosteudens\u00e4ilytt\u00e4j\u00e4 (glyseroli)<\/p>\n<p>&nbsp;<\/p>\n<h4>Pakkauskoot<\/h4>\n<p>60 kapselia (25 g)<\/p>\n<p>&nbsp;<\/p>\n<h4>Annostus<\/h4>\n<p>Yksi kapseli p\u00e4iv\u00e4ss\u00e4; niell\u00e4\u00e4n kokonaisena veden kera.<\/p>\n","protected":false},"excerpt":{"rendered":"<p>E-vitamiini on vitamiini sek\u00e4 naiselle ett\u00e4 miehelle! E-vitamiini on vahva antioksidantti, joka edist\u00e4\u00e4 solujen suojaamista hapettumisstressilt\u00e4. Hapettumisstressill\u00e4 tarkoitetaan prosessia, jossa elimist\u00f6 polttaa happea ja sivutuotteena syntyy aktiivisia happiyhdisteit\u00e4. Happiyhdisteet ovat sopivina m\u00e4\u00e4rin\u00e4 hy\u00f6dyllisi\u00e4, mutta jos niit\u00e4 on liikaa, elimist\u00f6\u00f6n tulee hapettumisstressi. Elimist\u00f6 suojautuu hapettumisstressi\u00e4 vastaan antioksidanteilla.<\/p>\n<p>&nbsp;<\/p>\n<p>Valmiste sis\u00e4lt\u00e4\u00e4 kaikkia E-vitamiinimuotoja; alfa-, beeta- , gamma- ja delta-tokoferolia sek\u00e4 alfa-, beeta-, gamma- ja delta-tokotrienolia. Erityisesti tokotrienolit ovat viime vuosina olleet tutkijoiden kiinnostuksen kohteina, koska on havaittu, ett\u00e4 ne ovat usein vahvempia ja monipuolisempia vaikutuksiltaan kuin yleisemmin tunnetut tokoferolit.<\/p>\n<p>&nbsp;<\/p>\n<p>E-vitamiini tunnetaan mm. kauneusvitamiinina. E-vitamiinia esiintyy eniten kasvi\u00f6ljyiss\u00e4 ja siemeniss\u00e4. Ruoan teollinen k\u00e4sittely ja s\u00e4ilytys v\u00e4hent\u00e4v\u00e4t E-vitamiinin m\u00e4\u00e4r\u00e4\u00e4, koska se on herkk\u00e4 mm. pakastamiselle ja valolle.<\/p>\n<p>&nbsp;<\/p>\n","protected":false},"featured_media":1719,"template":"","meta":{"_acf_changed":false},"product_brand":[],"product_cat":[145,73,77],"product_tag":[],"class_list":{"0":"post-3740","1":"product","2":"type-product","3":"status-publish","4":"has-post-thumbnail","6":"product_cat-bioteekki-sv","7":"product_cat-lisaravinteet-sv","8":"product_cat-vitamiinit-sv","10":"first","11":"instock","12":"taxable","13":"shipping-taxable","14":"purchasable","15":"product-type-simple"},"acf":[],"_links":{"self":[{"href":"https:\/\/vaasanluonnonravinto.fi\/sv\/wp-json\/wp\/v2\/product\/3740","targetHints":{"allow":["GET"]}}],"collection":[{"href":"https:\/\/vaasanluonnonravinto.fi\/sv\/wp-json\/wp\/v2\/product"}],"about":[{"href":"https:\/\/vaasanluonnonravinto.fi\/sv\/wp-json\/wp\/v2\/types\/product"}],"wp:featuredmedia":[{"embeddable":true,"href":"https:\/\/vaasanluonnonravinto.fi\/sv\/wp-json\/wp\/v2\/media\/1719"}],"wp:attachment":[{"href":"https:\/\/vaasanluonnonravinto.fi\/sv\/wp-json\/wp\/v2\/media?parent=3740"}],"wp:term":[{"taxonomy":"product_brand","embeddable":true,"href":"https:\/\/vaasanluonnonravinto.fi\/sv\/wp-json\/wp\/v2\/product_brand?post=3740"},{"taxonomy":"product_cat","embeddable":true,"href":"https:\/\/vaasanluonnonravinto.fi\/sv\/wp-json\/wp\/v2\/product_cat?post=3740"},{"taxonomy":"product_tag","embeddable":true,"href":"https:\/\/vaasanluonnonravinto.fi\/sv\/wp-json\/wp\/v2\/product_tag?post=3740"}],"curies":[{"name":"wp","href":"https:\/\/api.w.org\/{rel}","templated":true}]}}