{"id":3737,"date":"2019-03-18T15:27:21","date_gmt":"2019-03-18T13:27:21","guid":{"rendered":"https:\/\/vaasanluonnonravinto.fi\/?post_type=product&#038;p=3737"},"modified":"2026-05-05T21:37:23","modified_gmt":"2026-05-05T18:37:23","slug":"super-alfaliponiini","status":"publish","type":"product","link":"https:\/\/vaasanluonnonravinto.fi\/sv\/tuote\/super-alfaliponiini\/","title":{"rendered":"Bioteekki Super Alfaliponiini"},"content":{"rendered":"<h4>Ainesosat<\/h4>\n<p>Alfalipoiinihappo<br \/>\nT\u00e4yteaine (mikrokiteinen selluloosa)<br \/>\nPaakkuuntumisenestoaineet (kasvirasvahappojen magnesiumsuolat ja piidioksidi)<\/p>\n<p>&nbsp;<\/p>\n<h4>Pakkauskoot<\/h4>\n<p>90 tablettia<\/p>\n<p>&nbsp;<\/p>\n<h4>Annostus<\/h4>\n<p>1\u20132 tablettia p\u00e4iv\u00e4ss\u00e4; niell\u00e4\u00e4n kokonaisina runsaan veden kera. Herkk\u00e4vatsaisille suositellaan valmisteen ottamista ruokailun yhteydess\u00e4. Sopii jatkuvaan k\u00e4ytt\u00f6\u00f6n.<\/p>\n<p>&nbsp;<\/p>\n<h4>K\u00e4ytt\u00f6rajoitukset<\/h4>\n<p>Varmuussyist\u00e4 ei suositella raskaana oleville, imett\u00e4ville \u00e4ideille eik\u00e4 lapsille.<\/p>\n","protected":false},"excerpt":{"rendered":"<p>Alfalipoiinihapon k\u00e4ytt\u00f6 ravintolis\u00e4n\u00e4 on viime vuosina tullut yh\u00e4 suositummaksi \u2013 eik\u00e4 aiheetta, sill\u00e4 se on hyvin monipuolinen, er\u00e4\u00e4nlainen vitamiinin ja rasvahapon v\u00e4limuoto. Se on yht\u00e4 aikaa rasva- ja vesiliukoinen ja kulkeutuu tehokkaasti sek\u00e4 solujen<br \/>\nsis\u00e4- ett\u00e4 ulkopuolelle, jopa aivoihin.<\/p>\n<p>&nbsp;<\/p>\n<p>Elimist\u00f6 muodostaa itse alfalipoiinihappoa, mutta vain v\u00e4ltt\u00e4m\u00e4tt\u00f6mimpiin solutoimintoihin. Ravinnosta sit\u00e4 saa h\u00e4vi\u00e4v\u00e4n v\u00e4h\u00e4n. Lis\u00e4ksi sen muodostuminen alkaa v\u00e4het\u00e4 suhteellisen varhain aikuisi\u00e4ss\u00e4.<\/p>\n<p>&nbsp;<\/p>\n<p>Alfalipoiinihappo sopii erityisesti ik\u00e4\u00e4ntyville ja urheilijoille, mutta my\u00f6s kaikille nykyajan hektisen el\u00e4m\u00e4nrytmin rasittamille. Alfalipoiinihappo auttaa selviytym\u00e4\u00e4n arjen kiireist\u00e4, kun on paljon teht\u00e4v\u00e4\u00e4 ja muistettavaa. Bioteekin Vahva Alfalipoiini sopii hitaasti liukenevana tablettina my\u00f6s herkk\u00e4mahaisille.<\/p>\n<p>&nbsp;<\/p>\n<p>Alfalipoiinihappoa sis\u00e4lt\u00e4v\u00e4 ravintolis\u00e4<\/p>\n","protected":false},"featured_media":1667,"template":"","meta":{"_acf_changed":false},"product_brand":[],"product_cat":[78,145,73],"product_tag":[],"class_list":{"0":"post-3737","1":"product","2":"type-product","3":"status-publish","4":"has-post-thumbnail","6":"product_cat-muut-ravintolisat-sv","7":"product_cat-bioteekki-sv","8":"product_cat-lisaravinteet-sv","10":"first","11":"instock","12":"taxable","13":"shipping-taxable","14":"purchasable","15":"product-type-simple"},"acf":[],"_links":{"self":[{"href":"https:\/\/vaasanluonnonravinto.fi\/sv\/wp-json\/wp\/v2\/product\/3737","targetHints":{"allow":["GET"]}}],"collection":[{"href":"https:\/\/vaasanluonnonravinto.fi\/sv\/wp-json\/wp\/v2\/product"}],"about":[{"href":"https:\/\/vaasanluonnonravinto.fi\/sv\/wp-json\/wp\/v2\/types\/product"}],"wp:featuredmedia":[{"embeddable":true,"href":"https:\/\/vaasanluonnonravinto.fi\/sv\/wp-json\/wp\/v2\/media\/1667"}],"wp:attachment":[{"href":"https:\/\/vaasanluonnonravinto.fi\/sv\/wp-json\/wp\/v2\/media?parent=3737"}],"wp:term":[{"taxonomy":"product_brand","embeddable":true,"href":"https:\/\/vaasanluonnonravinto.fi\/sv\/wp-json\/wp\/v2\/product_brand?post=3737"},{"taxonomy":"product_cat","embeddable":true,"href":"https:\/\/vaasanluonnonravinto.fi\/sv\/wp-json\/wp\/v2\/product_cat?post=3737"},{"taxonomy":"product_tag","embeddable":true,"href":"https:\/\/vaasanluonnonravinto.fi\/sv\/wp-json\/wp\/v2\/product_tag?post=3737"}],"curies":[{"name":"wp","href":"https:\/\/api.w.org\/{rel}","templated":true}]}}