{"id":3736,"date":"2019-03-19T09:58:07","date_gmt":"2019-03-19T07:58:07","guid":{"rendered":"https:\/\/vaasanluonnonravinto.fi\/?post_type=product&#038;p=3736"},"modified":"2026-05-15T06:37:09","modified_gmt":"2026-05-15T03:37:09","slug":"super-kilpirauhanen","status":"publish","type":"product","link":"https:\/\/vaasanluonnonravinto.fi\/sv\/tuote\/super-kilpirauhanen\/","title":{"rendered":"Bioteekki Super Kilpirauhanen"},"content":{"rendered":"<h4>Ainesosat<\/h4>\n<p>Askorbiinihappo<br \/>\nLiivate (kapseli, siasta ja naudasta, farmaseuttinen laatu)<br \/>\nD-alfa-tokoferoli (soijasta)<br \/>\nT\u00e4yteaine (mikrokiteinen selluloosa)<br \/>\nSinkkisitraatti<br \/>\nTiamiinihydrokloridi<br \/>\nKalsiumpantotenaatti<br \/>\nRiboflaviini<br \/>\nNikotiiniamidi<br \/>\nLuontainen beetakaroteeni (Blakeslea trispora -sienest\u00e4)<br \/>\nPyridoksiinihydrokloridi<br \/>\nSelenometioniini<br \/>\nPaakkuuntumisenestoaine (kasvirasvahappojen magnesiumsuolat)<br \/>\nKuparibisglysinaatti<br \/>\nFoolihappo<br \/>\nKaliumjodidi<\/p>\n<p>&nbsp;<\/p>\n<h4>Pakkauskoot<\/h4>\n<p>60 kapselia (32 g), l\u00e4pipainopakkaus<\/p>\n<p>&nbsp;<\/p>\n<h4>Annostus<\/h4>\n<p>1-2 kapselia p\u00e4iv\u00e4ss\u00e4, niell\u00e4\u00e4n kokonaisina aterian yhteydess\u00e4.<\/p>\n<p>&nbsp;<\/p>\n<h4>K\u00e4ytt\u00f6rajoitukset<\/h4>\n<p>Sopivuudesta kilpirauhasl\u00e4\u00e4kityksen yhteydess\u00e4 keskusteltava l\u00e4\u00e4k\u00e4rin kanssa.<\/p>\n","protected":false},"excerpt":{"rendered":"<p>Ravintoaineet osallistuvat kilpirauhasen toimintaan ja kilpirauhashormonin muodostukseen. Bioteekin Super Kilpirauhanen sis\u00e4lt\u00e4\u00e4 mm. jodia ja seleeni\u00e4, jotka edist\u00e4v\u00e4t kilpirauhasen normaalia toimintaa. Valmiste sis\u00e4lt\u00e4\u00e4 hyvin imeytyv\u00e4ss\u00e4 muodossa t\u00e4rkeimm\u00e4t vitamiinit ja hivenaineet, joita tarvitaan kilpirauhashormonin tuottoon ja vaikutukseen. Pitoisuudet on suunniteltu sopimaan suomalaiselle v\u00e4est\u00f6lle. Super Kilpirauhasen lis\u00e4ksi on hyv\u00e4 harkita tarve Super Tyrosiinille , vahvalle D-vitamiinille (esim. Super D-vitamiini ) ja B12-vitamiinille (esim. Super B12-vitamiini).<\/p>\n<p>&nbsp;<\/p>\n<p>Super Kilpirauhanen -tuote sopii jatkuvaan k\u00e4ytt\u00f6\u00f6n. Jos k\u00e4yt\u00f6ss\u00e4 on jo kilpirauhasl\u00e4\u00e4kitys, valmisteen sopivuudesta on hyv\u00e4 keskustella l\u00e4\u00e4k\u00e4rin kanssa. Kapselit niell\u00e4\u00e4n kokonaisina ruoan kanssa, jotta vahvat vitamiinit ja hivenaineet eiv\u00e4t aiheuttaisi pahoinvointia. Super Kilpirauhasen k\u00e4ytt\u00f6 ei korvaa tyroksiini-l\u00e4\u00e4kityst\u00e4.<\/p>\n<p>&nbsp;<\/p>\n<p>Ravintolis\u00e4 kilpirauhasen tueksi\u2013 sis\u00e4lt\u00e4\u00e4 jodia ja seleeni\u00e4, jotka edist\u00e4v\u00e4t kilpirauhasen normaalia toimintaa.<\/p>\n<p>&nbsp;<\/p>\n","protected":false},"featured_media":1713,"template":"","meta":{"_acf_changed":false,"rs_blank_template":"","rs_page_bg_color":"","slide_template_v7":""},"product_brand":[],"product_cat":[78,145,73],"product_tag":[],"class_list":{"0":"post-3736","1":"product","2":"type-product","3":"status-publish","4":"has-post-thumbnail","6":"product_cat-muut-ravintolisat-sv","7":"product_cat-bioteekki-sv","8":"product_cat-lisaravinteet-sv","10":"first","11":"instock","12":"taxable","13":"shipping-taxable","14":"purchasable","15":"product-type-simple"},"acf":[],"_links":{"self":[{"href":"https:\/\/vaasanluonnonravinto.fi\/sv\/wp-json\/wp\/v2\/product\/3736","targetHints":{"allow":["GET"]}}],"collection":[{"href":"https:\/\/vaasanluonnonravinto.fi\/sv\/wp-json\/wp\/v2\/product"}],"about":[{"href":"https:\/\/vaasanluonnonravinto.fi\/sv\/wp-json\/wp\/v2\/types\/product"}],"wp:featuredmedia":[{"embeddable":true,"href":"https:\/\/vaasanluonnonravinto.fi\/sv\/wp-json\/wp\/v2\/media\/1713"}],"wp:attachment":[{"href":"https:\/\/vaasanluonnonravinto.fi\/sv\/wp-json\/wp\/v2\/media?parent=3736"}],"wp:term":[{"taxonomy":"product_brand","embeddable":true,"href":"https:\/\/vaasanluonnonravinto.fi\/sv\/wp-json\/wp\/v2\/product_brand?post=3736"},{"taxonomy":"product_cat","embeddable":true,"href":"https:\/\/vaasanluonnonravinto.fi\/sv\/wp-json\/wp\/v2\/product_cat?post=3736"},{"taxonomy":"product_tag","embeddable":true,"href":"https:\/\/vaasanluonnonravinto.fi\/sv\/wp-json\/wp\/v2\/product_tag?post=3736"}],"curies":[{"name":"wp","href":"https:\/\/api.w.org\/{rel}","templated":true}]}}