{"id":3735,"date":"2019-03-18T15:31:22","date_gmt":"2019-03-18T13:31:22","guid":{"rendered":"https:\/\/vaasanluonnonravinto.fi\/?post_type=product&#038;p=3735"},"modified":"2026-05-05T21:37:23","modified_gmt":"2026-05-05T18:37:23","slug":"super-a-vitamiin","status":"publish","type":"product","link":"https:\/\/vaasanluonnonravinto.fi\/sv\/tuote\/super-a-vitamiin\/","title":{"rendered":"Bioteekki Super A-vitamiin"},"content":{"rendered":"<h4>Ainesosat<\/h4>\n<p>Auringonkukka\u00f6ljy<br \/>\nLiivate<br \/>\nKosteudens\u00e4ilytt\u00e4j\u00e4 (glyseroli)<br \/>\nVesi<br \/>\nA-vitamiini (retinyylipalmitaatti)<\/p>\n<p>&nbsp;<\/p>\n<h4>Pakkauskoot<\/h4>\n<p>50 kapselia (35 g), muovipurkki<\/p>\n<p>&nbsp;<\/p>\n<h4>Annostus<\/h4>\n<p>Yksi kapseli p\u00e4iv\u00e4ss\u00e4; niell\u00e4\u00e4n kokonaisena veden kera.<\/p>\n<p>&nbsp;<\/p>\n<h4>K\u00e4ytt\u00f6rajoitukset<\/h4>\n<p>Ei suositella k\u00e4ytt\u00f6\u00e4 A-vitamiinipitoisten aknel\u00e4\u00e4kkeiden kanssa. Etenkin raskausaikana on varottava A-vitamiinin liikasaantia, koska se voi johtaa keskenmenoon tai ep\u00e4muodostumiin.<\/p>\n","protected":false},"excerpt":{"rendered":"<p>A-vitamiini liitet\u00e4\u00e4n perinteisesti silmien, limakalvojen ja ihon hyvinvointiin sek\u00e4 kaikkeen kasvuun. H\u00e4m\u00e4r\u00e4n\u00e4k\u00f6 heikkenee jos kehossa on puutetta A-vitamiinista. Luontainen vastustuskykymme vaatii my\u00f6s riitt\u00e4v\u00e4sti A-vitamiinia pysy\u00e4kseen vahvana. A-vitamiinia on runsaasti maksassa. My\u00f6s liha, kananmunat ja voi ovat hyvi\u00e4 A-vitamiinin l\u00e4hteit\u00e4 ravinnossamme.<\/p>\n<p>&nbsp;<\/p>\n<p>Hyv\u00e4ksytty terveysv\u00e4ite: Edist\u00e4\u00e4 n\u00e4\u00f6n, ihon ja limakalvojen kuntoa. Edist\u00e4\u00e4 immuunij\u00e4rjestelm\u00e4n normaalia toimintaa. Ravintolis\u00e4.<\/p>\n<p>&nbsp;<\/p>\n","protected":false},"featured_media":1669,"template":"","meta":{"_acf_changed":false},"product_brand":[],"product_cat":[145,73,77],"product_tag":[],"class_list":{"0":"post-3735","1":"product","2":"type-product","3":"status-publish","4":"has-post-thumbnail","6":"product_cat-bioteekki-sv","7":"product_cat-lisaravinteet-sv","8":"product_cat-vitamiinit-sv","10":"first","11":"instock","12":"taxable","13":"shipping-taxable","14":"purchasable","15":"product-type-simple"},"acf":[],"_links":{"self":[{"href":"https:\/\/vaasanluonnonravinto.fi\/sv\/wp-json\/wp\/v2\/product\/3735","targetHints":{"allow":["GET"]}}],"collection":[{"href":"https:\/\/vaasanluonnonravinto.fi\/sv\/wp-json\/wp\/v2\/product"}],"about":[{"href":"https:\/\/vaasanluonnonravinto.fi\/sv\/wp-json\/wp\/v2\/types\/product"}],"wp:featuredmedia":[{"embeddable":true,"href":"https:\/\/vaasanluonnonravinto.fi\/sv\/wp-json\/wp\/v2\/media\/1669"}],"wp:attachment":[{"href":"https:\/\/vaasanluonnonravinto.fi\/sv\/wp-json\/wp\/v2\/media?parent=3735"}],"wp:term":[{"taxonomy":"product_brand","embeddable":true,"href":"https:\/\/vaasanluonnonravinto.fi\/sv\/wp-json\/wp\/v2\/product_brand?post=3735"},{"taxonomy":"product_cat","embeddable":true,"href":"https:\/\/vaasanluonnonravinto.fi\/sv\/wp-json\/wp\/v2\/product_cat?post=3735"},{"taxonomy":"product_tag","embeddable":true,"href":"https:\/\/vaasanluonnonravinto.fi\/sv\/wp-json\/wp\/v2\/product_tag?post=3735"}],"curies":[{"name":"wp","href":"https:\/\/api.w.org\/{rel}","templated":true}]}}