{"id":3732,"date":"2019-03-19T10:09:00","date_gmt":"2019-03-19T08:09:00","guid":{"rendered":"https:\/\/vaasanluonnonravinto.fi\/?post_type=product&#038;p=3732"},"modified":"2026-05-03T19:37:22","modified_gmt":"2026-05-03T16:37:22","slug":"super-magnesium","status":"publish","type":"product","link":"https:\/\/vaasanluonnonravinto.fi\/sv\/tuote\/super-magnesium\/","title":{"rendered":"Bioteekki Super Magnesium"},"content":{"rendered":"<h4>Ainesosat<\/h4>\n<p>Magnesiumtauraatti<br \/>\nMagnesiumbisglysinaatti<br \/>\nT\u00e4yteaineet (mikrokiteinen selluloosa)<br \/>\nPaakkuuntumisenestoaineet (rasvahappojen magnesiumsuolat)<br \/>\nPintak\u00e4sittelyaine (hydroksipropyylimetyyliselluloosa, polyetyleeniglykoli)<\/p>\n<p>&nbsp;<\/p>\n<h4>Pakkauskoot<\/h4>\n<p>100 tablettia (111 g), muovipurkki<\/p>\n<p>&nbsp;<\/p>\n<h4>Annostus<\/h4>\n<p>2\u20134 tablettia p\u00e4iv\u00e4ss\u00e4; niell\u00e4\u00e4n kokonaisina veden kera. Tabletit nautitaan illalla tai urheilusuorituksen j\u00e4lkeen.<\/p>\n<p>&nbsp;<\/p>\n<h4>K\u00e4ytt\u00f6rajoitukset<\/h4>\n<p>Varovaisesti munuaisten vajaatoiminnasta k\u00e4rsiville.<\/p>\n","protected":false},"excerpt":{"rendered":"<p>Magnesiumia tarvitaan yli 300 aineenvaihdunnalliseen reaktioon kehossa. Magnesiumin terveysv\u00e4itt\u00e4mi\u00e4:<\/p>\n<p style=\"padding-left: 30px;\">\u2022 Magnesium auttaa v\u00e4hent\u00e4m\u00e4\u00e4n v\u00e4symyst\u00e4 ja uupumusta<br \/>\n\u2022 Magnesium edist\u00e4\u00e4 normaaleja psykologisia toimintoja<br \/>\n\u2022 Magnesium edist\u00e4\u00e4 normaalia proteiinisynteesi\u00e4<br \/>\n\u2022 Magnesium edist\u00e4\u00e4 hermoston normaalia toimintaa<br \/>\n\u2022 Magnesium edist\u00e4\u00e4 lihasten normaalia toimintaa<br \/>\n\u2022 Magnesium edist\u00e4\u00e4 normaalia energia-aineenvaihduntaa<br \/>\n\u2022 Magnesium edist\u00e4\u00e4 luuston pysymist\u00e4 normaalina<br \/>\n\u2022 Magnesium edist\u00e4\u00e4 hampaiden pysymist\u00e4 normaaleina<\/p>\n<p>&nbsp;<\/p>\n<p>Suomen maaper\u00e4ss\u00e4 magnesiumia on melko niukasti ja siksi sit\u00e4 ei helposti saada riitt\u00e4v\u00e4sti tavallisesta ruokavaliostamme. Parhaita magnesiumin l\u00e4hteit\u00e4 ovat voimakkaan vihre\u00e4t kasvikset, t\u00e4ysjyv\u00e4vilja sek\u00e4 siemenet ja p\u00e4hkin\u00e4t.<\/p>\n<p>Super Magnesium -tableteissa magnesium saadaan kahdesta aminohappokelaatista: magnesiumtauraatista ja magnesiumbisglysinaatista. N\u00e4iss\u00e4 muodoissa magnesium on heti imeytymiskelpoisessa muodossa ja siksi magnesium imeytyy nopeasti ja tehokkaasti. Magnesiumtauraatin tauriinia k\u00e4ytet\u00e4\u00e4n my\u00f6s sellaisenaan esim. joissakin urheiluvalmisteissa.<\/p>\n<p>&nbsp;<\/p>\n<p>Magnesiumia sis\u00e4lt\u00e4v\u00e4 ravintolis\u00e4<br \/>\n4 tablettia sis\u00e4lt\u00e4\u00e4 400 mg hyvin imeytyv\u00e4\u00e4 magnesiumia. Nyt helposti nielt\u00e4v\u00e4 tabletti.<\/p>\n<p>&nbsp;<\/p>\n","protected":false},"featured_media":1685,"template":"","meta":{"_acf_changed":false},"product_brand":[],"product_cat":[145,73,76],"product_tag":[],"class_list":{"0":"post-3732","1":"product","2":"type-product","3":"status-publish","4":"has-post-thumbnail","6":"product_cat-bioteekki-sv","7":"product_cat-lisaravinteet-sv","8":"product_cat-kivennaisvalmisteet-sv","10":"first","11":"instock","12":"taxable","13":"shipping-taxable","14":"purchasable","15":"product-type-simple"},"acf":[],"_links":{"self":[{"href":"https:\/\/vaasanluonnonravinto.fi\/sv\/wp-json\/wp\/v2\/product\/3732","targetHints":{"allow":["GET"]}}],"collection":[{"href":"https:\/\/vaasanluonnonravinto.fi\/sv\/wp-json\/wp\/v2\/product"}],"about":[{"href":"https:\/\/vaasanluonnonravinto.fi\/sv\/wp-json\/wp\/v2\/types\/product"}],"wp:featuredmedia":[{"embeddable":true,"href":"https:\/\/vaasanluonnonravinto.fi\/sv\/wp-json\/wp\/v2\/media\/1685"}],"wp:attachment":[{"href":"https:\/\/vaasanluonnonravinto.fi\/sv\/wp-json\/wp\/v2\/media?parent=3732"}],"wp:term":[{"taxonomy":"product_brand","embeddable":true,"href":"https:\/\/vaasanluonnonravinto.fi\/sv\/wp-json\/wp\/v2\/product_brand?post=3732"},{"taxonomy":"product_cat","embeddable":true,"href":"https:\/\/vaasanluonnonravinto.fi\/sv\/wp-json\/wp\/v2\/product_cat?post=3732"},{"taxonomy":"product_tag","embeddable":true,"href":"https:\/\/vaasanluonnonravinto.fi\/sv\/wp-json\/wp\/v2\/product_tag?post=3732"}],"curies":[{"name":"wp","href":"https:\/\/api.w.org\/{rel}","templated":true}]}}