{"id":3731,"date":"2019-03-18T15:39:44","date_gmt":"2019-03-18T13:39:44","guid":{"rendered":"https:\/\/vaasanluonnonravinto.fi\/?post_type=product&#038;p=3731"},"modified":"2026-04-21T10:37:09","modified_gmt":"2026-04-21T07:37:09","slug":"super-b-vitamiini","status":"publish","type":"product","link":"https:\/\/vaasanluonnonravinto.fi\/sv\/tuote\/super-b-vitamiini\/","title":{"rendered":"Bioteekki Super B-vitamiini"},"content":{"rendered":"<h4>Ainesosat<\/h4>\n<p>Koliinisitraatti<br \/>\nLiivate (kapseli, farmaseuttinen laatu)<br \/>\nTiamiinihydrokloridi<br \/>\nKalsium-D-pantotenaatti<br \/>\nRiboflaviini<br \/>\nInositoli<br \/>\nPyridoksiinihydrokloridi<br \/>\nSyanokobalamiini<br \/>\nNikotiiniamidi<br \/>\nNikotiinihappo<br \/>\nPara-aminobentsoehappo (PABA)<br \/>\nPaakkuuntumisenestoaine (rasvahappojen magnesiumsuolat)<br \/>\nPyridoksaali-5\u2019-fosfaatti<br \/>\nMetyylikobalamiini<br \/>\nD-biotiini<br \/>\nFoolihappo<\/p>\n<p>&nbsp;<\/p>\n<h4>Pakkauskoot<\/h4>\n<p>60 kapselia (40 g), muovipurkki<\/p>\n<p>&nbsp;<\/p>\n<h4>Annostus<\/h4>\n<p>Yksi kapseli p\u00e4iv\u00e4ss\u00e4; niell\u00e4\u00e4n kokonaisena veden kera.<\/p>\n","protected":false},"excerpt":{"rendered":"<p>B-vitamiinit ahertavat joka puolella kehoa. Niit\u00e4 tarvitaan tuottamaan energiaa, tukemaan hermoston toimintaa, rakentamaan valkuaisaineita, huoltamaan hermostoa ja hormonitoimintaa (B6-vitamiini), muodostamaan verisoluja (B6- ja B12-vitamiinit) sek\u00e4 lukuisissa muissa kehon toiminnoissa. Esimerkiksi B6- ja B12-vitamiinit auttavat v\u00e4hent\u00e4m\u00e4\u00e4n v\u00e4symyst\u00e4 ja uupumusta sek\u00e4 edist\u00e4v\u00e4t normaalia immuunij\u00e4rjestelm\u00e4n toimintaa. Riboflaviini (B2), pantoteenihappo ja biotiini taas mm. edist\u00e4v\u00e4t limakalvojen ja ihon hyvinvointia.<\/p>\n<p>&nbsp;<\/p>\n<p>B-vitamiinit ovat vesiliukoisia ja siksi niit\u00e4 tarvitaan p\u00e4ivitt\u00e4in. B-vitamiineja on runsaasti t\u00e4ysjyv\u00e4viljassa. My\u00f6s liha ja maitotaloustuotteet ovat hyvi\u00e4 B-vitamiinin l\u00e4hteit\u00e4 ravinnossamme.<\/p>\n<p>&nbsp;<\/p>\n<p>Super-B -valmisteessa on vahvat pitoisuudet kaikkia B-vitamiineja, ja niist\u00e4 osa on elimist\u00f6n paremmin hyv\u00e4ksik\u00e4ytett\u00e4v\u00e4ss\u00e4 muodossa. N\u00e4ist\u00e4 syist\u00e4 Super-B on erityisen tehokas ja hyv\u00e4 B-vitamiinivalmiste. Se sopii sek\u00e4 jatkuvaan k\u00e4ytt\u00f6\u00f6n ett\u00e4 satunnaiseen k\u00e4ytt\u00f6\u00f6n pirist\u00e4m\u00e4\u00e4n ja poistamaan uupumusta. Vaikka monet B-vitamiinit auttavat v\u00e4hent\u00e4m\u00e4\u00e4n v\u00e4symyst\u00e4, Super-B:n voi nauttia my\u00f6s illalla. Valmisteen sis\u00e4lt\u00e4m\u00e4 niasiini voi aiheuttaa ohimenev\u00e4\u00e4 ihon punoitusta pian k\u00e4yt\u00f6n j\u00e4lkeen.<\/p>\n","protected":false},"featured_media":1671,"template":"","meta":{"_acf_changed":false},"product_brand":[],"product_cat":[145,73,77],"product_tag":[],"class_list":{"0":"post-3731","1":"product","2":"type-product","3":"status-publish","4":"has-post-thumbnail","6":"product_cat-bioteekki-sv","7":"product_cat-lisaravinteet-sv","8":"product_cat-vitamiinit-sv","10":"first","11":"instock","12":"taxable","13":"shipping-taxable","14":"purchasable","15":"product-type-simple"},"acf":[],"_links":{"self":[{"href":"https:\/\/vaasanluonnonravinto.fi\/sv\/wp-json\/wp\/v2\/product\/3731","targetHints":{"allow":["GET"]}}],"collection":[{"href":"https:\/\/vaasanluonnonravinto.fi\/sv\/wp-json\/wp\/v2\/product"}],"about":[{"href":"https:\/\/vaasanluonnonravinto.fi\/sv\/wp-json\/wp\/v2\/types\/product"}],"wp:featuredmedia":[{"embeddable":true,"href":"https:\/\/vaasanluonnonravinto.fi\/sv\/wp-json\/wp\/v2\/media\/1671"}],"wp:attachment":[{"href":"https:\/\/vaasanluonnonravinto.fi\/sv\/wp-json\/wp\/v2\/media?parent=3731"}],"wp:term":[{"taxonomy":"product_brand","embeddable":true,"href":"https:\/\/vaasanluonnonravinto.fi\/sv\/wp-json\/wp\/v2\/product_brand?post=3731"},{"taxonomy":"product_cat","embeddable":true,"href":"https:\/\/vaasanluonnonravinto.fi\/sv\/wp-json\/wp\/v2\/product_cat?post=3731"},{"taxonomy":"product_tag","embeddable":true,"href":"https:\/\/vaasanluonnonravinto.fi\/sv\/wp-json\/wp\/v2\/product_tag?post=3731"}],"curies":[{"name":"wp","href":"https:\/\/api.w.org\/{rel}","templated":true}]}}