{"id":3729,"date":"2019-03-18T15:49:12","date_gmt":"2019-03-18T13:49:12","guid":{"rendered":"https:\/\/vaasanluonnonravinto.fi\/?post_type=product&#038;p=3729"},"modified":"2026-05-15T06:37:10","modified_gmt":"2026-05-15T03:37:10","slug":"super-biotiini","status":"publish","type":"product","link":"https:\/\/vaasanluonnonravinto.fi\/sv\/tuote\/super-biotiini\/","title":{"rendered":"Bioteekki Super Biotiini"},"content":{"rendered":"<h4>Ainesosat<\/h4>\n<p>T\u00e4yteaineet (mikrokristallinen selluloosa, dikalsiumfosfaatti)<br \/>\nL-metioniini<br \/>\nD-biotiini<br \/>\nPaakkuuntumisenestoaineet (kasvirasvahappojen magnesiumsuolat, piidioksidi)<\/p>\n<p>&nbsp;<\/p>\n<h4>Pakkauskoot<\/h4>\n<p>90 tablettia (29 g).<\/p>\n<p>&nbsp;<\/p>\n<h4>Annostus<\/h4>\n<p>1 tabletti p\u00e4iv\u00e4ss\u00e4.<\/p>\n","protected":false},"excerpt":{"rendered":"<p>Super Biotiini -valmiste on varma valinta, kun haluamme kauniit hiukset, vahvat kynnet ja hehke\u00e4n ihon!<\/p>\n<p>&nbsp;<\/p>\n<p>Super Biotiinissa on sek\u00e4 biotiinia ett\u00e4 metioniinia. Biotiinia kutsutaan my\u00f6s H-vitamiiniksi. H-kirjain tulee saksan ihoa tarkoittavasta sanasta Haut. Biotiini on vesiliukoinen vitamiini, joka on erityisen t\u00e4rke\u00e4 hiusten ja ihon hyvinvoinnille. Se osallistuu my\u00f6s energia-aineenvaihduntaan ja edist\u00e4\u00e4 hermoston normaalia toimintaa. Biotiinilla on my\u00f6s merkitt\u00e4v\u00e4 rooli limakalvojen hyvinvoinnille. Metioniini on rikkipitoinen aminohappo, joka auttaa kynsille ja hiuksille t\u00e4rke\u00e4n keratiinin muodostuksessa.<\/p>\n","protected":false},"featured_media":1675,"template":"","meta":{"_acf_changed":false,"rs_blank_template":"","rs_page_bg_color":"","slide_template_v7":""},"product_brand":[],"product_cat":[145,73,77],"product_tag":[],"class_list":{"0":"post-3729","1":"product","2":"type-product","3":"status-publish","4":"has-post-thumbnail","6":"product_cat-bioteekki-sv","7":"product_cat-lisaravinteet-sv","8":"product_cat-vitamiinit-sv","10":"first","11":"instock","12":"taxable","13":"shipping-taxable","14":"purchasable","15":"product-type-simple"},"acf":[],"_links":{"self":[{"href":"https:\/\/vaasanluonnonravinto.fi\/sv\/wp-json\/wp\/v2\/product\/3729","targetHints":{"allow":["GET"]}}],"collection":[{"href":"https:\/\/vaasanluonnonravinto.fi\/sv\/wp-json\/wp\/v2\/product"}],"about":[{"href":"https:\/\/vaasanluonnonravinto.fi\/sv\/wp-json\/wp\/v2\/types\/product"}],"wp:featuredmedia":[{"embeddable":true,"href":"https:\/\/vaasanluonnonravinto.fi\/sv\/wp-json\/wp\/v2\/media\/1675"}],"wp:attachment":[{"href":"https:\/\/vaasanluonnonravinto.fi\/sv\/wp-json\/wp\/v2\/media?parent=3729"}],"wp:term":[{"taxonomy":"product_brand","embeddable":true,"href":"https:\/\/vaasanluonnonravinto.fi\/sv\/wp-json\/wp\/v2\/product_brand?post=3729"},{"taxonomy":"product_cat","embeddable":true,"href":"https:\/\/vaasanluonnonravinto.fi\/sv\/wp-json\/wp\/v2\/product_cat?post=3729"},{"taxonomy":"product_tag","embeddable":true,"href":"https:\/\/vaasanluonnonravinto.fi\/sv\/wp-json\/wp\/v2\/product_tag?post=3729"}],"curies":[{"name":"wp","href":"https:\/\/api.w.org\/{rel}","templated":true}]}}