{"id":3728,"date":"2019-03-19T10:17:43","date_gmt":"2019-03-19T08:17:43","guid":{"rendered":"https:\/\/vaasanluonnonravinto.fi\/?post_type=product&#038;p=3728"},"modified":"2026-04-18T06:37:22","modified_gmt":"2026-04-18T03:37:22","slug":"super-monivitamiini","status":"publish","type":"product","link":"https:\/\/vaasanluonnonravinto.fi\/sv\/tuote\/super-monivitamiini\/","title":{"rendered":"Bioteekki Super Monivitamiini"},"content":{"rendered":"<h4>Ainesosat<\/h4>\n<p>L-askorbiinihappo<br \/>\nLiivate (kapseli, farmaseuttinen laatu)<br \/>\nFlavonoidipitoinen sitrushedelm\u00e4valmiste (pomeranssista)<br \/>\nLuontainen E-vitamiini<br \/>\nT\u00e4yteaine (mikrokiteinen selluloosa)<br \/>\nSinkkibisglysinaatti<br \/>\nSeleenihiivavalmiste<br \/>\nNikotiiniamidi<br \/>\nPaakkuuntumisenestoaine (rasvahappojen magnesiumsuolat)<br \/>\nLuontainen beetakaroteeni (Blakeslea trispora -sienest\u00e4)<br \/>\nNatriummolybdaatti<br \/>\nKalsium-D-pantotenaatti<br \/>\nMangaanibisglysinaatti<br \/>\nTiamiinihydrokloridi<br \/>\nPyridoksiinihydrokloridi<br \/>\nKuparibisglysinaatti<br \/>\nRiboflaviini<br \/>\nLuteiinipitoinen samettikukkavalmiste<br \/>\nLykopeenipitoinen tomaattivalmiste<br \/>\nBoorihappo<br \/>\nRetinyyliasetaatti<br \/>\nD-biotiini<br \/>\nFyllokinoni<br \/>\nMaissit\u00e4rkkelys<br \/>\nKromipikolinaatti<br \/>\nKolekalsiferoli<br \/>\nFoolihappo<br \/>\nKaliumjodidi<br \/>\nB12-vitamiini (metyylikobalamiini)<\/p>\n<p>&nbsp;<\/p>\n<h4>Pakkauskoot<\/h4>\n<p>60 kapselia (48 g).<\/p>\n<p>&nbsp;<\/p>\n<h4>Annostus<\/h4>\n<p>1 kapseli p\u00e4iv\u00e4ss\u00e4; niell\u00e4\u00e4n kokonaisena runsaan veden kera. Ei tyhj\u00e4\u00e4n mahaan. Kovassa kulutuksessa ja suojaravintoaineiden puutostilojen hoidossa annostuksen voi kasvattaa 2\u20133 kapseliin p\u00e4iv\u00e4ss\u00e4.<\/p>\n<p>&nbsp;<\/p>\n<h4>K\u00e4ytt\u00f6rajoitukset<\/h4>\n<p>Ei tiedossa. Voi aiheuttaa herkk\u00e4mahaisille pahoinvointia, jos nautitaan tyhj\u00e4\u00e4n vatsaan. Jos pahoinvointia esiintyy, kapseli nautitaan kesken p\u00e4\u00e4ruokailun.<\/p>\n","protected":false},"excerpt":{"rendered":"<p>Super Vitavoima on nyt Super Monivitamiini! Tuote sis\u00e4lt\u00e4\u00e4 tasapainoisesti 13 vitamiinia ja 8 hivenainetta sek\u00e4 bioflavonoideja hyvin imeytyv\u00e4ss\u00e4 muodossa. Erityisesti urheiltaessa runsaasti ja monissa el\u00e4m\u00e4n erikoistilanteissa, kuten toipilaina, stressin ja raskauden aikana, tarvitsemme tavallista enemm\u00e4n vitamiineja ja hivenaineita. Ne mm. auttavat jaksamaan paremmin ja edist\u00e4v\u00e4t immuunij\u00e4rjestelm\u00e4n toimintaa. Esimerkiksi sinkki ja kupari edist\u00e4v\u00e4t immuunij\u00e4rjestelm\u00e4n normaalia toimintaa ja C- ja B2-vitamiini sek\u00e4 niasiini ja pantoteenihappo auttavat v\u00e4hent\u00e4m\u00e4\u00e4n v\u00e4symyst\u00e4 ja uupumusta. Biotiini taas edist\u00e4\u00e4 hiusten pysymist\u00e4 normaaleina, sek\u00e4 edist\u00e4\u00e4 limakolvojen normaaleina pysymist\u00e4. Herkk\u00e4mahaisten kannattaa nauttia Super Monivitamiinia p\u00e4iv\u00e4n p\u00e4\u00e4aterian p\u00e4\u00e4tteeksi. Yksi kapseli p\u00e4iv\u00e4ss\u00e4 riitt\u00e4\u00e4!<\/p>\n<p>&nbsp;<\/p>\n<p>&nbsp;<\/p>\n","protected":false},"featured_media":1689,"template":"","meta":{"_acf_changed":false},"product_brand":[],"product_cat":[145,73,77],"product_tag":[],"class_list":{"0":"post-3728","1":"product","2":"type-product","3":"status-publish","4":"has-post-thumbnail","6":"product_cat-bioteekki-sv","7":"product_cat-lisaravinteet-sv","8":"product_cat-vitamiinit-sv","10":"first","11":"instock","12":"taxable","13":"shipping-taxable","14":"purchasable","15":"product-type-simple"},"acf":[],"_links":{"self":[{"href":"https:\/\/vaasanluonnonravinto.fi\/sv\/wp-json\/wp\/v2\/product\/3728","targetHints":{"allow":["GET"]}}],"collection":[{"href":"https:\/\/vaasanluonnonravinto.fi\/sv\/wp-json\/wp\/v2\/product"}],"about":[{"href":"https:\/\/vaasanluonnonravinto.fi\/sv\/wp-json\/wp\/v2\/types\/product"}],"wp:featuredmedia":[{"embeddable":true,"href":"https:\/\/vaasanluonnonravinto.fi\/sv\/wp-json\/wp\/v2\/media\/1689"}],"wp:attachment":[{"href":"https:\/\/vaasanluonnonravinto.fi\/sv\/wp-json\/wp\/v2\/media?parent=3728"}],"wp:term":[{"taxonomy":"product_brand","embeddable":true,"href":"https:\/\/vaasanluonnonravinto.fi\/sv\/wp-json\/wp\/v2\/product_brand?post=3728"},{"taxonomy":"product_cat","embeddable":true,"href":"https:\/\/vaasanluonnonravinto.fi\/sv\/wp-json\/wp\/v2\/product_cat?post=3728"},{"taxonomy":"product_tag","embeddable":true,"href":"https:\/\/vaasanluonnonravinto.fi\/sv\/wp-json\/wp\/v2\/product_tag?post=3728"}],"curies":[{"name":"wp","href":"https:\/\/api.w.org\/{rel}","templated":true}]}}