{"id":3726,"date":"2019-03-19T10:21:31","date_gmt":"2019-03-19T08:21:31","guid":{"rendered":"https:\/\/vaasanluonnonravinto.fi\/?post_type=product&#038;p=3726"},"modified":"2026-05-15T06:37:10","modified_gmt":"2026-05-15T03:37:10","slug":"super-nivel","status":"publish","type":"product","link":"https:\/\/vaasanluonnonravinto.fi\/sv\/tuote\/super-nivel\/","title":{"rendered":"Bioteekki Super Nivel"},"content":{"rendered":"<h4>Ainesosat<\/h4>\n<p>MSM (metyylisulfonyylimetaani)<br \/>\nT\u00e4yteaine (mikrokiteinen selluloosa)<br \/>\nKondroitiinisulfaatti (naudasta)<br \/>\nVihersimpukkajauhe<br \/>\nGlukosamiinisulfaatti-2-KCl (\u00e4yri\u00e4isist\u00e4)<br \/>\nInkiv\u00e4\u00e4riuute<br \/>\nC-vitamiini (L-askorbiinihappo)<br \/>\nStabilointiaine (rasvahappojen mono- ja diglyseridit)<br \/>\nPintak\u00e4sittelyaineet (hydroksipropyylimetyyli- ja hydroksipropyyliselluloosa, talkki, glyseroli)<br \/>\nPaakkuuntumisenestoaineet (piidioksidi, rasvahappojen magnesiumsuolat)<br \/>\nV\u00e4ri (titaanidioksidi)<br \/>\nMangaanisitraatti<br \/>\nKuparibisglysinaatti<br \/>\nPalmu- ja kookosrasvahapot<\/p>\n<p>&nbsp;<\/p>\n<h4>Pakkauskoot<\/h4>\n<p>90 tabl. (104 g).<\/p>\n<p>&nbsp;<\/p>\n<h4>Annostus<\/h4>\n<p>1\u20132 kapselia p\u00e4iv\u00e4ss\u00e4; niell\u00e4\u00e4n kokonaisina veden kera.<\/p>\n<p>&nbsp;<\/p>\n<h4>K\u00e4ytt\u00f6rajoitukset<\/h4>\n<p>Ei suositella raskaana oleville. Ei suositella \u00e4yri\u00e4isallergisille.<\/p>\n","protected":false},"excerpt":{"rendered":"<p>Super Nivel on mm. vihersimpukkaa, glukosamiinia, kondroitiinia, C-vitamiinia, mangaania sek\u00e4 kuparia sis\u00e4lt\u00e4v\u00e4 ravintolis\u00e4<\/p>\n<p>&nbsp;<\/p>\n<p>C-vitamiini edist\u00e4\u00e4 rustolle t\u00e4rke\u00e4n kollageenin muodostumista.<br \/>\nMangaani edist\u00e4\u00e4 sidekudoksen normaalia muodostumista, ja kupari edist\u00e4\u00e4 sen pysymist\u00e4 normaalina.<br \/>\nMangaani edist\u00e4\u00e4 luuston pysymist\u00e4 normaalina.<br \/>\nVahva ja monipuolinen valmiste nivelten hyvinvointiin.<\/p>\n<p>&nbsp;<\/p>\n","protected":false},"featured_media":1691,"template":"","meta":{"_acf_changed":false,"rs_blank_template":"","rs_page_bg_color":"","slide_template_v7":""},"product_brand":[],"product_cat":[78,145,73],"product_tag":[],"class_list":{"0":"post-3726","1":"product","2":"type-product","3":"status-publish","4":"has-post-thumbnail","6":"product_cat-muut-ravintolisat-sv","7":"product_cat-bioteekki-sv","8":"product_cat-lisaravinteet-sv","10":"first","11":"instock","12":"taxable","13":"shipping-taxable","14":"purchasable","15":"product-type-simple"},"acf":[],"_links":{"self":[{"href":"https:\/\/vaasanluonnonravinto.fi\/sv\/wp-json\/wp\/v2\/product\/3726","targetHints":{"allow":["GET"]}}],"collection":[{"href":"https:\/\/vaasanluonnonravinto.fi\/sv\/wp-json\/wp\/v2\/product"}],"about":[{"href":"https:\/\/vaasanluonnonravinto.fi\/sv\/wp-json\/wp\/v2\/types\/product"}],"wp:featuredmedia":[{"embeddable":true,"href":"https:\/\/vaasanluonnonravinto.fi\/sv\/wp-json\/wp\/v2\/media\/1691"}],"wp:attachment":[{"href":"https:\/\/vaasanluonnonravinto.fi\/sv\/wp-json\/wp\/v2\/media?parent=3726"}],"wp:term":[{"taxonomy":"product_brand","embeddable":true,"href":"https:\/\/vaasanluonnonravinto.fi\/sv\/wp-json\/wp\/v2\/product_brand?post=3726"},{"taxonomy":"product_cat","embeddable":true,"href":"https:\/\/vaasanluonnonravinto.fi\/sv\/wp-json\/wp\/v2\/product_cat?post=3726"},{"taxonomy":"product_tag","embeddable":true,"href":"https:\/\/vaasanluonnonravinto.fi\/sv\/wp-json\/wp\/v2\/product_tag?post=3726"}],"curies":[{"name":"wp","href":"https:\/\/api.w.org\/{rel}","templated":true}]}}