{"id":3724,"date":"2019-03-19T10:26:31","date_gmt":"2019-03-19T08:26:31","guid":{"rendered":"https:\/\/vaasanluonnonravinto.fi\/?post_type=product&#038;p=3724"},"modified":"2026-05-15T06:37:09","modified_gmt":"2026-05-15T03:37:09","slug":"super-sinkki","status":"publish","type":"product","link":"https:\/\/vaasanluonnonravinto.fi\/sv\/tuote\/super-sinkki\/","title":{"rendered":"Bioteekki Super Sinkki + kupari 100 tabl"},"content":{"rendered":"<h4>Ainesosat<\/h4>\n<p>T\u00e4yteaineet (mikrokiteinen selluloosa ja maissit\u00e4rkkelys), sinkkibisglysinaatti, sinkkipikolinaatti, kiillotusaine (kasvirasvahappojen magnesiumsuolat), kuparibisglysinaatti. Ei sis\u00e4ll\u00e4 el\u00e4inper\u00e4isi\u00e4 ainesosia eik\u00e4 gluteenipitoisen viljan ainesosia. Laktoositon, maidoton, liivatteeton.<\/p>\n<p>&nbsp;<\/p>\n<h4>Vaikuttavat aineet<\/h4>\n<p>Yhdess\u00e4 tabletissa sinkki\u00e4 25 mg (250 %*) ja kuparia 300 \u03bcg (30 %*)<\/p>\n<p>*Vuorokautisen saannin vertailuarvosta<\/p>\n<p>&nbsp;<\/p>\n<h4>Valmistusmaa<\/h4>\n<p>Suomi<\/p>\n<p>&nbsp;<\/p>\n<h4>Pakkauskoot<\/h4>\n<p>100 tabl. (40 g), muovipurkki<\/p>\n<p>&nbsp;<\/p>\n<h4>Annostus<\/h4>\n<p>1 tabletti p\u00e4iv\u00e4ss\u00e4 veden kera, mieluiten aterian yhteydess\u00e4.<\/p>\n","protected":false},"excerpt":{"rendered":"<p>Hormonitasapainolle sek\u00e4 naisille ett\u00e4 miehille, vastustus- ja oppimiskyvylle sek\u00e4 ihon, hiusten, kynsien, luuston ja n\u00e4\u00f6n hyvinvointiin. Antioksidantti. Bioteekin Super Sinkki -valmiste on vahva ja hyvin imeytyv\u00e4 sinkkivalmiste. Koska sinkki ja kupari kilpailevat samoista imeytymispaikoista elimist\u00f6ss\u00e4, on t\u00e4rke\u00e4\u00e4, ett\u00e4 etenkin pitk\u00e4aikaisessa k\u00e4yt\u00f6ss\u00e4 valmisteessa on niit\u00e4 molempia. N\u00e4in varmistetaan, ettei sinkin ja kuparin tasapaino elimist\u00f6ss\u00e4 h\u00e4iriinny.<\/p>\n<p>&nbsp;<\/p>\n<p><strong>Sinkkin terveysv\u00e4itt\u00e4mi\u00e4:<\/strong><br \/>\nSinkki edist\u00e4\u00e4 normaalia happo-em\u00e4saineenvaihduntaa<br \/>\nSinkki edist\u00e4\u00e4 normaalia hiilihydraattiaineenvaihduntaa<br \/>\nSinkki edist\u00e4\u00e4 normaalia kognitiivista toimintaa<br \/>\nSinkki edist\u00e4\u00e4 normaalia DNA-synteesi\u00e4<br \/>\nSinkki edist\u00e4\u00e4 normaalia hedelm\u00e4llisyytt\u00e4 ja lis\u00e4\u00e4ntymist\u00e4<br \/>\nSinkki edist\u00e4\u00e4 normaalia makroravintoaineiden aineenvaihduntaa<br \/>\nSinkki edist\u00e4\u00e4 normaalia rasvahappoaineenvaihduntaa<br \/>\nSinkki edist\u00e4\u00e4 normaalia A-vitamiinin aineenvaihduntaa<br \/>\nSinkki edist\u00e4\u00e4 normaalia proteiinisynteesi\u00e4<br \/>\nSinkki edist\u00e4\u00e4 luuston pysymist\u00e4 normaalina<br \/>\nSinkki edist\u00e4\u00e4 hiusten pysymist\u00e4 normaaleina<br \/>\nSinkki edist\u00e4\u00e4 kynsien pysymist\u00e4 normaaleina<br \/>\nSinkki edist\u00e4\u00e4 ihon pysymist\u00e4 normaalina<br \/>\nSinkki edist\u00e4\u00e4 veren testosteronitasojen pysymist\u00e4 normaalina<br \/>\nSinkki edist\u00e4\u00e4 n\u00e4\u00f6n pysymist\u00e4 normaalina<br \/>\nSinkki edist\u00e4\u00e4 immuunij\u00e4rjestelm\u00e4n normaalia toimintaa<br \/>\nSinkki edist\u00e4\u00e4 solujen suojaamista hapettumisstressilt\u00e4<br \/>\nSinkki osallistuu solujen jakautumisprosessiin<\/p>\n<p>&nbsp;<\/p>\n<p><strong>Kuparin terveysv\u00e4itt\u00e4mi\u00e4:<\/strong><br \/>\nKupari edist\u00e4\u00e4 sidekudosten pysymist\u00e4 normaalina<br \/>\nKupari edist\u00e4\u00e4 normaalia energia-aineenvaihduntaa<br \/>\nKupari edist\u00e4\u00e4 hermoston normaalia toimintaa<br \/>\nKupari edist\u00e4\u00e4 hiusten normaalia pigmentoitumista<br \/>\nKupari edist\u00e4\u00e4 normaalia raudan kuljetusta kehossa<br \/>\nKupari edist\u00e4\u00e4 ihon normaalia pigmentoitumista<br \/>\nKupari edist\u00e4\u00e4 immuunij\u00e4rjestelm\u00e4n normaalia toimintaa<br \/>\nKupari edist\u00e4\u00e4 solujen suojaamista hapettumisstressilt\u00e4<\/p>\n<p>&nbsp;<\/p>\n","protected":false},"featured_media":1693,"template":"","meta":{"_acf_changed":false,"rs_blank_template":"","rs_page_bg_color":"","slide_template_v7":""},"product_brand":[],"product_cat":[145,73,76],"product_tag":[],"class_list":{"0":"post-3724","1":"product","2":"type-product","3":"status-publish","4":"has-post-thumbnail","6":"product_cat-bioteekki-sv","7":"product_cat-lisaravinteet-sv","8":"product_cat-kivennaisvalmisteet-sv","10":"first","11":"instock","12":"taxable","13":"shipping-taxable","14":"purchasable","15":"product-type-simple"},"acf":[],"_links":{"self":[{"href":"https:\/\/vaasanluonnonravinto.fi\/sv\/wp-json\/wp\/v2\/product\/3724","targetHints":{"allow":["GET"]}}],"collection":[{"href":"https:\/\/vaasanluonnonravinto.fi\/sv\/wp-json\/wp\/v2\/product"}],"about":[{"href":"https:\/\/vaasanluonnonravinto.fi\/sv\/wp-json\/wp\/v2\/types\/product"}],"wp:featuredmedia":[{"embeddable":true,"href":"https:\/\/vaasanluonnonravinto.fi\/sv\/wp-json\/wp\/v2\/media\/1693"}],"wp:attachment":[{"href":"https:\/\/vaasanluonnonravinto.fi\/sv\/wp-json\/wp\/v2\/media?parent=3724"}],"wp:term":[{"taxonomy":"product_brand","embeddable":true,"href":"https:\/\/vaasanluonnonravinto.fi\/sv\/wp-json\/wp\/v2\/product_brand?post=3724"},{"taxonomy":"product_cat","embeddable":true,"href":"https:\/\/vaasanluonnonravinto.fi\/sv\/wp-json\/wp\/v2\/product_cat?post=3724"},{"taxonomy":"product_tag","embeddable":true,"href":"https:\/\/vaasanluonnonravinto.fi\/sv\/wp-json\/wp\/v2\/product_tag?post=3724"}],"curies":[{"name":"wp","href":"https:\/\/api.w.org\/{rel}","templated":true}]}}