{"id":3723,"date":"2019-03-19T12:47:27","date_gmt":"2019-03-19T10:47:27","guid":{"rendered":"https:\/\/vaasanluonnonravinto.fi\/?post_type=product&#038;p=3723"},"modified":"2025-12-25T09:37:08","modified_gmt":"2025-12-25T07:37:08","slug":"urisan-prosta","status":"publish","type":"product","link":"https:\/\/vaasanluonnonravinto.fi\/sv\/tuote\/urisan-prosta\/","title":{"rendered":"Urisan\u00ae Prosta"},"content":{"rendered":"<h4 class=\"meta-title\">Ainesosat<\/h4>\n<p>Paakkuuntumisenestoaine E 460, EFLA\u00ae 940 kurpitsansiemenuute (<em>Cucurbita pepo L.<\/em>), Sahapalmu-uute (<em>Serenoa repens<\/em>), Pintak\u00e4sittelyaine E 470b<\/p>\n<p>&nbsp;<\/p>\n<h4 class=\"meta-title\">Vuorokausiannos<\/h4>\n<p>Vuorokausiannos 2 tabl. sis\u00e4lt\u00e4\u00e4:<br \/>\nEFLA\u00ae 940 kurpitsansiemenuutetta 500 mg<br \/>\nSahapalmu-uutetta 320 mg<\/p>\n<p>&nbsp;<\/p>\n<h4 class=\"meta-title\">Annostus<\/h4>\n<p>2 tablettia p\u00e4iv\u00e4ss\u00e4. Ei suositella raskaana oleville tai imett\u00e4ville. Ei suositella k\u00e4ytett\u00e4v\u00e4ksi verenohennusl\u00e4\u00e4kkeiden eik\u00e4 hormonil\u00e4\u00e4kityksen kanssa. Ei suositella henkil\u00f6ille, joilla on maksan tai munuaisten vajaatoiminta.<\/p>\n<p>Valmistettu Suomessa<\/p>\n<p>&nbsp;<\/p>\n<h4 class=\"meta-title\">Pakkauskoko<\/h4>\n<p>60 tabl.\/60 g<\/p>\n","protected":false},"excerpt":{"rendered":"<h4>Kurpitsansiemen-sahapalmu-uutetabletti<\/h4>\n<ul>\n<li>Ravintolis\u00e4 miehille ja naisille<\/li>\n<li>Ainutlaatuinen yhdistelm\u00e4 \u2013 kurpitsansiemen ja sahapalmu samassa valmisteessa<\/li>\n<li>Laktoositon, hiivaton, makeuttamaton, gluteeniton ja vegaaninen.<\/li>\n<\/ul>\n","protected":false},"featured_media":1783,"template":"","meta":{"_acf_changed":false},"product_brand":[],"product_cat":[78,85,176,73],"product_tag":[],"class_list":{"0":"post-3723","1":"product","2":"type-product","3":"status-publish","4":"has-post-thumbnail","6":"product_cat-muut-ravintolisat-sv","7":"product_cat-miehiseen-hyvinvointiin-sv","8":"product_cat-hankintatukku-sv","9":"product_cat-lisaravinteet-sv","11":"first","12":"instock","13":"taxable","14":"shipping-taxable","15":"purchasable","16":"product-type-simple"},"acf":[],"_links":{"self":[{"href":"https:\/\/vaasanluonnonravinto.fi\/sv\/wp-json\/wp\/v2\/product\/3723","targetHints":{"allow":["GET"]}}],"collection":[{"href":"https:\/\/vaasanluonnonravinto.fi\/sv\/wp-json\/wp\/v2\/product"}],"about":[{"href":"https:\/\/vaasanluonnonravinto.fi\/sv\/wp-json\/wp\/v2\/types\/product"}],"wp:featuredmedia":[{"embeddable":true,"href":"https:\/\/vaasanluonnonravinto.fi\/sv\/wp-json\/wp\/v2\/media\/1783"}],"wp:attachment":[{"href":"https:\/\/vaasanluonnonravinto.fi\/sv\/wp-json\/wp\/v2\/media?parent=3723"}],"wp:term":[{"taxonomy":"product_brand","embeddable":true,"href":"https:\/\/vaasanluonnonravinto.fi\/sv\/wp-json\/wp\/v2\/product_brand?post=3723"},{"taxonomy":"product_cat","embeddable":true,"href":"https:\/\/vaasanluonnonravinto.fi\/sv\/wp-json\/wp\/v2\/product_cat?post=3723"},{"taxonomy":"product_tag","embeddable":true,"href":"https:\/\/vaasanluonnonravinto.fi\/sv\/wp-json\/wp\/v2\/product_tag?post=3723"}],"curies":[{"name":"wp","href":"https:\/\/api.w.org\/{rel}","templated":true}]}}