{"id":3721,"date":"2019-03-19T12:55:29","date_gmt":"2019-03-19T10:55:29","guid":{"rendered":"https:\/\/vaasanluonnonravinto.fi\/?post_type=product&#038;p=3721"},"modified":"2026-04-10T13:23:03","modified_gmt":"2026-04-10T10:23:03","slug":"visiobalance-opti","status":"publish","type":"product","link":"https:\/\/vaasanluonnonravinto.fi\/sv\/tuote\/visiobalance-opti\/","title":{"rendered":"Visiobalance\u00ae Opti"},"content":{"rendered":"<h4 class=\"meta-title\">Ainesosat<\/h4>\n<p>Paakkuuntumisenestoaineet E 460 ja E 551, FloraGLO<sup>\u00ae<\/sup>\u00a0Lutein keh\u00e4kukkauute, L-askorbiinihappo, DL-alfa-tokoferyyliasetaatti, Mustikkajauhe, Sinkkisitraatti, Pycnogenol<sup>\u00ae<\/sup>\u00a0rannikkom\u00e4nnyn kuoriuute, Mangaanisitraatti, Pintak\u00e4sittelyaine E 470b, Syanokobalamiini, Pyridoksiinihydrokloridi, Pteroyylimonoglutamiinihappo<\/p>\n<p>&nbsp;<\/p>\n<h4 class=\"meta-title\">Vuorokausiannos<\/h4>\n<p>Vuorokausiannos 2 tabl. sis\u00e4lt\u00e4\u00e4:<br \/>\nLuteiinia\u00a010 mg<br \/>\nZeaksantiinia\u00a00,5 mg<br \/>\nC-vitamiinia 50 mg (63 %)*<br \/>\nE-vitamiinia 10 mg (83 %)*<br \/>\nMustikkajauhetta\u00a030 mg<br \/>\nSinkki\u00e4 5\u00a0mg (50 %)*<br \/>\nPycnogenol<sup>\u00ae<\/sup>\u00a0rannikkom\u00e4nnyn kuoriuutetta 10 mg<br \/>\nMangaania\u00a02 mg (100 %)*<br \/>\nB<sub>12<\/sub>-vitamiinia 3 \u03bcg (120 %)*<br \/>\nB<sub>6<\/sub>-vitamiinia 2,2 mg (157 %)*<br \/>\nFoolihappoa 300 \u03bcg (150 %)*<br \/>\n*vuorokautisen saannin vertailuarvosta<\/p>\n<p>&nbsp;<\/p>\n<h4 class=\"meta-title\">Annostus<\/h4>\n<p>2 tablettia p\u00e4iv\u00e4ss\u00e4.<\/p>\n<p>Valmistettu Suomessa<\/p>\n<p>&nbsp;<\/p>\n<h4 class=\"meta-title\">Pakkauskoko<\/h4>\n<p>60 tabl.\/18 g<\/p>\n<p>&nbsp;<\/p>\n<h4 class=\"meta-title\">Fysiologiset vaikutukset<\/h4>\n<ul>\n<li>Keh\u00e4kukkauute: luteiinia ja zeaksantiinia vakiom\u00e4\u00e4r\u00e4: 2 tabletissa on\u00a010 mg luteiinia ja 0,5 mg zeaksantiinia.<\/li>\n<li>Mustikkajauhe: Silm\u00e4n verenkierrolle ja hiusverisuonten kunnolle.<\/li>\n<li>Pycnogenol<sup>\u00ae<\/sup>\u00a0rannikkom\u00e4nnyn kuoriuute: Erityisen t\u00e4rke\u00e4 hiusverisuonten sein\u00e4mien hyv\u00e4n kunnon yll\u00e4pit\u00e4miselle (kimmoisuus, l\u00e4p\u00e4isem\u00e4tt\u00f6myys) ja sit\u00e4 kautta silm\u00e4npohjan terveydelle.<\/li>\n<li>C-, E-, B<sub>6<\/sub>-, B<sub>12<\/sub>\u00a0-vitamiini ja foolihappo: Monet vitamiinit vaikuttavat silmien terveyteen. C- ja E-vitamiini ovat merkitt\u00e4vi\u00e4 antioksidantteja. Ne suojaavat soluja hapetusstressilt\u00e4. Valmisteen B-vitamiinit vaikuttavat mm. siten, ett\u00e4 ne laskevat veren homokysteiinipitoisuutta.<\/li>\n<li>Sinkki ja mangaani: Sinkki\u00a0edist\u00e4\u00e4 n\u00e4\u00f6n pysymist\u00e4 normaalina. Mangaani edist\u00e4\u00e4 sidekudoksen normaalia muodostusta. Sinkki ja mangaani suojaavat soluja hapetusstressilt\u00e4.<\/li>\n<\/ul>\n","protected":false},"excerpt":{"rendered":"<h4>Luteiini-zeaksantiini-Pycnogenol-mustikkatabletit<\/h4>\n<ul>\n<li>Tehoaineet silmien hyvinvoinnille ja n\u00e4k\u00f6kyvylle<\/li>\n<li>Sis\u00e4lt\u00e4\u00e4 luteiinia, Pycnogenolia\u00ae, mustikkaa, B-, C-, E-vitamiinia, sinkki\u00e4 ja mangaania<\/li>\n<li>Kehitetty yhdes\u00e4 silm\u00e4l\u00e4\u00e4k\u00e4rin kanssa suojaamaan silmien herkki\u00e4 osia<\/li>\n<li>Visiobalance\u00ae Opti -ravintolis\u00e4\u00e4 suositellaan erityisesti ik\u00e4\u00e4ntyville sek\u00e4 niille, jotka ovat paljon n\u00e4ytt\u00f6p\u00e4\u00e4tteen \u00e4\u00e4rell\u00e4, autoilevat h\u00e4m\u00e4r\u00e4ss\u00e4 tai altistuvat auringonvalolle<\/li>\n<li>Laktoositon, hiivaton, makeuttamaton, gluteeniton ja vegaaninen<\/li>\n<\/ul>\n","protected":false},"featured_media":1788,"template":"","meta":{"_acf_changed":false},"product_brand":[],"product_cat":[78,176,73],"product_tag":[],"class_list":{"0":"post-3721","1":"product","2":"type-product","3":"status-publish","4":"has-post-thumbnail","6":"product_cat-muut-ravintolisat-sv","7":"product_cat-hankintatukku-sv","8":"product_cat-lisaravinteet-sv","10":"first","11":"instock","12":"sale","13":"taxable","14":"shipping-taxable","15":"purchasable","16":"product-type-simple"},"acf":[],"_links":{"self":[{"href":"https:\/\/vaasanluonnonravinto.fi\/sv\/wp-json\/wp\/v2\/product\/3721","targetHints":{"allow":["GET"]}}],"collection":[{"href":"https:\/\/vaasanluonnonravinto.fi\/sv\/wp-json\/wp\/v2\/product"}],"about":[{"href":"https:\/\/vaasanluonnonravinto.fi\/sv\/wp-json\/wp\/v2\/types\/product"}],"wp:featuredmedia":[{"embeddable":true,"href":"https:\/\/vaasanluonnonravinto.fi\/sv\/wp-json\/wp\/v2\/media\/1788"}],"wp:attachment":[{"href":"https:\/\/vaasanluonnonravinto.fi\/sv\/wp-json\/wp\/v2\/media?parent=3721"}],"wp:term":[{"taxonomy":"product_brand","embeddable":true,"href":"https:\/\/vaasanluonnonravinto.fi\/sv\/wp-json\/wp\/v2\/product_brand?post=3721"},{"taxonomy":"product_cat","embeddable":true,"href":"https:\/\/vaasanluonnonravinto.fi\/sv\/wp-json\/wp\/v2\/product_cat?post=3721"},{"taxonomy":"product_tag","embeddable":true,"href":"https:\/\/vaasanluonnonravinto.fi\/sv\/wp-json\/wp\/v2\/product_tag?post=3721"}],"curies":[{"name":"wp","href":"https:\/\/api.w.org\/{rel}","templated":true}]}}