{"id":3718,"date":"2019-03-19T13:09:11","date_gmt":"2019-03-19T11:09:11","guid":{"rendered":"https:\/\/vaasanluonnonravinto.fi\/?post_type=product&#038;p=3718"},"modified":"2020-09-14T16:41:15","modified_gmt":"2020-09-14T13:41:15","slug":"visioblue-strong-2","status":"publish","type":"product","link":"https:\/\/vaasanluonnonravinto.fi\/sv\/tuote\/visioblue-strong-2\/","title":{"rendered":"Visioblue Strong"},"content":{"rendered":"<h4 class=\"meta-title\">Ainesosat<\/h4>\n<p>Mustikkauute (<em>Vaccinium myrtillus<\/em>), Liivate (kapselin kuori, naudasta), Paakkuuntumisenestoaine E 551, Pintak\u00e4sittelyaine E 470b, V\u00e4riaine E 172 (kapselin kuori)<\/p>\n<p>&nbsp;<\/p>\n<h4 class=\"meta-title\">Vuorokausiannos<\/h4>\n<p>Vuorokausiannos 1-2 kaps. sis\u00e4lt\u00e4\u00e4:<br \/>\nMustikkkauutetta\u00a0240 \u2013 480 mg, josta<br \/>\nantosyaaneja 50 \u2013 100 mg<\/p>\n<p>&nbsp;<\/p>\n<h4 class=\"meta-title\">Annostus<\/h4>\n<p>1-2 kapselia p\u00e4iv\u00e4ss\u00e4.<\/p>\n<p>Valmistettu Suomessa<\/p>\n<p>&nbsp;<\/p>\n<h4 class=\"meta-title\">Pakkauskoko<\/h4>\n<p>60 kaps.\/22 g<\/p>\n<p>&nbsp;<\/p>\n<h4 class=\"meta-title\">Fysiologiset vaikutukset<\/h4>\n<ul>\n<li>Mustikka (<em>Vaccinium myrtillus<\/em>) on ravitseva mets\u00e4marja. Siin\u00e4 on runsaasti kaliumia sek\u00e4 vitamiineista C-, K- ja E-vitamiinia sek\u00e4 A-vitamiinin esiasteita karotenoideja.<\/li>\n<li>Rasvaa mustikassa on v\u00e4h\u00e4n, mutta l\u00e4hes kaikki hy\u00f6dyllist\u00e4 linoli- ja linoleenihappoa.<\/li>\n<li>Vatsaa helliv\u00e4\u00e4, kuitupitoista mustikkaa on perinteisesti k\u00e4ytetty suoliston ongelmissa.<\/li>\n<li>Mustikka sis\u00e4lt\u00e4\u00e4 flavonoideihin kuuluvia antosyaaneja.<\/li>\n<li>Antosyaanit ovat hy\u00f6dyllisi\u00e4 erityisesti silmille.<br \/>\nAntosyaanien hyv\u00e4 vaikutus silmiin perustuu pitk\u00e4lti siihen, ett\u00e4 ne vilkastuttavat \u00e4\u00e4reisverenkiertoa.<\/li>\n<li>Visioblue Strong -kapselit sis\u00e4lt\u00e4v\u00e4t mustikkauutetta, jonka antosyaanipitoisuus on vakioitu. Erityisen suuri antosyaanipitoisuus: yhdess\u00e4 kapselissa on 50 mg antosyaaneja.<\/li>\n<li>Antosyaanit est\u00e4v\u00e4t verihiutaleiden sakkautumista, mik\u00e4 verenohennusl\u00e4\u00e4kkeit\u00e4 k\u00e4ytt\u00e4vien on hyv\u00e4 tiet\u00e4\u00e4.<\/li>\n<\/ul>\n","protected":false},"excerpt":{"rendered":"<h4>Mustikkauutekapselit<\/h4>\n<ul>\n<li>Ravintolis\u00e4<\/li>\n<li>Silmien hyvinvoinnille<\/li>\n<li>Laktoositon, hiivaton, makeuttamaton ja gluteeniton<\/li>\n<\/ul>\n","protected":false},"featured_media":1792,"template":"","meta":{"_acf_changed":false},"product_brand":[],"product_cat":[78,176,73],"product_tag":[],"class_list":{"0":"post-3718","1":"product","2":"type-product","3":"status-publish","4":"has-post-thumbnail","6":"product_cat-muut-ravintolisat-sv","7":"product_cat-hankintatukku-sv","8":"product_cat-lisaravinteet-sv","10":"first","11":"instock","12":"taxable","13":"shipping-taxable","14":"purchasable","15":"product-type-simple"},"acf":[],"_links":{"self":[{"href":"https:\/\/vaasanluonnonravinto.fi\/sv\/wp-json\/wp\/v2\/product\/3718","targetHints":{"allow":["GET"]}}],"collection":[{"href":"https:\/\/vaasanluonnonravinto.fi\/sv\/wp-json\/wp\/v2\/product"}],"about":[{"href":"https:\/\/vaasanluonnonravinto.fi\/sv\/wp-json\/wp\/v2\/types\/product"}],"wp:featuredmedia":[{"embeddable":true,"href":"https:\/\/vaasanluonnonravinto.fi\/sv\/wp-json\/wp\/v2\/media\/1792"}],"wp:attachment":[{"href":"https:\/\/vaasanluonnonravinto.fi\/sv\/wp-json\/wp\/v2\/media?parent=3718"}],"wp:term":[{"taxonomy":"product_brand","embeddable":true,"href":"https:\/\/vaasanluonnonravinto.fi\/sv\/wp-json\/wp\/v2\/product_brand?post=3718"},{"taxonomy":"product_cat","embeddable":true,"href":"https:\/\/vaasanluonnonravinto.fi\/sv\/wp-json\/wp\/v2\/product_cat?post=3718"},{"taxonomy":"product_tag","embeddable":true,"href":"https:\/\/vaasanluonnonravinto.fi\/sv\/wp-json\/wp\/v2\/product_tag?post=3718"}],"curies":[{"name":"wp","href":"https:\/\/api.w.org\/{rel}","templated":true}]}}