{"id":3711,"date":"2019-03-19T11:49:06","date_gmt":"2019-03-19T09:49:06","guid":{"rendered":"https:\/\/vaasanluonnonravinto.fi\/?post_type=product&#038;p=3711"},"modified":"2025-03-01T23:37:06","modified_gmt":"2025-03-01T21:37:06","slug":"ubicaps-ubiquinol-50-mg","status":"publish","type":"product","link":"https:\/\/vaasanluonnonravinto.fi\/sv\/tuote\/ubicaps-ubiquinol-50-mg\/","title":{"rendered":"Ubicaps\u00ae Ubiquinol 50 mg"},"content":{"rendered":"<h4>Ainesosat<\/h4>\n<p>Auringonkukka\u00f6ljy, Liivate naudasta*, Kosteudens\u00e4ilytt\u00e4j\u00e4 E 422*, Kaneka Ubiquinol\u2122 ubikinoli, Paakkuuntumisenestoaine E 551, Emulgointiaine E 322 (soijalesitiini), V\u00e4ri E 150c* *kapselin kuori<\/p>\n<p>&nbsp;<\/p>\n<h4>Vuorokausiannos<\/h4>\n<p>Vuorokausiannos 1 kaps. sis\u00e4lt\u00e4\u00e4:<br \/>\nKaneka Ubiquinol\u2122 ubikinolia 50 mg<\/p>\n<p>&nbsp;<\/p>\n<h4>Annostus<\/h4>\n<p>1 kapseli p\u00e4iv\u00e4ss\u00e4 runsaan nesteen kera.<\/p>\n<p>&nbsp;<\/p>\n<h4>Pakkauskoko<\/h4>\n<p>40 kaps.\/29 g<\/p>\n<p>&nbsp;<\/p>\n<h4>Fysiologiset vaikutukset<\/h4>\n<ul>\n<li>Ubikinoli on ubikinonin aktiivimuoto ja siten n\u00e4m\u00e4 molemmat aineet ovat samaa koentsyymi Q10:t\u00e4 eri muodoissa.<\/li>\n<li>Ubikinoli on rasvaliukoinen, vitamiinin kaltainen aine.<\/li>\n<li>Elimist\u00f6ss\u00e4mme koentsyymi Q10 esiintyy yli 90-prosenttisesti ubikinolina.<\/li>\n<li>Ravintolis\u00e4st\u00e4 ubikinoli imeytyy helposti ja on heti sellaisenaan solujen k\u00e4yt\u00f6ss\u00e4 ilman, ett\u00e4 entsyymien toimintaa tarvitaan muuntamaan sit\u00e4 aktiivimuotoon.<\/li>\n<li>Erityisesti ik\u00e4\u00e4ntyvien kannattaa k\u00e4ytt\u00e4\u00e4 ubikinolia, sill\u00e4 kehon kyky valmistaa ubikinonia ja muuttaa sit\u00e4 aktiivimuotoon pelkistyneeksi ubikinoliksi heikentyv\u00e4t i\u00e4n my\u00f6t\u00e4.<\/li>\n<li>Ubikinolista hy\u00f6tyv\u00e4t my\u00f6s v\u00e4syneet, toipilaat ja muut, jotka eiv\u00e4t pysty hy\u00f6dynt\u00e4m\u00e4\u00e4n ubikinonia esimerkiksi heikentyneen imeytymisen tai entsyymitoiminnan vuoksi.<\/li>\n<li>Ubikinolia suositellaan my\u00f6s urheilijoille ja tupakoiville.<\/li>\n<li>Vaikutuksen voi huomata vireystason nousuna.<\/li>\n<\/ul>\n","protected":false},"excerpt":{"rendered":"<h4>Ubikinolikapselit<\/h4>\n<ul>\n<li>Ravintolis\u00e4<\/li>\n<li>Urheilijoille, ik\u00e4\u00e4ntyville, v\u00e4syneille<\/li>\n<li>Laktoositon, hiivaton, makeuttamaton ja gluteeniton<\/li>\n<\/ul>\n","protected":false},"featured_media":1774,"template":"","meta":{"_acf_changed":false},"product_brand":[],"product_cat":[78,176,73],"product_tag":[],"class_list":{"0":"post-3711","1":"product","2":"type-product","3":"status-publish","4":"has-post-thumbnail","6":"product_cat-muut-ravintolisat-sv","7":"product_cat-hankintatukku-sv","8":"product_cat-lisaravinteet-sv","10":"first","11":"instock","12":"taxable","13":"shipping-taxable","14":"purchasable","15":"product-type-simple"},"acf":[],"_links":{"self":[{"href":"https:\/\/vaasanluonnonravinto.fi\/sv\/wp-json\/wp\/v2\/product\/3711","targetHints":{"allow":["GET"]}}],"collection":[{"href":"https:\/\/vaasanluonnonravinto.fi\/sv\/wp-json\/wp\/v2\/product"}],"about":[{"href":"https:\/\/vaasanluonnonravinto.fi\/sv\/wp-json\/wp\/v2\/types\/product"}],"wp:featuredmedia":[{"embeddable":true,"href":"https:\/\/vaasanluonnonravinto.fi\/sv\/wp-json\/wp\/v2\/media\/1774"}],"wp:attachment":[{"href":"https:\/\/vaasanluonnonravinto.fi\/sv\/wp-json\/wp\/v2\/media?parent=3711"}],"wp:term":[{"taxonomy":"product_brand","embeddable":true,"href":"https:\/\/vaasanluonnonravinto.fi\/sv\/wp-json\/wp\/v2\/product_brand?post=3711"},{"taxonomy":"product_cat","embeddable":true,"href":"https:\/\/vaasanluonnonravinto.fi\/sv\/wp-json\/wp\/v2\/product_cat?post=3711"},{"taxonomy":"product_tag","embeddable":true,"href":"https:\/\/vaasanluonnonravinto.fi\/sv\/wp-json\/wp\/v2\/product_tag?post=3711"}],"curies":[{"name":"wp","href":"https:\/\/api.w.org\/{rel}","templated":true}]}}