{"id":3709,"date":"2019-03-19T11:50:30","date_gmt":"2019-03-19T09:50:30","guid":{"rendered":"https:\/\/vaasanluonnonravinto.fi\/?post_type=product&#038;p=3709"},"modified":"2020-09-14T16:40:52","modified_gmt":"2020-09-14T13:40:52","slug":"tryptomax","status":"publish","type":"product","link":"https:\/\/vaasanluonnonravinto.fi\/sv\/tuote\/tryptomax\/","title":{"rendered":"Tryptomax\u00ae"},"content":{"rendered":"<h4>Ainesosat<\/h4>\n<p>Frukto-oligosakkaridi, L-tryptofaani, Magnesiumoksidi, Paakkuuntumisenestoaineet E 463, E 468, Pintak\u00e4sittelyaine E 470b, Pyridoksiinihydrokloridi<\/p>\n<p>&nbsp;<\/p>\n<h4>Vuorokausiannos<\/h4>\n<p>Vuorokausiannos 1-2 tabl. sis\u00e4lt\u00e4\u00e4:<br \/>\nL-tryptofaania 260 \u2013 520 mg<br \/>\nMagnesiumia 100 \u2013 200 mg (27-54 %)*<br \/>\nB6-vitamiinia 5-10 mg (357-714 %)*<br \/>\n*vuorokautisen saannin vertailuarvosta<\/p>\n<p>&nbsp;<\/p>\n<h4>Annostus<\/h4>\n<p>1\u20132 tablettia p\u00e4iv\u00e4ss\u00e4 nesteen kera tyhj\u00e4\u00e4n vatsaan puoli tuntia ennen nukkumaanmenoa tai y\u00f6ll\u00e4 her\u00e4tt\u00e4ess\u00e4. Ei suositella raskaana oleville, imett\u00e4ville eik\u00e4 k\u00e4ytett\u00e4v\u00e4ksi uni- tai mielialal\u00e4\u00e4kkeiden kanssa samanaikaisesti.<\/p>\n<p>&nbsp;<\/p>\n<p>Valmistettu Suomessa<\/p>\n<p>&nbsp;<\/p>\n<h4>Pakkauskoko<\/h4>\n<p>60 tabl.\/60 g<\/p>\n<p>&nbsp;<\/p>\n<h4>Fysiologiset vaikutukset<\/h4>\n<ul>\n<li>Tryptofaani on v\u00e4ltt\u00e4m\u00e4t\u00f6n aminohappo, jota elimist\u00f6 ei itse muodosta vaan sit\u00e4 on saatava ravinnosta.<\/li>\n<li>Tryptofaania tarvitaan mm. proteiinien rakennusaineeksi.<\/li>\n<li>Magnesium ja B6-vitamiini auttavat v\u00e4hent\u00e4m\u00e4\u00e4n uupumusta ja antavat yhdess\u00e4 tryptofaanin kanssa paremman unen laadun.<\/li>\n<li>Unih\u00e4iri\u00f6ist\u00e4 k\u00e4rsii n. 25 % suomalaisista aikuisista ajoittain. Unih\u00e4iri\u00f6t voivat ilmet\u00e4 esimerkiksi nukahtamisvaikeuksina, tilap\u00e4isen\u00e4 tai pitk\u00e4aikaisena unettomuutena, uni-valverytmin h\u00e4iri\u00f6in\u00e4 tai unen heikkolaatuisuutena. On my\u00f6s erilaisia orgaanisia unih\u00e4iri\u00f6it\u00e4, kuten uniapnea, levottomat jalat ja kuorsaaminen. Lis\u00e4ksi unta voivat h\u00e4irit\u00e4 monet fyysiset tilat, esimerkiksi jatkuva kipu, raskaus, vaihdevuodet tai y\u00f6llinen virtsaamisentarve. Jos unen tarvetta ei saada tyydytetty\u00e4, vaikutukset n\u00e4kyv\u00e4t mm. vireyden ja henkisten toimintojen heikkenemisen\u00e4, ty\u00f6kyvyn alentumisena ja el\u00e4m\u00e4nlaadun huonontumisena kokonaisuudessaan. Tilap\u00e4isten unih\u00e4iri\u00f6iden aiheuttajia ovat mm. stressi, j\u00e4nnitys, huolet, pelko, masennus, el\u00e4m\u00e4n muutokset, ik\u00e4\u00e4ntyminen, vuoroty\u00f6, l\u00e4\u00e4kkeet, alkoholi.<\/li>\n<\/ul>\n","protected":false},"excerpt":{"rendered":"<p>Tryptofaani-magnesium-B6-vitamiinitabletit<\/p>\n<ul>\n<li>Ravintolis\u00e4<\/li>\n<li>Sis\u00e4lt\u00e4\u00e4 tryptofaania, magnesiumia ja B6-vitamiinia, jotka ravitsemuksellisesti helpottavat unentuloa ja edist\u00e4v\u00e4t keskeytym\u00e4t\u00f6nt\u00e4 unta ja hyv\u00e4\u00e4 unirytmi\u00e4<\/li>\n<li>Laktoositon, hiivaton, makeuttamaton, gluteeniton ja vegaaninen<\/li>\n<\/ul>\n","protected":false},"featured_media":1460,"template":"","meta":{"_acf_changed":false},"product_brand":[],"product_cat":[78,176,73],"product_tag":[],"class_list":{"0":"post-3709","1":"product","2":"type-product","3":"status-publish","4":"has-post-thumbnail","6":"product_cat-muut-ravintolisat-sv","7":"product_cat-hankintatukku-sv","8":"product_cat-lisaravinteet-sv","10":"first","11":"instock","12":"taxable","13":"shipping-taxable","14":"purchasable","15":"product-type-simple"},"acf":[],"_links":{"self":[{"href":"https:\/\/vaasanluonnonravinto.fi\/sv\/wp-json\/wp\/v2\/product\/3709","targetHints":{"allow":["GET"]}}],"collection":[{"href":"https:\/\/vaasanluonnonravinto.fi\/sv\/wp-json\/wp\/v2\/product"}],"about":[{"href":"https:\/\/vaasanluonnonravinto.fi\/sv\/wp-json\/wp\/v2\/types\/product"}],"wp:featuredmedia":[{"embeddable":true,"href":"https:\/\/vaasanluonnonravinto.fi\/sv\/wp-json\/wp\/v2\/media\/1460"}],"wp:attachment":[{"href":"https:\/\/vaasanluonnonravinto.fi\/sv\/wp-json\/wp\/v2\/media?parent=3709"}],"wp:term":[{"taxonomy":"product_brand","embeddable":true,"href":"https:\/\/vaasanluonnonravinto.fi\/sv\/wp-json\/wp\/v2\/product_brand?post=3709"},{"taxonomy":"product_cat","embeddable":true,"href":"https:\/\/vaasanluonnonravinto.fi\/sv\/wp-json\/wp\/v2\/product_cat?post=3709"},{"taxonomy":"product_tag","embeddable":true,"href":"https:\/\/vaasanluonnonravinto.fi\/sv\/wp-json\/wp\/v2\/product_tag?post=3709"}],"curies":[{"name":"wp","href":"https:\/\/api.w.org\/{rel}","templated":true}]}}