{"id":3701,"date":"2019-03-19T14:57:47","date_gmt":"2019-03-19T12:57:47","guid":{"rendered":"https:\/\/vaasanluonnonravinto.fi\/?post_type=product&#038;p=3701"},"modified":"2024-08-31T15:16:30","modified_gmt":"2024-08-31T12:16:30","slug":"pycnogenol-geeli-strong-1","status":"publish","type":"product","link":"https:\/\/vaasanluonnonravinto.fi\/sv\/tuote\/pycnogenol-geeli-strong-1\/","title":{"rendered":"Pycnogenol\u00ae Geeli Strong 1 %"},"content":{"rendered":"<h4 class=\"meta-title\">Ainesosat<\/h4>\n<p>Aqua, Glycerin, Butylene glycol, Triethanolamine, Ammonium Acryloyldimethyltaurate\/VP Copolymer, Pinus pinaster bark extract, Phenoxyethanol, Gluconolactone, Sorbitan caprylate, Benzyl Alcohol, Sodium benzoate, Benzoic acid, Carbomer<\/p>\n<p>&nbsp;<\/p>\n<h4 class=\"meta-title\">K\u00e4ytt\u00f6ohje<\/h4>\n<p>Sivell\u00e4\u00e4n ohuelti ongelmakohtiin 1-2 kertaa p\u00e4iv\u00e4ss\u00e4.<\/p>\n<p>S\u00e4ilyy avattuna 12 kuukautta<\/p>\n<p>&nbsp;<\/p>\n<h4 class=\"meta-title\">Pakkauskoko<\/h4>\n<p>50 ml<\/p>\n<p>&nbsp;<\/p>\n<h4 class=\"meta-title\">Fysiologiset vaikutukset<\/h4>\n<ul>\n<li>Vahva Pycnogenol<sup>\u00ae<\/sup>\u00a0Geeli Strong 1 % sis\u00e4lt\u00e4\u00e4 tehoaineena Pycnogenol-rannikkom\u00e4nnyn kuoriuutetta, joka uudistaa tehokkaasti ihon kollageenia ja est\u00e4\u00e4 kollageenin haurastumista.<\/li>\n<li>Nopeuttaa my\u00f6s ihon kuntoutumista. Palauttaa ihon joustavuuden sek\u00e4 luonnollisen kollageenitasapainon. Suojaa ihoa ennenaikaiselta vanhenemiselta.<\/li>\n<li>Antioksidanttinen vaikutus: neutraloi vapaaradikaaleja, auttaa C-vitamiinia s\u00e4ilytt\u00e4m\u00e4\u00e4n aktiivisuutensa, vahvistaa ihon kollageenia ja elastiinia.<\/li>\n<li>Ei sis\u00e4ll\u00e4 parabeeneja, hajusteita eik\u00e4 v\u00e4riaineita.<\/li>\n<li>Ei sis\u00e4ll\u00e4 UV-suojakerrointa eik\u00e4 siten est\u00e4 auringon p\u00e4\u00e4sy\u00e4 iholle.<\/li>\n<li>Pycnogenol<sup>\u00ae<\/sup>\u00a0Geeli Strong 1 % soveltuu s\u00e4\u00e4nn\u00f6lliseen tai kuuriluonteiseen k\u00e4ytt\u00f6\u00f6n.<\/li>\n<\/ul>\n","protected":false},"excerpt":{"rendered":"<h4>Rannikkom\u00e4nnyn kuoriuutegeeli<\/h4>\n<ul>\n<li>Uudistaa ihon kollageenia ja elastiinia ja est\u00e4\u00e4 kollageenin haurastumista<\/li>\n<\/ul>\n","protected":false},"featured_media":1825,"template":"","meta":{"_acf_changed":false},"product_brand":[],"product_cat":[176,75],"product_tag":[],"class_list":{"0":"post-3701","1":"product","2":"type-product","3":"status-publish","4":"has-post-thumbnail","6":"product_cat-hankintatukku-sv","7":"product_cat-luontaiskosmetiikka-sv","9":"first","10":"instock","11":"taxable","12":"shipping-taxable","13":"purchasable","14":"product-type-simple"},"acf":[],"_links":{"self":[{"href":"https:\/\/vaasanluonnonravinto.fi\/sv\/wp-json\/wp\/v2\/product\/3701","targetHints":{"allow":["GET"]}}],"collection":[{"href":"https:\/\/vaasanluonnonravinto.fi\/sv\/wp-json\/wp\/v2\/product"}],"about":[{"href":"https:\/\/vaasanluonnonravinto.fi\/sv\/wp-json\/wp\/v2\/types\/product"}],"wp:featuredmedia":[{"embeddable":true,"href":"https:\/\/vaasanluonnonravinto.fi\/sv\/wp-json\/wp\/v2\/media\/1825"}],"wp:attachment":[{"href":"https:\/\/vaasanluonnonravinto.fi\/sv\/wp-json\/wp\/v2\/media?parent=3701"}],"wp:term":[{"taxonomy":"product_brand","embeddable":true,"href":"https:\/\/vaasanluonnonravinto.fi\/sv\/wp-json\/wp\/v2\/product_brand?post=3701"},{"taxonomy":"product_cat","embeddable":true,"href":"https:\/\/vaasanluonnonravinto.fi\/sv\/wp-json\/wp\/v2\/product_cat?post=3701"},{"taxonomy":"product_tag","embeddable":true,"href":"https:\/\/vaasanluonnonravinto.fi\/sv\/wp-json\/wp\/v2\/product_tag?post=3701"}],"curies":[{"name":"wp","href":"https:\/\/api.w.org\/{rel}","templated":true}]}}