{"id":3697,"date":"2019-03-20T12:14:23","date_gmt":"2019-03-20T10:14:23","guid":{"rendered":"https:\/\/vaasanluonnonravinto.fi\/?post_type=product&#038;p=3697"},"modified":"2023-03-23T12:41:05","modified_gmt":"2023-03-23T10:41:05","slug":"great-earth-super-zink-25-mg","status":"publish","type":"product","link":"https:\/\/vaasanluonnonravinto.fi\/sv\/tuote\/great-earth-super-zink-25-mg\/","title":{"rendered":"Great Earth Super Zink 25 mg"},"content":{"rendered":"<h4>Pakkauskoko<\/h4>\n<p>100 tablettia<\/p>\n","protected":false},"excerpt":{"rendered":"<p>Great Earth Super Zink 25mg on sinkkilis\u00e4, jossa on erityinen Portamins-kuljetusj\u00e4rjestelm\u00e4 optimaalisen kehoon imeytymisen saavuttamiseksi.<\/p>\n<p>&nbsp;<\/p>\n<p>Super Zink -ravintolis\u00e4n ainutlaatuinen koostumus on tutkittu Portamins-kuljetusj\u00e4rjestelm\u00e4n avulla sen varmistamiseksi ett\u00e4 kivenn\u00e4isaineet imeytyv\u00e4t optimaallisesti ruuansulatuskanavassa. Portamins-kuljetusj\u00e4rjestelm\u00e4 koostuu helposti liukenevista ja imeytyvist\u00e4 kivenn\u00e4isaineyhdisteist\u00e4, kuten glysinaattikelaatista, sitraatista, glukonaatista, aspartaatista, askorbaatista, malaatista ja pikolinaatista. Sinkki on ehdottomasti t\u00e4rkeimpi\u00e4 kivenn\u00e4isaineita, ja se vaikuttaa moniin kehon kemiallisiin prosesseihin.<\/p>\n<p>&nbsp;<\/p>\n<p>Sinkki vaikuttaa normaaliin happo-em\u00e4stasapainoon, DNA-synteesiin, proteiinisynteesiin ja rasva-aineenvaihduntaan. Sinkki edist\u00e4\u00e4 immunij\u00e4rjestelm\u00e4n normaalia toimintaa, normaalia hedelm\u00e4llisyytt\u00e4, lis\u00e4\u00e4ntymist\u00e4 ja kognitiivisia toimintoja. Sinkki vaikuttaa hiusten ja ihon kuntoon sek\u00e4 n\u00e4k\u00f6kykyyn. Super Zinc -tabletit, 25 mg, sis\u00e4lt\u00e4v\u00e4t my\u00f6s kurkumauutetta ja aktiivista kurkumiinia.<\/p>\n","protected":false},"featured_media":2535,"template":"","meta":{"_acf_changed":false,"rs_blank_template":"","rs_page_bg_color":"","slide_template_v7":""},"product_brand":[],"product_cat":[90,73,76],"product_tag":[],"class_list":{"0":"post-3697","1":"product","2":"type-product","3":"status-publish","4":"has-post-thumbnail","6":"product_cat-great-earth-sv","7":"product_cat-lisaravinteet-sv","8":"product_cat-kivennaisvalmisteet-sv","10":"first","11":"instock","12":"taxable","13":"shipping-taxable","14":"purchasable","15":"product-type-simple"},"acf":[],"_links":{"self":[{"href":"https:\/\/vaasanluonnonravinto.fi\/sv\/wp-json\/wp\/v2\/product\/3697","targetHints":{"allow":["GET"]}}],"collection":[{"href":"https:\/\/vaasanluonnonravinto.fi\/sv\/wp-json\/wp\/v2\/product"}],"about":[{"href":"https:\/\/vaasanluonnonravinto.fi\/sv\/wp-json\/wp\/v2\/types\/product"}],"wp:featuredmedia":[{"embeddable":true,"href":"https:\/\/vaasanluonnonravinto.fi\/sv\/wp-json\/wp\/v2\/media\/2535"}],"wp:attachment":[{"href":"https:\/\/vaasanluonnonravinto.fi\/sv\/wp-json\/wp\/v2\/media?parent=3697"}],"wp:term":[{"taxonomy":"product_brand","embeddable":true,"href":"https:\/\/vaasanluonnonravinto.fi\/sv\/wp-json\/wp\/v2\/product_brand?post=3697"},{"taxonomy":"product_cat","embeddable":true,"href":"https:\/\/vaasanluonnonravinto.fi\/sv\/wp-json\/wp\/v2\/product_cat?post=3697"},{"taxonomy":"product_tag","embeddable":true,"href":"https:\/\/vaasanluonnonravinto.fi\/sv\/wp-json\/wp\/v2\/product_tag?post=3697"}],"curies":[{"name":"wp","href":"https:\/\/api.w.org\/{rel}","templated":true}]}}