{"id":3694,"date":"2019-03-20T12:43:10","date_gmt":"2019-03-20T10:43:10","guid":{"rendered":"https:\/\/vaasanluonnonravinto.fi\/?post_type=product&#038;p=3694"},"modified":"2026-02-09T15:25:57","modified_gmt":"2026-02-09T13:25:57","slug":"great-earth-biocell-collagen","status":"publish","type":"product","link":"https:\/\/vaasanluonnonravinto.fi\/sv\/tuote\/great-earth-biocell-collagen\/","title":{"rendered":"Great Earth Biocell Collagen"},"content":{"rendered":"<h4>Annostus<\/h4>\n<p>&nbsp;<\/p>\n<p>2 kapselia p\u00e4iv\u00e4ss\u00e4 aterian yhteydess\u00e4<\/p>\n<p>&nbsp;<\/p>\n<h4>Ainesosat<\/h4>\n<p>&nbsp;<\/p>\n<p>BioCell Collagen II \u00ae (hydrolysoitu tyypin II kollageeni, kondroitiini, hyaluronihappo), riisijauhe, paakkuuntumisenestoaine (rasvahappojen magnesiumsuolat), kapseli (liivate, naudasta).<\/p>\n","protected":false},"excerpt":{"rendered":"<p>Great Earthin laadukas BioCell Collagen II \u00ae + Hyaluronsyra on tehokkaasti niveli\u00e4 hoitava tyypin II kollageeni, jonka tehosteeksi lis\u00e4tty hyalyronihappo.<\/p>\n","protected":false},"featured_media":1840,"template":"","meta":{"_acf_changed":false},"product_brand":[],"product_cat":[78,90,73],"product_tag":[],"class_list":{"0":"post-3694","1":"product","2":"type-product","3":"status-publish","4":"has-post-thumbnail","6":"product_cat-muut-ravintolisat-sv","7":"product_cat-great-earth-sv","8":"product_cat-lisaravinteet-sv","10":"first","11":"instock","12":"taxable","13":"shipping-taxable","14":"purchasable","15":"product-type-simple"},"acf":[],"_links":{"self":[{"href":"https:\/\/vaasanluonnonravinto.fi\/sv\/wp-json\/wp\/v2\/product\/3694","targetHints":{"allow":["GET"]}}],"collection":[{"href":"https:\/\/vaasanluonnonravinto.fi\/sv\/wp-json\/wp\/v2\/product"}],"about":[{"href":"https:\/\/vaasanluonnonravinto.fi\/sv\/wp-json\/wp\/v2\/types\/product"}],"wp:featuredmedia":[{"embeddable":true,"href":"https:\/\/vaasanluonnonravinto.fi\/sv\/wp-json\/wp\/v2\/media\/1840"}],"wp:attachment":[{"href":"https:\/\/vaasanluonnonravinto.fi\/sv\/wp-json\/wp\/v2\/media?parent=3694"}],"wp:term":[{"taxonomy":"product_brand","embeddable":true,"href":"https:\/\/vaasanluonnonravinto.fi\/sv\/wp-json\/wp\/v2\/product_brand?post=3694"},{"taxonomy":"product_cat","embeddable":true,"href":"https:\/\/vaasanluonnonravinto.fi\/sv\/wp-json\/wp\/v2\/product_cat?post=3694"},{"taxonomy":"product_tag","embeddable":true,"href":"https:\/\/vaasanluonnonravinto.fi\/sv\/wp-json\/wp\/v2\/product_tag?post=3694"}],"curies":[{"name":"wp","href":"https:\/\/api.w.org\/{rel}","templated":true}]}}