{"id":3693,"date":"2019-03-20T12:46:18","date_gmt":"2019-03-20T10:46:18","guid":{"rendered":"https:\/\/vaasanluonnonravinto.fi\/?post_type=product&#038;p=3693"},"modified":"2025-06-09T14:16:53","modified_gmt":"2025-06-09T11:16:53","slug":"great-earth-super-c-complex-500-time-release","status":"publish","type":"product","link":"https:\/\/vaasanluonnonravinto.fi\/sv\/tuote\/great-earth-super-c-complex-500-time-release\/","title":{"rendered":"Great Earth  C-vitamin Complex 500 Time Release"},"content":{"rendered":"<h4>Annostus<\/h4>\n<p>1 Tabletti aterian yhteydess\u00e4.<\/p>\n<p>&nbsp;<\/p>\n<h4>Pakkauskoko<\/h4>\n<p>60tabl<\/p>\n","protected":false},"excerpt":{"rendered":"<p>Super C Complex sis\u00e4lt\u00e4\u00e4 puskuroitua C-vitamiinia (kalsiumpolyaskorbaattia), askorbiinihappoa ja askorbyylipalmitaattia. Super C Super C Complex -ravintolis\u00e4n sis\u00e4lt\u00e4m\u00e4t sitrusbioflavonoidit ovat yhdistelm\u00e4 appelsiinia, sitruunaa, lime\u00e4, greippi\u00e4 ja tangeriinia. Tuotteessa on mukana my\u00f6s hesperidiini\u00e4, rutiinia ja kversetiini\u00e4.<\/p>\n<p>&nbsp;<\/p>\n<p>C-vitamiini edist\u00e4\u00e4 immuunij\u00e4rjestelm\u00e4n normaalia toimintaa, suojaa soluja oksidatiiviselta stressilt\u00e4, edist\u00e4\u00e4 kollageenin muodostumista ja vaikuttaa luuston hyvinvointiin. PreOxy-koostumus suojaa C-vitamiinia hapettumiselta ja vaikuttaa vitamiinin tasaiseen toimintaan. Super C Complex on depottabletti, joka liukenee pitk\u00e4vaikutteisesti asteittain kahdeksan tunnin ajan.<\/p>\n","protected":false},"featured_media":1843,"template":"","meta":{"_acf_changed":false,"rs_blank_template":"","rs_page_bg_color":"","slide_template_v7":""},"product_brand":[],"product_cat":[90,73,77],"product_tag":[],"class_list":{"0":"post-3693","1":"product","2":"type-product","3":"status-publish","4":"has-post-thumbnail","6":"product_cat-great-earth-sv","7":"product_cat-lisaravinteet-sv","8":"product_cat-vitamiinit-sv","10":"first","11":"instock","12":"taxable","13":"shipping-taxable","14":"purchasable","15":"product-type-simple"},"acf":[],"_links":{"self":[{"href":"https:\/\/vaasanluonnonravinto.fi\/sv\/wp-json\/wp\/v2\/product\/3693","targetHints":{"allow":["GET"]}}],"collection":[{"href":"https:\/\/vaasanluonnonravinto.fi\/sv\/wp-json\/wp\/v2\/product"}],"about":[{"href":"https:\/\/vaasanluonnonravinto.fi\/sv\/wp-json\/wp\/v2\/types\/product"}],"wp:featuredmedia":[{"embeddable":true,"href":"https:\/\/vaasanluonnonravinto.fi\/sv\/wp-json\/wp\/v2\/media\/1843"}],"wp:attachment":[{"href":"https:\/\/vaasanluonnonravinto.fi\/sv\/wp-json\/wp\/v2\/media?parent=3693"}],"wp:term":[{"taxonomy":"product_brand","embeddable":true,"href":"https:\/\/vaasanluonnonravinto.fi\/sv\/wp-json\/wp\/v2\/product_brand?post=3693"},{"taxonomy":"product_cat","embeddable":true,"href":"https:\/\/vaasanluonnonravinto.fi\/sv\/wp-json\/wp\/v2\/product_cat?post=3693"},{"taxonomy":"product_tag","embeddable":true,"href":"https:\/\/vaasanluonnonravinto.fi\/sv\/wp-json\/wp\/v2\/product_tag?post=3693"}],"curies":[{"name":"wp","href":"https:\/\/api.w.org\/{rel}","templated":true}]}}